{"id":841,"date":"2022-09-29T13:53:14","date_gmt":"2022-09-29T11:53:14","guid":{"rendered":"https:\/\/willet50.com\/?page_id=841"},"modified":"2022-10-24T19:53:42","modified_gmt":"2022-10-24T17:53:42","slug":"privacy-policy","status":"publish","type":"page","link":"https:\/\/willet50.com\/en\/privacy-policy\/","title":{"rendered":"Privacy policy"},"content":{"rendered":"<p>[et_pb_section fb_built=&#8221;1&#8243; module_class=&#8221;slider-inner&#8221; _builder_version=&#8221;4.18.0&#8243; _module_preset=&#8221;default&#8221; custom_padding=&#8221;0px||0px||false|false&#8221; locked=&#8221;off&#8221; global_colors_info=&#8221;{}&#8221;][et_pb_row _builder_version=&#8221;4.18.0&#8243; _module_preset=&#8221;default&#8221; width=&#8221;100%&#8221; max_width=&#8221;100%&#8221; custom_padding=&#8221;0px||0px||false|false&#8221; global_colors_info=&#8221;{}&#8221;][et_pb_column type=&#8221;4_4&#8243; _builder_version=&#8221;4.18.0&#8243; _module_preset=&#8221;default&#8221; global_colors_info=&#8221;{}&#8221;][et_pb_slider admin_label=&#8221;Carrusel EN&#8221; module_class=&#8221;home-slider&#8221; _builder_version=&#8221;4.18.0&#8243; _module_preset=&#8221;default&#8221; auto=&#8221;on&#8221; hover_enabled=&#8221;0&#8243; saved_tabs=&#8221;all&#8221; global_colors_info=&#8221;{}&#8221; sticky_enabled=&#8221;0&#8243; global_module=&#8221;854&#8243; locked=&#8221;off&#8221;][et_pb_slide heading=&#8221;SPECIALISTS IN THE APPLICATION OF ACID ZINC AND ACID ZINC-NICKEL&#8221; button_text=&#8221;SERVICES&#8221; button_link=&#8221;https:\/\/willet50.com\/en\/services\/&#8221; _builder_version=&#8221;4.18.0&#8243; _module_preset=&#8221;default&#8221; background_enable_color=&#8221;off&#8221; background_image=&#8221;https:\/\/willet50.com\/wp-content\/uploads\/2022\/09\/slider_1.jpg&#8221; background_enable_image=&#8221;on&#8221; global_colors_info=&#8221;{}&#8221; sticky_transition=&#8221;on&#8221; locked=&#8221;off&#8221;]<\/p>\n<p>We have an exclusive production line, specially designed for cast parts, unique in the area.<\/p>\n<p>[\/et_pb_slide][et_pb_slide heading=&#8221;CHEMICAL, CATHODIC AND ANODIC-ELECTROLYTIC DEGREASING&#8221; button_text=&#8221;SERVICES&#8221; button_link=&#8221;https:\/\/willet50.com\/en\/services\/&#8221; _builder_version=&#8221;4.18.0&#8243; _module_preset=&#8221;default&#8221; background_enable_color=&#8221;off&#8221; background_image=&#8221;https:\/\/willet50.com\/wp-content\/uploads\/2022\/09\/slider_2.jpg&#8221; background_enable_image=&#8221;on&#8221; global_colors_info=&#8221;{}&#8221; sticky_transition=&#8221;on&#8221; locked=&#8221;off&#8221;]<\/p>\n<p>We offer special techniques for the removal of oil and grease residues from previous manufacturing processes.<\/p>\n<p>[\/et_pb_slide][et_pb_slide heading=&#8221;PICKLING OF SCALE, IMPURITIES AND RUST FROM THE PARTS&#8221; button_text=&#8221;SERVICES&#8221; button_link=&#8221;https:\/\/willet50.com\/en\/services\/&#8221; _builder_version=&#8221;4.18.0&#8243; _module_preset=&#8221;default&#8221; background_enable_color=&#8221;off&#8221; background_image=&#8221;https:\/\/willet50.com\/wp-content\/uploads\/2022\/09\/slider_3.jpg&#8221; background_enable_image=&#8221;on&#8221; global_colors_info=&#8221;{}&#8221; sticky_transition=&#8221;on&#8221; locked=&#8221;off&#8221;]<\/p>\n<p>We remove dirt and activate the surfaces of the workpieces for subsequent zinc plating.<\/p>\n<p>[\/et_pb_slide][et_pb_slide heading=&#8221;ISO 9001 AND 14001 CERTIFICATES&#8221; button_text=&#8221;COMPANY&#8221; button_link=&#8221;https:\/\/willet50.com\/en\/company\/&#8221; _builder_version=&#8221;4.18.0&#8243; _module_preset=&#8221;default&#8221; background_enable_color=&#8221;off&#8221; background_image=&#8221;https:\/\/willet50.com\/wp-content\/uploads\/2022\/09\/slider_4.jpg&#8221; background_enable_image=&#8221;on&#8221; global_colors_info=&#8221;{}&#8221; sticky_transition=&#8221;on&#8221; locked=&#8221;off&#8221;]<\/p>\n<p>We rigorously comply with all quality and environmental standards.<\/p>\n<div class=\"img-wrap\"><img loading=\"lazy\" decoding=\"async\" class=\"wp-image-366 alignright size-full\" src=\"https:\/\/willet50.com\/wp-content\/uploads\/2022\/10\/iso9001.png\" alt=\"\" width=\"100\" height=\"100\" \/> <img loading=\"lazy\" decoding=\"async\" class=\"wp-image-370 alignnone size-medium\" src=\"https:\/\/willet50.com\/wp-content\/uploads\/2022\/10\/iso14001.png\" alt=\"\" width=\"100\" height=\"100\" \/><\/div>\n<p>[\/et_pb_slide][\/et_pb_slider][\/et_pb_column][\/et_pb_row][\/et_pb_section][et_pb_section fb_built=&#8221;1&#8243; _builder_version=&#8221;4.18.0&#8243; _module_preset=&#8221;default&#8221; locked=&#8221;off&#8221; global_colors_info=&#8221;{}&#8221;][et_pb_row _builder_version=&#8221;4.18.0&#8243; _module_preset=&#8221;default&#8221; global_colors_info=&#8221;{}&#8221;][et_pb_column type=&#8221;4_4&#8243; _builder_version=&#8221;4.18.0&#8243; _module_preset=&#8221;default&#8221; global_colors_info=&#8221;{}&#8221;][et_pb_text module_class=&#8221;legal&#8221; _builder_version=&#8221;4.18.0&#8243; _module_preset=&#8221;default&#8221; global_colors_info=&#8221;{}&#8221;]<\/p>\n<h1>PRIVACY POLICY<\/h1>\n<h2>INFORMATION ON THE PROCESSING OF PERSONAL DATA<\/h2>\n<h3>Who is responsible for your data?<\/h3>\n<p>In accordance with the provisions of Organic Law 3\/2018, of 5 December, on the Protection of Personal Data and guarantee of digital rights (LOPD) and the General Data Protection Regulation (RGPD) of 27 April 2016, we inform you that the personal data provided will be processed by WILLET CINCUENTA, S.L. with Tax Identification Code B-83432930 and address at Gudarien Etorbidea, 31 &#8211; 20140 ANDOAIN (Gipuzkoa).<\/p>\n<h3>What are your rights when you provide us with your data?<\/h3>\n<p>Any person has the right to request access, rectification, erasure, limitation of processing, opposition or the right to portability of their personal data, by writing to us at our office address, or by sending an e-mail to x.korta@willet50.net, indicating the right they wish to exercise.<\/p>\n<p>You also have the right to withdraw your consent at any time. Withdrawal of consent shall not affect the lawfulness of the processing carried out prior to the withdrawal of such consent.<\/p>\n<p>You have the right to lodge a complaint with the supervisory authority if you believe that your rights concerning the protection of your personal data may have been infringed.<\/p>\n<h2>CUSTOMERS<\/h2>\n<h3>\u00a0For what purposes do we process your personal data?<\/h3>\n<p>The data provided by you are necessary to be able to provide you with all the guarantees of the service requested, and will be processed for the following purposes: administrative, accounting and tax management, management of commercial relations and economic transactions, marketing and advertising activities in general.<\/p>\n<h3>How long will we keep your data?<\/h3>\n<p>The personal data provided will be retained until the end of the contractual relationship and thereafter for the legally required periods.<\/p>\n<h3>What is the legitimacy for the processing of your data?<\/h3>\n<p>The legal basis for the processing of your data is the execution of the contract concluded with us.<\/p>\n<h3>To which recipients will your data be communicated?<\/h3>\n<p>In order to fulfil the intended purpose, your data may be communicated to: Tax Administration; Banks, savings banks and rural banks; Public Administration with competence in the matter; Transport companies.<\/p>\n<h2>CONTACTS<\/h2>\n<h3>For what purposes do we process your personal data?<\/h3>\n<p>The data provided by you are necessary in order to be able to provide you with all the guarantees of the service requested, and will be processed for the following purposes: Management of communications and sending of advertising and commercial prospecting.<\/p>\n<h3>How long will we keep your data?<\/h3>\n<p>The personal data provided will be kept for as long as it is foreseen that it may be necessary to contact the data subject.<\/p>\n<h3>What is the legitimacy for the processing of your data?<\/h3>\n<p>The legal basis for the processing of your data is the consent of the data subject by providing your contact details.<\/p>\n<h3>To which recipients will your data be communicated?<\/h3>\n<p>Your data will not be passed on to third parties unless legally obliged to do so.<\/p>\n<p>[\/et_pb_text][\/et_pb_column][\/et_pb_row][\/et_pb_section]<\/p>\n","protected":false},"excerpt":{"rendered":"<p>We have an exclusive production line, specially designed for cast parts, unique in the area.We offer special techniques for the removal of oil and grease residues from previous manufacturing processes.We remove dirt and activate the surfaces of the workpieces for subsequent zinc plating.We rigorously comply with all quality and environmental standards. PRIVACY POLICY INFORMATION ON [&hellip;]<\/p>\n","protected":false},"author":1,"featured_media":0,"parent":0,"menu_order":110,"comment_status":"closed","ping_status":"closed","template":"","meta":{"_et_pb_use_builder":"on","_et_pb_old_content":"<p>[et_pb_section fb_built=\"1\" module_class=\"slider-inner\" _builder_version=\"4.18.0\" _module_preset=\"default\" custom_padding=\"0px||0px||false|false\" locked=\"off\" global_colors_info=\"{}\" theme_builder_area=\"post_content\"][et_pb_row _builder_version=\"4.18.0\" _module_preset=\"default\" width=\"100%\" max_width=\"100%\" custom_padding=\"0px||0px||false|false\" global_colors_info=\"{}\" theme_builder_area=\"post_content\"][et_pb_column type=\"4_4\" _builder_version=\"4.18.0\" _module_preset=\"default\" global_colors_info=\"{}\" theme_builder_area=\"post_content\"][et_pb_slider _builder_version=\"4.18.0\" _module_preset=\"default\" global_colors_info=\"{}\" theme_builder_area=\"post_content\"][et_pb_slide heading=\"ESPECIALISTAS EN LA APLICACI\u00d3N DE ZINC \u00c1CIDO Y ZINC-NIQUEL \u00c1CIDO\" button_text=\"SERVICIOS\" _builder_version=\"4.18.0\" _module_preset=\"default\" background_enable_color=\"off\" background_image=\"https:\/\/willet50.com\/wp-content\/uploads\/2022\/09\/slider_1.jpg\" background_enable_image=\"on\" global_colors_info=\"{}\" sticky_transition=\"on\" theme_builder_area=\"post_content\"]<\/p><p>Disponemos de una exclusiva l\u00ednea de producci\u00f3n, especial para piezas en fundici\u00f3n, \u00fanica en la zona.<\/p><p>[\/et_pb_slide][et_pb_slide heading=\"DESENGRASE QU\u00cdMICO, CAT\u00d3DICO Y ELECTROL\u00cdTICO-AN\u00d3DICO\" button_text=\"SERVICIOS\" _builder_version=\"4.18.0\" _module_preset=\"default\" background_enable_color=\"off\" background_image=\"https:\/\/willet50.com\/wp-content\/uploads\/2022\/09\/slider_2.jpg\" background_enable_image=\"on\" global_colors_info=\"{}\" sticky_transition=\"on\" theme_builder_area=\"post_content\"]<\/p><p>Ofrecemos t\u00e9cnicas especiales para eliminar los residuos de aceites y grasas<br \/>procedentes de procesos de fabricaci\u00f3n anteriores.<\/p><p>[\/et_pb_slide][et_pb_slide heading=\"DECAPADO DE CASCARILLAS, IMPUREZAS Y \u00d3XIDO DE LAS PIEZAS\" button_text=\"SERVICIOS\" _builder_version=\"4.18.0\" _module_preset=\"default\" background_enable_color=\"off\" background_image=\"https:\/\/willet50.com\/wp-content\/uploads\/2022\/09\/slider_3.jpg\" background_enable_image=\"on\" global_colors_info=\"{}\" sticky_transition=\"on\" theme_builder_area=\"post_content\"]<\/p><p>Eliminamos suciedades y activamos las superficies de las piezas para el zincado posterior.<\/p><p>[\/et_pb_slide][et_pb_slide heading=\"CERTIFICADOS ISO 9001 Y 14001\" button_text=\"EMPRESA\" _builder_version=\"4.18.0\" _module_preset=\"default\" background_enable_color=\"off\" background_image=\"https:\/\/willet50.com\/wp-content\/uploads\/2022\/09\/slider_4.jpg\" background_enable_image=\"on\" global_colors_info=\"{}\" sticky_transition=\"on\" theme_builder_area=\"post_content\"]<\/p><p>Cumplimos rigurosamente todos los est\u00e1ndares de calidad y medioambientales.<\/p><p>[\/et_pb_slide][\/et_pb_slider][\/et_pb_column][\/et_pb_row][\/et_pb_section][et_pb_section fb_built=\"1\" _builder_version=\"4.18.0\" _module_preset=\"default\" global_colors_info=\"{}\" locked=\"off\" theme_builder_area=\"post_content\"][et_pb_row _builder_version=\"4.18.0\" _module_preset=\"default\" global_colors_info=\"{}\" theme_builder_area=\"post_content\"][et_pb_column type=\"4_4\" _builder_version=\"4.18.0\" _module_preset=\"default\" global_colors_info=\"{}\" theme_builder_area=\"post_content\"][et_pb_text module_class=\"legal\" _builder_version=\"4.18.0\" _module_preset=\"default\" hover_enabled=\"0\" global_colors_info=\"{}\" theme_builder_area=\"post_content\" sticky_enabled=\"0\"]<\/p><h1>POL\u00cdTICA DE PRIVACIDAD<\/h1><h2>INFORMACION SOBRE EL TRATAMIENTO DE DATOS PERSONALES<\/h2><h3>\u00a0\u00bfQui\u00e9n es el responsable de sus datos?<\/h3><p>De acuerdo con lo establecido por la Ley Org\u00e1nica 3\/2018, de 5 de diciembre, de Protecci\u00f3n de Datos Personales y garant\u00eda de los derechos digitales (LOPD) y el Reglamento General de Protecci\u00f3n de Datos (RGPD) de 27 de Abril de 2016, le informamos que los datos personales aportados ser\u00e1n tratados por WILLET CINCUENTA, S.L. con CIF B-83432930 y domicilio en Gudarien Etorbidea, 31 \u2013 20140 ANDOAIN (Gipuzkoa).<\/p><h3>\u00bfCu\u00e1les son sus derechos cuando nos facilita sus datos?<\/h3><p>Cualquier persona tiene derecho a solicitar el acceso, rectificaci\u00f3n, supresi\u00f3n, limitaci\u00f3n del tratamiento, oposici\u00f3n o derecho a la portabilidad de sus datos personales, escribi\u00e9ndonos a la direcci\u00f3n de nuestras oficinas, o enviando un correo electr\u00f3nico a x.korta@willet50.net, indicando el derecho que desea ejercer.<\/p><p>Tendr\u00e1 derecho igualmente a retirar el consentimiento prestado en cualquier momento. La retirada del consentimiento no afectar\u00e1 a la licitud del tratamiento efectuado antes de la retirada de dicho consentimiento.<\/p><p>Tiene derecho a presentar una reclamaci\u00f3n ante la autoridad de control si considera que pueden haber sido vulnerados sus derechos en lo concerniente a la protecci\u00f3n de sus datos personales.<\/p><h2>CLIENTES<\/h2><h3>\u00a0\u00bfCon qu\u00e9 finalidad tratamos sus datos personales?<\/h3><p>Los datos aportados por usted son necesarios para poder prestarle con todas las garant\u00edas el servicio solicitado, y ser\u00e1n tratados con las siguientes finalidades: Gesti\u00f3n administrativa, contable y fiscal, gesti\u00f3n de las relaciones comerciales y transacciones econ\u00f3micas, acciones de marketing y publicidad en general.<\/p><h3>\u00bfPor cu\u00e1nto tiempo conservaremos sus datos?<\/h3><p>Los datos personales proporcionados se conservar\u00e1n hasta la finalizaci\u00f3n de la relaci\u00f3n contractual y, posteriormente, durante los plazos legalmente exigidos.<\/p><h3>\u00bfCu\u00e1l es la legitimaci\u00f3n para el tratamiento de sus datos?<\/h3><p>La base legal para el tratamiento de sus datos es la ejecuci\u00f3n del contrato suscrito con nosotros.<\/p><h3>\u00bfA qu\u00e9 destinatarios se comunicar\u00e1n sus datos?<\/h3><p>Para cumplir con la finalidad prevista, sus datos podr\u00e1n ser comunicados a: Administraci\u00f3n tributaria; Bancos, cajas de ahorros y cajas rurales; Administraci\u00f3n p\u00fablica con competencia en la materia; Empresas de transporte.<\/p><h2>CONTACTOS<\/h2><h3>\u00bfCon qu\u00e9 finalidad tratamos sus datos personales?<\/h3><p>Los datos aportados por usted son necesarios para poder prestarle con todas las garant\u00edas el servicio solicitado, y ser\u00e1n tratados con las siguientes finalidades: Gesti\u00f3n de las comunicaciones y env\u00edo de publicidad y prospecci\u00f3n comercial.<\/p><h3>\u00bfPor cu\u00e1nto tiempo conservaremos sus datos?<\/h3><p>Los datos personales proporcionados se conservar\u00e1n mientras se prevea que pueden ser necesarios para contactar con el interesado.<\/p><h3>\u00bfCu\u00e1l es la legitimaci\u00f3n para el tratamiento de sus datos?<\/h3><p>La base legal para el tratamiento de sus datos es el consentimiento del interesado al proporcionar sus datos de contacto.<\/p><h3>\u00bfA qu\u00e9 destinatarios se comunicar\u00e1n sus datos?<\/h3><p>Sus datos no se ceder\u00e1n a terceros salvo obligaci\u00f3n legal.<\/p><p>[\/et_pb_text][\/et_pb_column][\/et_pb_row][\/et_pb_section]<\/p>","_et_gb_content_width":"","inline_featured_image":false,"footnotes":""},"class_list":["post-841","page","type-page","status-publish","hentry"],"acf":[],"yoast_head":"<!-- This site is optimized with the Yoast SEO plugin v19.10 - https:\/\/yoast.com\/wordpress\/plugins\/seo\/ -->\n<title>Privacy policy - Willet<\/title>\n<meta name=\"robots\" content=\"index, follow, max-snippet:-1, max-image-preview:large, max-video-preview:-1\" \/>\n<link rel=\"canonical\" href=\"https:\/\/willet50.com\/en\/privacy-policy\/\" \/>\n<meta property=\"og:locale\" content=\"en_US\" \/>\n<meta property=\"og:type\" content=\"article\" \/>\n<meta property=\"og:title\" content=\"Privacy policy - Willet\" \/>\n<meta property=\"og:description\" content=\"We have an exclusive production line, specially designed for cast parts, unique in the area.We offer special techniques for the removal of oil and grease residues from previous manufacturing processes.We remove dirt and activate the surfaces of the workpieces for subsequent zinc plating.We rigorously comply with all quality and environmental standards. The company\u00b4s management policy [&hellip;]\" \/>\n<meta property=\"og:url\" content=\"https:\/\/willet50.com\/en\/privacy-policy\/\" \/>\n<meta property=\"og:site_name\" content=\"Willet\" \/>\n<meta property=\"article:modified_time\" content=\"2022-10-24T17:53:42+00:00\" \/>\n<meta property=\"og:image\" content=\"https:\/\/willet50.com\/wp-content\/uploads\/2022\/10\/iso9001.png\" \/>\n<meta name=\"twitter:card\" content=\"summary_large_image\" \/>\n<meta name=\"twitter:label1\" content=\"Est. reading time\" \/>\n\t<meta name=\"twitter:data1\" content=\"5 minutes\" \/>\n<script type=\"application\/ld+json\" class=\"yoast-schema-graph\">{\"@context\":\"https:\/\/schema.org\",\"@graph\":[{\"@type\":\"WebPage\",\"@id\":\"https:\/\/willet50.com\/en\/privacy-policy\/\",\"url\":\"https:\/\/willet50.com\/en\/privacy-policy\/\",\"name\":\"Privacy policy - Willet\",\"isPartOf\":{\"@id\":\"https:\/\/willet50.com\/#website\"},\"datePublished\":\"2022-09-29T11:53:14+00:00\",\"dateModified\":\"2022-10-24T17:53:42+00:00\",\"breadcrumb\":{\"@id\":\"https:\/\/willet50.com\/en\/privacy-policy\/#breadcrumb\"},\"inLanguage\":\"en-US\",\"potentialAction\":[{\"@type\":\"ReadAction\",\"target\":[\"https:\/\/willet50.com\/en\/privacy-policy\/\"]}]},{\"@type\":\"BreadcrumbList\",\"@id\":\"https:\/\/willet50.com\/en\/privacy-policy\/#breadcrumb\",\"itemListElement\":[{\"@type\":\"ListItem\",\"position\":1,\"name\":\"Portada\",\"item\":\"https:\/\/willet50.com\/en\/\"},{\"@type\":\"ListItem\",\"position\":2,\"name\":\"Privacy policy\"}]},{\"@type\":\"WebSite\",\"@id\":\"https:\/\/willet50.com\/#website\",\"url\":\"https:\/\/willet50.com\/\",\"name\":\"Willet\",\"description\":\"Specialists in the application of Zinc\",\"publisher\":{\"@id\":\"https:\/\/willet50.com\/#organization\"},\"potentialAction\":[{\"@type\":\"SearchAction\",\"target\":{\"@type\":\"EntryPoint\",\"urlTemplate\":\"https:\/\/willet50.com\/?s={search_term_string}\"},\"query-input\":\"required name=search_term_string\"}],\"inLanguage\":\"en-US\"},{\"@type\":\"Organization\",\"@id\":\"https:\/\/willet50.com\/#organization\",\"name\":\"Willet50\",\"url\":\"https:\/\/willet50.com\/\",\"logo\":{\"@type\":\"ImageObject\",\"inLanguage\":\"en-US\",\"@id\":\"https:\/\/willet50.com\/#\/schema\/logo\/image\/\",\"url\":\"https:\/\/willet50.com\/wp-content\/uploads\/2022\/09\/willet.svg\",\"contentUrl\":\"https:\/\/willet50.com\/wp-content\/uploads\/2022\/09\/willet.svg\",\"width\":\"1024\",\"height\":\"1024\",\"caption\":\"Willet50\"},\"image\":{\"@id\":\"https:\/\/willet50.com\/#\/schema\/logo\/image\/\"}}]}<\/script>\n<!-- \/ Yoast SEO plugin. -->","yoast_head_json":{"title":"Privacy policy - Willet","robots":{"index":"index","follow":"follow","max-snippet":"max-snippet:-1","max-image-preview":"max-image-preview:large","max-video-preview":"max-video-preview:-1"},"canonical":"https:\/\/willet50.com\/en\/privacy-policy\/","og_locale":"en_US","og_type":"article","og_title":"Privacy policy - Willet","og_description":"We have an exclusive production line, specially designed for cast parts, unique in the area.We offer special techniques for the removal of oil and grease residues from previous manufacturing processes.We remove dirt and activate the surfaces of the workpieces for subsequent zinc plating.We rigorously comply with all quality and environmental standards. The company\u00b4s management policy [&hellip;]","og_url":"https:\/\/willet50.com\/en\/privacy-policy\/","og_site_name":"Willet","article_modified_time":"2022-10-24T17:53:42+00:00","og_image":[{"url":"https:\/\/willet50.com\/wp-content\/uploads\/2022\/10\/iso9001.png"}],"twitter_card":"summary_large_image","twitter_misc":{"Est. reading time":"5 minutes"},"schema":{"@context":"https:\/\/schema.org","@graph":[{"@type":"WebPage","@id":"https:\/\/willet50.com\/en\/privacy-policy\/","url":"https:\/\/willet50.com\/en\/privacy-policy\/","name":"Privacy policy - Willet","isPartOf":{"@id":"https:\/\/willet50.com\/#website"},"datePublished":"2022-09-29T11:53:14+00:00","dateModified":"2022-10-24T17:53:42+00:00","breadcrumb":{"@id":"https:\/\/willet50.com\/en\/privacy-policy\/#breadcrumb"},"inLanguage":"en-US","potentialAction":[{"@type":"ReadAction","target":["https:\/\/willet50.com\/en\/privacy-policy\/"]}]},{"@type":"BreadcrumbList","@id":"https:\/\/willet50.com\/en\/privacy-policy\/#breadcrumb","itemListElement":[{"@type":"ListItem","position":1,"name":"Portada","item":"https:\/\/willet50.com\/en\/"},{"@type":"ListItem","position":2,"name":"Privacy policy"}]},{"@type":"WebSite","@id":"https:\/\/willet50.com\/#website","url":"https:\/\/willet50.com\/","name":"Willet","description":"Specialists in the application of Zinc","publisher":{"@id":"https:\/\/willet50.com\/#organization"},"potentialAction":[{"@type":"SearchAction","target":{"@type":"EntryPoint","urlTemplate":"https:\/\/willet50.com\/?s={search_term_string}"},"query-input":"required name=search_term_string"}],"inLanguage":"en-US"},{"@type":"Organization","@id":"https:\/\/willet50.com\/#organization","name":"Willet50","url":"https:\/\/willet50.com\/","logo":{"@type":"ImageObject","inLanguage":"en-US","@id":"https:\/\/willet50.com\/#\/schema\/logo\/image\/","url":"https:\/\/willet50.com\/wp-content\/uploads\/2022\/09\/willet.svg","contentUrl":"https:\/\/willet50.com\/wp-content\/uploads\/2022\/09\/willet.svg","width":"1024","height":"1024","caption":"Willet50"},"image":{"@id":"https:\/\/willet50.com\/#\/schema\/logo\/image\/"}}]}},"_links":{"self":[{"href":"https:\/\/willet50.com\/en\/wp-json\/wp\/v2\/pages\/841","targetHints":{"allow":["GET"]}}],"collection":[{"href":"https:\/\/willet50.com\/en\/wp-json\/wp\/v2\/pages"}],"about":[{"href":"https:\/\/willet50.com\/en\/wp-json\/wp\/v2\/types\/page"}],"author":[{"embeddable":true,"href":"https:\/\/willet50.com\/en\/wp-json\/wp\/v2\/users\/1"}],"replies":[{"embeddable":true,"href":"https:\/\/willet50.com\/en\/wp-json\/wp\/v2\/comments?post=841"}],"version-history":[{"count":6,"href":"https:\/\/willet50.com\/en\/wp-json\/wp\/v2\/pages\/841\/revisions"}],"predecessor-version":[{"id":865,"href":"https:\/\/willet50.com\/en\/wp-json\/wp\/v2\/pages\/841\/revisions\/865"}],"wp:attachment":[{"href":"https:\/\/willet50.com\/en\/wp-json\/wp\/v2\/media?parent=841"}],"curies":[{"name":"wp","href":"https:\/\/api.w.org\/{rel}","templated":true}]}}