{"id":732,"date":"2022-09-29T09:18:48","date_gmt":"2022-09-29T07:18:48","guid":{"rendered":"https:\/\/willet50.com\/?page_id=732"},"modified":"2022-10-24T19:12:39","modified_gmt":"2022-10-24T17:12:39","slug":"bloga","status":"publish","type":"page","link":"https:\/\/willet50.com\/eu\/bloga\/","title":{"rendered":"Bloga"},"content":{"rendered":"<p>[et_pb_section fb_built=&#8221;1&#8243; module_class=&#8221;slider-inner&#8221; _builder_version=&#8221;4.18.0&#8243; _module_preset=&#8221;default&#8221; custom_padding=&#8221;0px||0px||false|false&#8221; locked=&#8221;off&#8221; global_colors_info=&#8221;{}&#8221;][et_pb_row _builder_version=&#8221;4.18.0&#8243; _module_preset=&#8221;default&#8221; width=&#8221;100%&#8221; max_width=&#8221;100%&#8221; custom_padding=&#8221;0px||0px||false|false&#8221; global_colors_info=&#8221;{}&#8221;][et_pb_column type=&#8221;4_4&#8243; _builder_version=&#8221;4.18.0&#8243; _module_preset=&#8221;default&#8221; global_colors_info=&#8221;{}&#8221;][et_pb_slider admin_label=&#8221;Carrusel EUS&#8221; module_class=&#8221;home-slider&#8221; _builder_version=&#8221;4.18.0&#8243; _module_preset=&#8221;default&#8221; auto=&#8221;on&#8221; hover_enabled=&#8221;0&#8243; saved_tabs=&#8221;all&#8221; global_colors_info=&#8221;{}&#8221; sticky_enabled=&#8221;0&#8243; global_module=&#8221;774&#8243; locked=&#8221;off&#8221;][et_pb_slide heading=&#8221;ZINK GARRATZA ETA ZINK-NIKEL GARRATZA HEDATZEN ADITUAK&#8221; button_text=&#8221;ZERBITZUAK&#8221; button_link=&#8221;https:\/\/willet50.com\/eu\/zerbitzuak\/&#8221; _builder_version=&#8221;4.18.0&#8243; _module_preset=&#8221;default&#8221; background_enable_color=&#8221;off&#8221; background_image=&#8221;https:\/\/willet50.com\/wp-content\/uploads\/2022\/09\/slider_1.jpg&#8221; background_enable_image=&#8221;on&#8221; global_colors_info=&#8221;{}&#8221; sticky_transition=&#8221;on&#8221; locked=&#8221;off&#8221;]<\/p>\n<p>Ekoizpen-lerro esklusiboa daukagu, galdatzeko piezentzako berezia eta bakarra inguruetan.<\/p>\n<p>[\/et_pb_slide][et_pb_slide heading=&#8221;KOIPEGABETZE KIMIKOA, KATODIKOA ETA ANODO-ELEKTROLITIKOA&#8221; button_text=&#8221;ZERBITZUAK&#8221; button_link=&#8221;https:\/\/willet50.com\/eu\/zerbitzuak\/&#8221; _builder_version=&#8221;4.18.0&#8243; _module_preset=&#8221;default&#8221; background_enable_color=&#8221;off&#8221; background_image=&#8221;https:\/\/willet50.com\/wp-content\/uploads\/2022\/09\/slider_2.jpg&#8221; background_enable_image=&#8221;on&#8221; global_colors_info=&#8221;{}&#8221; sticky_transition=&#8221;on&#8221; locked=&#8221;off&#8221;]<\/p>\n<p>Aurreko fabrikazio-prozesuetatik datozen koipeak eta olio-hondakinak kentzeko teknika bereziak eskaintzen ditugu.<\/p>\n<p>[\/et_pb_slide][et_pb_slide heading=&#8221;HERDOIL-AZALEN, EZPURUTASUNEN ETA OXIDOAREN DESUGERKETA&#8221; button_text=&#8221;ZERBITZUAK&#8221; button_link=&#8221;https:\/\/willet50.com\/eu\/zerbitzuak\/&#8221; _builder_version=&#8221;4.18.0&#8243; _module_preset=&#8221;default&#8221; background_enable_color=&#8221;off&#8221; background_image=&#8221;https:\/\/willet50.com\/wp-content\/uploads\/2022\/09\/slider_3.jpg&#8221; background_enable_image=&#8221;on&#8221; global_colors_info=&#8221;{}&#8221; sticky_transition=&#8221;on&#8221; locked=&#8221;off&#8221;]<\/p>\n<p>Zikinkeriak garbitzen ditugu eta piezen azalak aktibatzen ditugu, ondorengo zink-bainurako.<\/p>\n<p>[\/et_pb_slide][et_pb_slide heading=&#8221;ISO 9001 ETA 14001 ZIURTAGIRIAK&#8221; button_text=&#8221;ENPRESA&#8221; button_link=&#8221;https:\/\/willet50.com\/eu\/enpresa\/&#8221; _builder_version=&#8221;4.18.0&#8243; _module_preset=&#8221;default&#8221; background_enable_color=&#8221;off&#8221; background_image=&#8221;https:\/\/willet50.com\/wp-content\/uploads\/2022\/09\/slider_4.jpg&#8221; background_enable_image=&#8221;on&#8221; global_colors_info=&#8221;{}&#8221; sticky_transition=&#8221;on&#8221; locked=&#8221;off&#8221;]Kalitate- eta ingurumen-estandar guztiak, zorrozki, betetzen ditugu.<\/p>\n<div class=\"img-wrap\"><img loading=\"lazy\" decoding=\"async\" class=\"wp-image-366 alignright size-full\" src=\"https:\/\/willet50.com\/wp-content\/uploads\/2022\/10\/iso9001.png\" alt=\"\" width=\"100\" height=\"100\" \/> <img loading=\"lazy\" decoding=\"async\" class=\"wp-image-370 alignnone size-medium\" src=\"https:\/\/willet50.com\/wp-content\/uploads\/2022\/10\/iso14001.png\" alt=\"\" width=\"100\" height=\"100\" \/><\/div>\n<p>[\/et_pb_slide][\/et_pb_slider][\/et_pb_column][\/et_pb_row][\/et_pb_section][et_pb_section fb_built=&#8221;1&#8243; module_class=&#8221;home-intro inner&#8221; _builder_version=&#8221;4.18.0&#8243; _module_preset=&#8221;default&#8221; background_color=&#8221;rgba(255,255,255,0.2)&#8221; background_image=&#8221;https:\/\/willet50.com\/wp-content\/uploads\/2022\/09\/fondo_metal.jpg&#8221; background_blend=&#8221;overlay&#8221; custom_padding=&#8221;0px||0px||false|false&#8221; locked=&#8221;off&#8221; global_colors_info=&#8221;{}&#8221;][et_pb_row column_structure=&#8221;1_4,1_2,1_4&#8243; _builder_version=&#8221;4.18.0&#8243; _module_preset=&#8221;default&#8221; global_colors_info=&#8221;{}&#8221;][et_pb_column type=&#8221;1_4&#8243; _builder_version=&#8221;4.18.0&#8243; _module_preset=&#8221;default&#8221; global_colors_info=&#8221;{}&#8221;][\/et_pb_column][et_pb_column type=&#8221;1_2&#8243; _builder_version=&#8221;4.18.0&#8243; _module_preset=&#8221;default&#8221; global_colors_info=&#8221;{}&#8221;][et_pb_text admin_label=&#8221;CALIDAD Y GARANT\u00cdA A TU SERVICIO&#8221; _builder_version=&#8221;4.18.0&#8243; _module_preset=&#8221;default&#8221; global_colors_info=&#8221;{}&#8221;]<\/p>\n<h2><strong>GURE AHALEGIN GUZTIAK JARRI DITUGU WEB-ORRI HAU GURE ENPRESAREN ERAKUSLEIHO BIZIA IZAN DADIN<\/strong><\/h2>\n<p>[\/et_pb_text][\/et_pb_column][et_pb_column type=&#8221;1_4&#8243; _builder_version=&#8221;4.18.0&#8243; _module_preset=&#8221;default&#8221; global_colors_info=&#8221;{}&#8221;][\/et_pb_column][\/et_pb_row][\/et_pb_section][et_pb_section fb_built=&#8221;1&#8243; _builder_version=&#8221;4.18.0&#8243; _module_preset=&#8221;default&#8221; custom_padding=&#8221;0px||0px||false|false&#8221; global_colors_info=&#8221;{}&#8221;][et_pb_row _builder_version=&#8221;4.18.0&#8243; _module_preset=&#8221;default&#8221; custom_padding=&#8221;0px||0px||false|false&#8221; global_colors_info=&#8221;{}&#8221;][et_pb_column type=&#8221;4_4&#8243; _builder_version=&#8221;4.18.0&#8243; _module_preset=&#8221;default&#8221; global_colors_info=&#8221;{}&#8221;][et_pb_blog meta_date=&#8221;d-m-Y&#8221; show_more=&#8221;on&#8221; show_author=&#8221;off&#8221; show_categories=&#8221;off&#8221; module_class=&#8221;post-list&#8221; _builder_version=&#8221;4.18.0&#8243; _module_preset=&#8221;default&#8221; global_colors_info=&#8221;{}&#8221;][\/et_pb_blog][\/et_pb_column][\/et_pb_row][\/et_pb_section][et_pb_section fb_built=&#8221;1&#8243; _builder_version=&#8221;4.18.0&#8243; _module_preset=&#8221;default&#8221; background_image=&#8221;https:\/\/willet50.com\/wp-content\/uploads\/2022\/09\/fondo_metal.jpg&#8221; custom_padding=&#8221;25px||25px||false|false&#8221; locked=&#8221;off&#8221; global_colors_info=&#8221;{}&#8221;][et_pb_row _builder_version=&#8221;4.18.0&#8243; _module_preset=&#8221;default&#8221; custom_padding=&#8221;0px||0px||false|false&#8221; global_colors_info=&#8221;{}&#8221;][et_pb_column type=&#8221;4_4&#8243; _builder_version=&#8221;4.18.0&#8243; _module_preset=&#8221;default&#8221; global_colors_info=&#8221;{}&#8221;][\/et_pb_column][\/et_pb_row][\/et_pb_section]<\/p>\n","protected":false},"excerpt":{"rendered":"<p>Ekoizpen-lerro esklusiboa daukagu, galdatzeko piezentzako berezia eta bakarra inguruetan.Aurreko fabrikazio-prozesuetatik datozen koipeak eta olio-hondakinak kentzeko teknika bereziak eskaintzen ditugu.Zikinkeriak garbitzen ditugu eta piezen azalak aktibatzen ditugu, ondorengo zink-bainurako.Kalitate- eta ingurumen-estandar guztiak, zorrozki, betetzen ditugu. GURE AHALEGIN GUZTIAK JARRI DITUGU WEB-ORRI HAU GURE ENPRESAREN ERAKUSLEIHO BIZIA IZAN DADIN<\/p>\n","protected":false},"author":1,"featured_media":0,"parent":0,"menu_order":50,"comment_status":"closed","ping_status":"closed","template":"","meta":{"_et_pb_use_builder":"on","_et_pb_old_content":"[et_pb_section fb_built=\"1\" module_class=\"slider-inner\" _builder_version=\"4.18.0\" _module_preset=\"default\" custom_padding=\"0px||0px||false|false\" locked=\"off\" global_colors_info=\"{}\"][et_pb_row _builder_version=\"4.18.0\" _module_preset=\"default\" width=\"100%\" max_width=\"100%\" custom_padding=\"0px||0px||false|false\" global_colors_info=\"{}\"][et_pb_column type=\"4_4\" _builder_version=\"4.18.0\" _module_preset=\"default\" global_colors_info=\"{}\"][et_pb_slider module_class=\"home-slider\" _builder_version=\"4.18.0\" _module_preset=\"default\" auto=\"on\" hover_enabled=\"0\" global_colors_info=\"{}\" sticky_enabled=\"0\" admin_label=\"Carrusel ES\" global_module=\"448\" saved_tabs=\"all\" locked=\"off\"][et_pb_slide heading=\"ESPECIALISTAS EN LA APLICACI\u00d3N DE ZINC \u00c1CIDO Y ZINC-NIQUEL \u00c1CIDO\" button_text=\"SERVICIOS\" _builder_version=\"4.18.0\" _module_preset=\"default\" background_enable_color=\"off\" background_image=\"https:\/\/willet50.com\/wp-content\/uploads\/2022\/09\/slider_1.jpg\" background_enable_image=\"on\" hover_enabled=\"0\" global_colors_info=\"{}\" sticky_transition=\"on\" button_link=\"https:\/\/willet50.com\/empresa\/\" sticky_enabled=\"0\" locked=\"off\"]<p>Disponemos de una exclusiva l\u00ednea de producci\u00f3n, especial para piezas en fundici\u00f3n, \u00fanica en la zona.<\/p>[\/et_pb_slide][et_pb_slide heading=\"DESENGRASE QU\u00cdMICO, CAT\u00d3DICO Y ELECTROL\u00cdTICO-AN\u00d3DICO\" button_text=\"SERVICIOS\" _builder_version=\"4.18.0\" _module_preset=\"default\" background_enable_color=\"off\" background_image=\"https:\/\/willet50.com\/wp-content\/uploads\/2022\/09\/slider_2.jpg\" background_enable_image=\"on\" hover_enabled=\"0\" global_colors_info=\"{}\" sticky_transition=\"on\" button_link=\"https:\/\/willet50.com\/servicios\/\" sticky_enabled=\"0\" locked=\"off\"]<p>Ofrecemos t\u00e9cnicas especiales para eliminar los residuos de aceites y grasas procedentes de procesos de fabricaci\u00f3n anteriores.<\/p>[\/et_pb_slide][et_pb_slide heading=\"DECAPADO DE CASCARILLAS, IMPUREZAS Y \u00d3XIDO DE LAS PIEZAS\" button_text=\"SERVICIOS\" _builder_version=\"4.18.0\" _module_preset=\"default\" background_enable_color=\"off\" background_image=\"https:\/\/willet50.com\/wp-content\/uploads\/2022\/09\/slider_3.jpg\" background_enable_image=\"on\" hover_enabled=\"0\" global_colors_info=\"{}\" sticky_transition=\"on\" button_link=\"https:\/\/willet50.com\/servicios\/\" sticky_enabled=\"0\" locked=\"off\"]<p>Eliminamos suciedades y activamos las superficies de las piezas para el zincado posterior.<\/p>[\/et_pb_slide][et_pb_slide heading=\"CERTIFICADOS ISO 9001 Y 14001\" button_text=\"EMPRESA\" _builder_version=\"4.18.0\" _module_preset=\"default\" background_enable_color=\"off\" background_image=\"https:\/\/willet50.com\/wp-content\/uploads\/2022\/09\/slider_4.jpg\" background_enable_image=\"on\" hover_enabled=\"0\" global_colors_info=\"{}\" sticky_transition=\"on\" button_link=\"https:\/\/willet50.com\/empresa\/\" sticky_enabled=\"0\" locked=\"off\"]<p>Cumplimos rigurosamente todos los est\u00e1ndares de calidad y medioambientales.<\/p><div class=\"img-wrap\"><img class=\"wp-image-366 alignright size-full\" src=\"https:\/\/willet50.com\/wp-content\/uploads\/2022\/10\/iso9001.png\" alt=\"\" width=\"100\" height=\"100\" \/> <img class=\"wp-image-370 alignnone size-medium\" src=\"https:\/\/willet50.com\/wp-content\/uploads\/2022\/10\/iso14001.png\" alt=\"\" width=\"100\" height=\"100\" \/><\/div>[\/et_pb_slide][\/et_pb_slider][\/et_pb_column][\/et_pb_row][\/et_pb_section][et_pb_section fb_built=\"1\" module_class=\"home-intro inner\" _builder_version=\"4.18.0\" _module_preset=\"default\" background_color=\"rgba(255,255,255,0.2)\" background_image=\"https:\/\/willet50.com\/wp-content\/uploads\/2022\/09\/fondo_metal.jpg\" background_blend=\"overlay\" custom_padding=\"0px||0px||false|false\" locked=\"off\" global_colors_info=\"{}\"][et_pb_row column_structure=\"1_4,1_2,1_4\" _builder_version=\"4.18.0\" _module_preset=\"default\" global_colors_info=\"{}\"][et_pb_column type=\"1_4\" _builder_version=\"4.18.0\" _module_preset=\"default\" global_colors_info=\"{}\"][\/et_pb_column][et_pb_column type=\"1_2\" _builder_version=\"4.18.0\" _module_preset=\"default\" global_colors_info=\"{}\"][et_pb_text admin_label=\"CALIDAD Y GARANT\u00cdA A TU SERVICIO\" _builder_version=\"4.18.0\" _module_preset=\"default\" global_colors_info=\"{}\"]<h2><strong>HEMOS PUESTO TODO NUESTRO EMPE\u00d1O PARA QUE ESTA WEB SEA UN ESCAPARATE VIVO DE WILLET 50<\/strong><\/h2>[\/et_pb_text][\/et_pb_column][et_pb_column type=\"1_4\" _builder_version=\"4.18.0\" _module_preset=\"default\" global_colors_info=\"{}\"][\/et_pb_column][\/et_pb_row][\/et_pb_section][et_pb_section fb_built=\"1\" _builder_version=\"4.18.0\" _module_preset=\"default\" custom_padding=\"0px||0px||false|false\" global_colors_info=\"{}\"][et_pb_row _builder_version=\"4.18.0\" _module_preset=\"default\" custom_padding=\"0px||0px||false|false\" global_colors_info=\"{}\"][et_pb_column type=\"4_4\" _builder_version=\"4.18.0\" _module_preset=\"default\" global_colors_info=\"{}\"][et_pb_blog meta_date=\"d-m-Y\" show_more=\"on\" show_author=\"off\" show_categories=\"off\" module_class=\"post-list\" _builder_version=\"4.18.0\" _module_preset=\"default\" global_colors_info=\"{}\"][\/et_pb_blog][\/et_pb_column][\/et_pb_row][\/et_pb_section][et_pb_section fb_built=\"1\" _builder_version=\"4.18.0\" _module_preset=\"default\" background_image=\"https:\/\/willet50.com\/wp-content\/uploads\/2022\/09\/fondo_metal.jpg\" custom_padding=\"25px||25px||false|false\" locked=\"off\" global_colors_info=\"{}\"][et_pb_row _builder_version=\"4.18.0\" _module_preset=\"default\" custom_padding=\"0px||0px||false|false\" global_colors_info=\"{}\"][et_pb_column type=\"4_4\" _builder_version=\"4.18.0\" _module_preset=\"default\" global_colors_info=\"{}\"][\/et_pb_column][\/et_pb_row][\/et_pb_section]","_et_gb_content_width":"","inline_featured_image":false,"footnotes":""},"class_list":["post-732","page","type-page","status-publish","hentry"],"acf":[],"yoast_head":"<!-- This site is optimized with the Yoast SEO plugin v19.10 - https:\/\/yoast.com\/wordpress\/plugins\/seo\/ -->\n<title>Bloga - Willet<\/title>\n<meta name=\"robots\" content=\"index, follow, max-snippet:-1, max-image-preview:large, max-video-preview:-1\" \/>\n<link rel=\"canonical\" href=\"https:\/\/willet50.com\/eu\/bloga\/\" \/>\n<meta property=\"og:locale\" content=\"eu_ES\" \/>\n<meta property=\"og:type\" content=\"article\" \/>\n<meta property=\"og:title\" content=\"Bloga - Willet\" \/>\n<meta property=\"og:description\" content=\"Ekoizpen-lerro esklusiboa daukagu, galdatzeko piezentzako berezia eta bakarra inguruetan.Aurreko fabrikazio-prozesuetatik datozen koipeak eta olio-hondakinak kentzeko teknika bereziak eskaintzen ditugu.Zikinkeriak garbitzen ditugu eta piezen azalak aktibatzen ditugu, ondorengo zink-bainurako.Kalitate- eta ingurumen-estandar guztiak, zorrozki, betetzen ditugu. Enpresaren kudeaketa-politika zure eskura dago.\" \/>\n<meta property=\"og:url\" content=\"https:\/\/willet50.com\/eu\/bloga\/\" \/>\n<meta property=\"og:site_name\" content=\"Willet\" \/>\n<meta property=\"article:modified_time\" content=\"2022-10-24T17:12:39+00:00\" \/>\n<meta property=\"og:image\" content=\"https:\/\/willet50.com\/wp-content\/uploads\/2022\/10\/iso9001.png\" \/>\n<meta name=\"twitter:card\" content=\"summary_large_image\" \/>\n<meta name=\"twitter:label1\" content=\"Est. reading time\" \/>\n\t<meta name=\"twitter:data1\" content=\"3 minutes\" \/>\n<script type=\"application\/ld+json\" class=\"yoast-schema-graph\">{\"@context\":\"https:\/\/schema.org\",\"@graph\":[{\"@type\":\"WebPage\",\"@id\":\"https:\/\/willet50.com\/eu\/bloga\/\",\"url\":\"https:\/\/willet50.com\/eu\/bloga\/\",\"name\":\"Bloga - Willet\",\"isPartOf\":{\"@id\":\"https:\/\/willet50.com\/#website\"},\"datePublished\":\"2022-09-29T07:18:48+00:00\",\"dateModified\":\"2022-10-24T17:12:39+00:00\",\"breadcrumb\":{\"@id\":\"https:\/\/willet50.com\/eu\/bloga\/#breadcrumb\"},\"inLanguage\":\"eu-ES\",\"potentialAction\":[{\"@type\":\"ReadAction\",\"target\":[\"https:\/\/willet50.com\/eu\/bloga\/\"]}]},{\"@type\":\"BreadcrumbList\",\"@id\":\"https:\/\/willet50.com\/eu\/bloga\/#breadcrumb\",\"itemListElement\":[{\"@type\":\"ListItem\",\"position\":1,\"name\":\"Portada\",\"item\":\"https:\/\/willet50.com\/eu\/\"},{\"@type\":\"ListItem\",\"position\":2,\"name\":\"Bloga\"}]},{\"@type\":\"WebSite\",\"@id\":\"https:\/\/willet50.com\/#website\",\"url\":\"https:\/\/willet50.com\/\",\"name\":\"Willet\",\"description\":\"Zinkaren aplikazioan espezialistak\",\"publisher\":{\"@id\":\"https:\/\/willet50.com\/#organization\"},\"potentialAction\":[{\"@type\":\"SearchAction\",\"target\":{\"@type\":\"EntryPoint\",\"urlTemplate\":\"https:\/\/willet50.com\/?s={search_term_string}\"},\"query-input\":\"required name=search_term_string\"}],\"inLanguage\":\"eu-ES\"},{\"@type\":\"Organization\",\"@id\":\"https:\/\/willet50.com\/#organization\",\"name\":\"Willet50\",\"url\":\"https:\/\/willet50.com\/\",\"logo\":{\"@type\":\"ImageObject\",\"inLanguage\":\"eu-ES\",\"@id\":\"https:\/\/willet50.com\/#\/schema\/logo\/image\/\",\"url\":\"https:\/\/willet50.com\/wp-content\/uploads\/2022\/09\/willet.svg\",\"contentUrl\":\"https:\/\/willet50.com\/wp-content\/uploads\/2022\/09\/willet.svg\",\"width\":\"1024\",\"height\":\"1024\",\"caption\":\"Willet50\"},\"image\":{\"@id\":\"https:\/\/willet50.com\/#\/schema\/logo\/image\/\"}}]}<\/script>\n<!-- \/ Yoast SEO plugin. -->","yoast_head_json":{"title":"Bloga - Willet","robots":{"index":"index","follow":"follow","max-snippet":"max-snippet:-1","max-image-preview":"max-image-preview:large","max-video-preview":"max-video-preview:-1"},"canonical":"https:\/\/willet50.com\/eu\/bloga\/","og_locale":"eu_ES","og_type":"article","og_title":"Bloga - Willet","og_description":"Ekoizpen-lerro esklusiboa daukagu, galdatzeko piezentzako berezia eta bakarra inguruetan.Aurreko fabrikazio-prozesuetatik datozen koipeak eta olio-hondakinak kentzeko teknika bereziak eskaintzen ditugu.Zikinkeriak garbitzen ditugu eta piezen azalak aktibatzen ditugu, ondorengo zink-bainurako.Kalitate- eta ingurumen-estandar guztiak, zorrozki, betetzen ditugu. Enpresaren kudeaketa-politika zure eskura dago.","og_url":"https:\/\/willet50.com\/eu\/bloga\/","og_site_name":"Willet","article_modified_time":"2022-10-24T17:12:39+00:00","og_image":[{"url":"https:\/\/willet50.com\/wp-content\/uploads\/2022\/10\/iso9001.png"}],"twitter_card":"summary_large_image","twitter_misc":{"Est. reading time":"3 minutes"},"schema":{"@context":"https:\/\/schema.org","@graph":[{"@type":"WebPage","@id":"https:\/\/willet50.com\/eu\/bloga\/","url":"https:\/\/willet50.com\/eu\/bloga\/","name":"Bloga - Willet","isPartOf":{"@id":"https:\/\/willet50.com\/#website"},"datePublished":"2022-09-29T07:18:48+00:00","dateModified":"2022-10-24T17:12:39+00:00","breadcrumb":{"@id":"https:\/\/willet50.com\/eu\/bloga\/#breadcrumb"},"inLanguage":"eu-ES","potentialAction":[{"@type":"ReadAction","target":["https:\/\/willet50.com\/eu\/bloga\/"]}]},{"@type":"BreadcrumbList","@id":"https:\/\/willet50.com\/eu\/bloga\/#breadcrumb","itemListElement":[{"@type":"ListItem","position":1,"name":"Portada","item":"https:\/\/willet50.com\/eu\/"},{"@type":"ListItem","position":2,"name":"Bloga"}]},{"@type":"WebSite","@id":"https:\/\/willet50.com\/#website","url":"https:\/\/willet50.com\/","name":"Willet","description":"Zinkaren aplikazioan espezialistak","publisher":{"@id":"https:\/\/willet50.com\/#organization"},"potentialAction":[{"@type":"SearchAction","target":{"@type":"EntryPoint","urlTemplate":"https:\/\/willet50.com\/?s={search_term_string}"},"query-input":"required name=search_term_string"}],"inLanguage":"eu-ES"},{"@type":"Organization","@id":"https:\/\/willet50.com\/#organization","name":"Willet50","url":"https:\/\/willet50.com\/","logo":{"@type":"ImageObject","inLanguage":"eu-ES","@id":"https:\/\/willet50.com\/#\/schema\/logo\/image\/","url":"https:\/\/willet50.com\/wp-content\/uploads\/2022\/09\/willet.svg","contentUrl":"https:\/\/willet50.com\/wp-content\/uploads\/2022\/09\/willet.svg","width":"1024","height":"1024","caption":"Willet50"},"image":{"@id":"https:\/\/willet50.com\/#\/schema\/logo\/image\/"}}]}},"_links":{"self":[{"href":"https:\/\/willet50.com\/eu\/wp-json\/wp\/v2\/pages\/732","targetHints":{"allow":["GET"]}}],"collection":[{"href":"https:\/\/willet50.com\/eu\/wp-json\/wp\/v2\/pages"}],"about":[{"href":"https:\/\/willet50.com\/eu\/wp-json\/wp\/v2\/types\/page"}],"author":[{"embeddable":true,"href":"https:\/\/willet50.com\/eu\/wp-json\/wp\/v2\/users\/1"}],"replies":[{"embeddable":true,"href":"https:\/\/willet50.com\/eu\/wp-json\/wp\/v2\/comments?post=732"}],"version-history":[{"count":4,"href":"https:\/\/willet50.com\/eu\/wp-json\/wp\/v2\/pages\/732\/revisions"}],"predecessor-version":[{"id":789,"href":"https:\/\/willet50.com\/eu\/wp-json\/wp\/v2\/pages\/732\/revisions\/789"}],"wp:attachment":[{"href":"https:\/\/willet50.com\/eu\/wp-json\/wp\/v2\/media?parent=732"}],"curies":[{"name":"wp","href":"https:\/\/api.w.org\/{rel}","templated":true}]}}