{"id":755,"date":"2022-09-29T13:52:58","date_gmt":"2022-09-29T11:52:58","guid":{"rendered":"https:\/\/willet50.com\/?page_id=755"},"modified":"2022-10-24T19:12:34","modified_gmt":"2022-10-24T17:12:34","slug":"lege-oharra","status":"publish","type":"page","link":"https:\/\/willet50.com\/eu\/lege-oharra\/","title":{"rendered":"Lege oharra"},"content":{"rendered":"<p>[et_pb_section fb_built=&#8221;1&#8243; module_class=&#8221;slider-inner&#8221; _builder_version=&#8221;4.18.0&#8243; _module_preset=&#8221;default&#8221; custom_padding=&#8221;0px||0px||false|false&#8221; locked=&#8221;off&#8221; global_colors_info=&#8221;{}&#8221;][et_pb_row _builder_version=&#8221;4.18.0&#8243; _module_preset=&#8221;default&#8221; width=&#8221;100%&#8221; max_width=&#8221;100%&#8221; custom_padding=&#8221;0px||0px||false|false&#8221; global_colors_info=&#8221;{}&#8221;][et_pb_column type=&#8221;4_4&#8243; _builder_version=&#8221;4.18.0&#8243; _module_preset=&#8221;default&#8221; global_colors_info=&#8221;{}&#8221;][et_pb_slider admin_label=&#8221;Carrusel EUS&#8221; module_class=&#8221;home-slider&#8221; _builder_version=&#8221;4.18.0&#8243; _module_preset=&#8221;default&#8221; auto=&#8221;on&#8221; hover_enabled=&#8221;0&#8243; saved_tabs=&#8221;all&#8221; global_colors_info=&#8221;{}&#8221; sticky_enabled=&#8221;0&#8243; global_module=&#8221;774&#8243; locked=&#8221;off&#8221;][et_pb_slide heading=&#8221;ZINK GARRATZA ETA ZINK-NIKEL GARRATZA HEDATZEN ADITUAK&#8221; button_text=&#8221;ZERBITZUAK&#8221; button_link=&#8221;https:\/\/willet50.com\/eu\/zerbitzuak\/&#8221; _builder_version=&#8221;4.18.0&#8243; _module_preset=&#8221;default&#8221; background_enable_color=&#8221;off&#8221; background_image=&#8221;https:\/\/willet50.com\/wp-content\/uploads\/2022\/09\/slider_1.jpg&#8221; background_enable_image=&#8221;on&#8221; global_colors_info=&#8221;{}&#8221; sticky_transition=&#8221;on&#8221; locked=&#8221;off&#8221;]<\/p>\n<p>Ekoizpen-lerro esklusiboa daukagu, galdatzeko piezentzako berezia eta bakarra inguruetan.<\/p>\n<p>[\/et_pb_slide][et_pb_slide heading=&#8221;KOIPEGABETZE KIMIKOA, KATODIKOA ETA ANODO-ELEKTROLITIKOA&#8221; button_text=&#8221;ZERBITZUAK&#8221; button_link=&#8221;https:\/\/willet50.com\/eu\/zerbitzuak\/&#8221; _builder_version=&#8221;4.18.0&#8243; _module_preset=&#8221;default&#8221; background_enable_color=&#8221;off&#8221; background_image=&#8221;https:\/\/willet50.com\/wp-content\/uploads\/2022\/09\/slider_2.jpg&#8221; background_enable_image=&#8221;on&#8221; global_colors_info=&#8221;{}&#8221; sticky_transition=&#8221;on&#8221; locked=&#8221;off&#8221;]<\/p>\n<p>Aurreko fabrikazio-prozesuetatik datozen koipeak eta olio-hondakinak kentzeko teknika bereziak eskaintzen ditugu.<\/p>\n<p>[\/et_pb_slide][et_pb_slide heading=&#8221;HERDOIL-AZALEN, EZPURUTASUNEN ETA OXIDOAREN DESUGERKETA&#8221; button_text=&#8221;ZERBITZUAK&#8221; button_link=&#8221;https:\/\/willet50.com\/eu\/zerbitzuak\/&#8221; _builder_version=&#8221;4.18.0&#8243; _module_preset=&#8221;default&#8221; background_enable_color=&#8221;off&#8221; background_image=&#8221;https:\/\/willet50.com\/wp-content\/uploads\/2022\/09\/slider_3.jpg&#8221; background_enable_image=&#8221;on&#8221; global_colors_info=&#8221;{}&#8221; sticky_transition=&#8221;on&#8221; locked=&#8221;off&#8221;]<\/p>\n<p>Zikinkeriak garbitzen ditugu eta piezen azalak aktibatzen ditugu, ondorengo zink-bainurako.<\/p>\n<p>[\/et_pb_slide][et_pb_slide heading=&#8221;ISO 9001 ETA 14001 ZIURTAGIRIAK&#8221; button_text=&#8221;ENPRESA&#8221; button_link=&#8221;https:\/\/willet50.com\/eu\/enpresa\/&#8221; _builder_version=&#8221;4.18.0&#8243; _module_preset=&#8221;default&#8221; background_enable_color=&#8221;off&#8221; background_image=&#8221;https:\/\/willet50.com\/wp-content\/uploads\/2022\/09\/slider_4.jpg&#8221; background_enable_image=&#8221;on&#8221; global_colors_info=&#8221;{}&#8221; sticky_transition=&#8221;on&#8221; locked=&#8221;off&#8221;]Kalitate- eta ingurumen-estandar guztiak, zorrozki, betetzen ditugu.<\/p>\n<div class=\"img-wrap\"><img loading=\"lazy\" decoding=\"async\" class=\"wp-image-366 alignright size-full\" src=\"https:\/\/willet50.com\/wp-content\/uploads\/2022\/10\/iso9001.png\" alt=\"\" width=\"100\" height=\"100\" \/> <img loading=\"lazy\" decoding=\"async\" class=\"wp-image-370 alignnone size-medium\" src=\"https:\/\/willet50.com\/wp-content\/uploads\/2022\/10\/iso14001.png\" alt=\"\" width=\"100\" height=\"100\" \/><\/div>\n<p>[\/et_pb_slide][\/et_pb_slider][\/et_pb_column][\/et_pb_row][\/et_pb_section][et_pb_section fb_built=&#8221;1&#8243; _builder_version=&#8221;4.18.0&#8243; _module_preset=&#8221;default&#8221; global_colors_info=&#8221;{}&#8221;][et_pb_row _builder_version=&#8221;4.18.0&#8243; _module_preset=&#8221;default&#8221; global_colors_info=&#8221;{}&#8221;][et_pb_column type=&#8221;4_4&#8243; _builder_version=&#8221;4.18.0&#8243; _module_preset=&#8221;default&#8221; global_colors_info=&#8221;{}&#8221;][et_pb_text module_class=&#8221;legal&#8221; _builder_version=&#8221;4.18.0&#8243; _module_preset=&#8221;default&#8221; global_colors_info=&#8221;{}&#8221;]<\/p>\n<h1>Aviso legal<\/h1>\n<ul>\n<li>WILLET CINCUENTA, S.L.<\/li>\n<li>CIF: B-83432930<\/li>\n<li>Direcci\u00f3n: Gudarien Etorbidea, 31 \u2013 20140 ANDOAIN (Gipuzkoa)<\/li>\n<li>Email: x.korta@willet50.net<\/li>\n<\/ul>\n<h2><strong>Helburua<\/strong><\/h2>\n<p>Webgunea erabiltzeak agiri honetan azaltzen diren baldintzak berariaz eta erabat onartzea esan nahi du, webgunearen bidez eskaintzen diren zerbitzu jakin batzuei aplika dakizkiekeen baldintza partikularrei kalterik egin gabe. WILLET CINCUENTA, S.L.k eskubidea izango du erabilera-baldintza hauek nahiz beste edozein baldintza partikular noiznahi aldatzeko.<\/p>\n<h2><strong>Webguneko edukien gaineko jabetza intelektuala<\/strong><\/h2>\n<p>WILLET CINCUENTA, S.L. da webgunea osatzen duten elementu guztien titularra, bai eta webgunearen egitura, diseinu eta iturburu-kodearena ere. Elementu horiek guztiak jabetza intelektual eta industrialari buruzko araudiaren babespean daude. Debekatuta dago webgune honen edukiak osorik edo zatika erreproduzitzea, baita eduki horiek aldatu eta\/edo banatzea ere, haien jatorria aipatu edo aldez aurretik baimena eskatu gabe. WILLET CINCUENTA, S.L.k ez du bere gain hartuko hirugarren batzuek webgunearen edukiak erabiltzearen ondoriozko erantzukizunik, eta dagozkion akzio zibil edo penal guztiak gauzatu ahal izango ditu erabiltzaileak eskubide hauek urratuz gero.<\/p>\n<h2><strong>LOPD (Datu Pertsonalak Babesteko Lege Organikoa)<\/strong><\/h2>\n<p>Datu Pertsonalak Babesteari buruzko 15\/1999 Lege Organikoan ezarritakoa betez, WILLET CINCUENTA, S.L.k jakinarazten dizu emandako datu pertsonalak fitxategi automatizatuetan sartuko direla. Erabiltzaileak erosketa-prozesuetan parte hartzea eta\/edo jakinarazpen elektronikoak egitea da datu horiek biltzearen eta tratatzearen xedea. WILLET CINCUENTA, S.L.k hitz ematen du emandako datu pertsonalak sekretupean gordeko dituela, eta datuok tratatzerakoan konfidentzialtasunez eta zuhurtziaz jokatuko duela, indarrean dagoen legerian ezarritakoa betez. Hala, behar diren neurriak hartuko ditu inork datu horiek aldatu, galdu, tratatu edo baimenik gabe erabil ez ditzan.[\/et_pb_text][\/et_pb_column][\/et_pb_row][\/et_pb_section]<\/p>\n","protected":false},"excerpt":{"rendered":"<p>Ekoizpen-lerro esklusiboa daukagu, galdatzeko piezentzako berezia eta bakarra inguruetan.Aurreko fabrikazio-prozesuetatik datozen koipeak eta olio-hondakinak kentzeko teknika bereziak eskaintzen ditugu.Zikinkeriak garbitzen ditugu eta piezen azalak aktibatzen ditugu, ondorengo zink-bainurako.Kalitate- eta ingurumen-estandar guztiak, zorrozki, betetzen ditugu. Aviso legal WILLET CINCUENTA, S.L. CIF: B-83432930 Direcci\u00f3n: Gudarien Etorbidea, 31 \u2013 20140 ANDOAIN (Gipuzkoa) Email: x.korta@willet50.net Helburua Webgunea erabiltzeak agiri [&hellip;]<\/p>\n","protected":false},"author":1,"featured_media":0,"parent":0,"menu_order":100,"comment_status":"closed","ping_status":"closed","template":"","meta":{"_et_pb_use_builder":"on","_et_pb_old_content":"<p>[et_pb_section fb_built=\"1\" module_class=\"slider-inner\" _builder_version=\"4.18.0\" _module_preset=\"default\" custom_padding=\"0px||0px||false|false\" locked=\"off\" global_colors_info=\"{}\"][et_pb_row _builder_version=\"4.18.0\" _module_preset=\"default\" width=\"100%\" max_width=\"100%\" custom_padding=\"0px||0px||false|false\" global_colors_info=\"{}\"][et_pb_column type=\"4_4\" _builder_version=\"4.18.0\" _module_preset=\"default\" global_colors_info=\"{}\"][et_pb_slider _builder_version=\"4.18.0\" _module_preset=\"default\" global_colors_info=\"{}\"][et_pb_slide heading=\"ESPECIALISTAS EN LA APLICACI\u00d3N DE ZINC \u00c1CIDO Y ZINC-NIQUEL \u00c1CIDO\" button_text=\"SERVICIOS\" _builder_version=\"4.18.0\" _module_preset=\"default\" background_enable_color=\"off\" background_image=\"https:\/\/willet50.com\/wp-content\/uploads\/2022\/09\/slider_1.jpg\" background_enable_image=\"on\" global_colors_info=\"{}\" sticky_transition=\"on\"]<\/p><p>Disponemos de una exclusiva l\u00ednea de producci\u00f3n, especial para piezas en fundici\u00f3n, \u00fanica en la zona.<\/p><p>[\/et_pb_slide][et_pb_slide heading=\"DESENGRASE QU\u00cdMICO, CAT\u00d3DICO Y ELECTROL\u00cdTICO-AN\u00d3DICO\" button_text=\"SERVICIOS\" _builder_version=\"4.18.0\" _module_preset=\"default\" background_enable_color=\"off\" background_image=\"https:\/\/willet50.com\/wp-content\/uploads\/2022\/09\/slider_2.jpg\" background_enable_image=\"on\" global_colors_info=\"{}\" sticky_transition=\"on\"]<\/p><p>Ofrecemos t\u00e9cnicas especiales para eliminar los residuos de aceites y grasas<br \/>procedentes de procesos de fabricaci\u00f3n anteriores.<\/p><p>[\/et_pb_slide][et_pb_slide heading=\"DECAPADO DE CASCARILLAS, IMPUREZAS Y \u00d3XIDO DE LAS PIEZAS\" button_text=\"SERVICIOS\" _builder_version=\"4.18.0\" _module_preset=\"default\" background_enable_color=\"off\" background_image=\"https:\/\/willet50.com\/wp-content\/uploads\/2022\/09\/slider_3.jpg\" background_enable_image=\"on\" global_colors_info=\"{}\" sticky_transition=\"on\"]<\/p><p>Eliminamos suciedades y activamos las superficies de las piezas para el zincado posterior.<\/p><p>[\/et_pb_slide][et_pb_slide heading=\"CERTIFICADOS ISO 9001 Y 14001\" button_text=\"EMPRESA\" _builder_version=\"4.18.0\" _module_preset=\"default\" background_enable_color=\"off\" background_image=\"https:\/\/willet50.com\/wp-content\/uploads\/2022\/09\/slider_4.jpg\" background_enable_image=\"on\" global_colors_info=\"{}\" sticky_transition=\"on\"]<\/p><p>Cumplimos rigurosamente todos los est\u00e1ndares de calidad y medioambientales.<\/p><p>[\/et_pb_slide][\/et_pb_slider][\/et_pb_column][\/et_pb_row][\/et_pb_section][et_pb_section fb_built=\"1\" _builder_version=\"4.18.0\" _module_preset=\"default\" global_colors_info=\"{}\"][et_pb_row _builder_version=\"4.18.0\" _module_preset=\"default\" global_colors_info=\"{}\"][et_pb_column type=\"4_4\" _builder_version=\"4.18.0\" _module_preset=\"default\" global_colors_info=\"{}\"][et_pb_text module_class=\"legal\" _builder_version=\"4.18.0\" _module_preset=\"default\" hover_enabled=\"0\" global_colors_info=\"{}\" sticky_enabled=\"0\"]<\/p><h1>Aviso legal<\/h1><ul><li>WILLET CINCUENTA, S.L.<\/li><li>CIF: B-83432930<\/li><li>Direcci\u00f3n: Gudarien Etorbidea, 31 \u2013 20140 ANDOAIN (Gipuzkoa)<\/li><li>Email: x.korta@willet50.net<\/li><\/ul><h2><strong>Objeto<\/strong><\/h2><p>El uso del sitio web implica la expresa y plena aceptaci\u00f3n de las condiciones aqu\u00ed expuestas, sin perjuicio de aquellas particulares que pudieran aplicarse a algunos de los servicios concretos ofrecidos a trav\u00e9s del sitio Web. Miren Camis\u00f3n Goyenechea se reserva el derecho de modificar en cualquier momento las presentes condiciones de uso as\u00ed como cualesquiera otras condiciones particulares.<\/p><h2><strong>Propiedad intelectual sobre los contenidos del sitio web<\/strong><\/h2><p>Todos los elementos que forman el sitio web filosofiafaktoria.eus, as\u00ed como su estructura, dise\u00f1o y c\u00f3digo fuente son titularidad de Miren Camis\u00f3n Goyenechea, y est\u00e1n protegidos por la normativa de propiedad intelectual e industrial. Se proh\u00edbe la reproducci\u00f3n total o parcial de los contenidos de este sitio web, as\u00ed como su modificaci\u00f3n y\/o distribuci\u00f3n, sin citar su origen o solicitar previamente autorizaci\u00f3n. Miren Camis\u00f3n Goyenechea no asumir\u00e1 ninguna responsabilidad derivada del uso por terceros del contenido del sitio Web y podr\u00e1 ejercitar todas las acciones civiles o penales que le correspondan, en caso de infracci\u00f3n de estos derechos por parte del usuario.<\/p><h2><strong>LOPD (Ley Org\u00e1nica de Protecci\u00f3n de Datos de Car\u00e1cter Personal)<\/strong><\/h2><p>En cumplimiento de lo dispuesto en la Ley Org\u00e1nica 15\/1999 de Protecci\u00f3n de Datos de Car\u00e1cter Personal, Miren Camis\u00f3n Goyenechea te informa que los datos personales que nos sean proporcionados van a ser incorporados para su tratamiento en ficheros automatizados. La recogida y tratamiento de dichos datos tienen como finalidad la participaci\u00f3n en procesos de compra por parte de los usuarios y\/o comunicaciones electr\u00f3nicas. Miren Camis\u00f3n Goyenechea se compromete al cumplimiento de su obligaci\u00f3n de secreto con respecto a los datos de car\u00e1cter personal suministrados y al deber de tratarlos con confidencialidad y reserva, conforme a la legislaci\u00f3n vigente. A estos efectos adoptar\u00e1 las medidas necesarias para evitar su alteraci\u00f3n, p\u00e9rdida, tratamiento o acceso no autorizado.<\/p><p>[\/et_pb_text][\/et_pb_column][\/et_pb_row][\/et_pb_section]<\/p>","_et_gb_content_width":"","inline_featured_image":false,"footnotes":""},"class_list":["post-755","page","type-page","status-publish","hentry"],"acf":[],"yoast_head":"<!-- This site is optimized with the Yoast SEO plugin v19.10 - https:\/\/yoast.com\/wordpress\/plugins\/seo\/ -->\n<title>Lege oharra - Willet<\/title>\n<meta name=\"robots\" content=\"index, follow, max-snippet:-1, max-image-preview:large, max-video-preview:-1\" \/>\n<link rel=\"canonical\" href=\"https:\/\/willet50.com\/eu\/lege-oharra\/\" \/>\n<meta property=\"og:locale\" content=\"eu_ES\" \/>\n<meta property=\"og:type\" content=\"article\" \/>\n<meta property=\"og:title\" content=\"Lege oharra - Willet\" \/>\n<meta property=\"og:description\" content=\"Ekoizpen-lerro esklusiboa daukagu, galdatzeko piezentzako berezia eta bakarra inguruetan.Aurreko fabrikazio-prozesuetatik datozen koipeak eta olio-hondakinak kentzeko teknika bereziak eskaintzen ditugu.Zikinkeriak garbitzen ditugu eta piezen azalak aktibatzen ditugu, ondorengo zink-bainurako.Kalitate- eta ingurumen-estandar guztiak, zorrozki, betetzen ditugu. Enpresaren kudeaketa-politika zure eskura dago.\" \/>\n<meta property=\"og:url\" content=\"https:\/\/willet50.com\/eu\/lege-oharra\/\" \/>\n<meta property=\"og:site_name\" content=\"Willet\" \/>\n<meta property=\"article:modified_time\" content=\"2022-10-24T17:12:34+00:00\" \/>\n<meta property=\"og:image\" content=\"https:\/\/willet50.com\/wp-content\/uploads\/2022\/10\/iso9001.png\" \/>\n<meta name=\"twitter:card\" content=\"summary_large_image\" \/>\n<meta name=\"twitter:label1\" content=\"Est. reading time\" \/>\n\t<meta name=\"twitter:data1\" content=\"3 minutes\" \/>\n<script type=\"application\/ld+json\" class=\"yoast-schema-graph\">{\"@context\":\"https:\/\/schema.org\",\"@graph\":[{\"@type\":\"WebPage\",\"@id\":\"https:\/\/willet50.com\/eu\/lege-oharra\/\",\"url\":\"https:\/\/willet50.com\/eu\/lege-oharra\/\",\"name\":\"Lege oharra - Willet\",\"isPartOf\":{\"@id\":\"https:\/\/willet50.com\/#website\"},\"datePublished\":\"2022-09-29T11:52:58+00:00\",\"dateModified\":\"2022-10-24T17:12:34+00:00\",\"breadcrumb\":{\"@id\":\"https:\/\/willet50.com\/eu\/lege-oharra\/#breadcrumb\"},\"inLanguage\":\"eu-ES\",\"potentialAction\":[{\"@type\":\"ReadAction\",\"target\":[\"https:\/\/willet50.com\/eu\/lege-oharra\/\"]}]},{\"@type\":\"BreadcrumbList\",\"@id\":\"https:\/\/willet50.com\/eu\/lege-oharra\/#breadcrumb\",\"itemListElement\":[{\"@type\":\"ListItem\",\"position\":1,\"name\":\"Portada\",\"item\":\"https:\/\/willet50.com\/eu\/\"},{\"@type\":\"ListItem\",\"position\":2,\"name\":\"Lege oharra\"}]},{\"@type\":\"WebSite\",\"@id\":\"https:\/\/willet50.com\/#website\",\"url\":\"https:\/\/willet50.com\/\",\"name\":\"Willet\",\"description\":\"Zinkaren aplikazioan espezialistak\",\"publisher\":{\"@id\":\"https:\/\/willet50.com\/#organization\"},\"potentialAction\":[{\"@type\":\"SearchAction\",\"target\":{\"@type\":\"EntryPoint\",\"urlTemplate\":\"https:\/\/willet50.com\/?s={search_term_string}\"},\"query-input\":\"required name=search_term_string\"}],\"inLanguage\":\"eu-ES\"},{\"@type\":\"Organization\",\"@id\":\"https:\/\/willet50.com\/#organization\",\"name\":\"Willet50\",\"url\":\"https:\/\/willet50.com\/\",\"logo\":{\"@type\":\"ImageObject\",\"inLanguage\":\"eu-ES\",\"@id\":\"https:\/\/willet50.com\/#\/schema\/logo\/image\/\",\"url\":\"https:\/\/willet50.com\/wp-content\/uploads\/2022\/09\/willet.svg\",\"contentUrl\":\"https:\/\/willet50.com\/wp-content\/uploads\/2022\/09\/willet.svg\",\"width\":\"1024\",\"height\":\"1024\",\"caption\":\"Willet50\"},\"image\":{\"@id\":\"https:\/\/willet50.com\/#\/schema\/logo\/image\/\"}}]}<\/script>\n<!-- \/ Yoast SEO plugin. -->","yoast_head_json":{"title":"Lege oharra - Willet","robots":{"index":"index","follow":"follow","max-snippet":"max-snippet:-1","max-image-preview":"max-image-preview:large","max-video-preview":"max-video-preview:-1"},"canonical":"https:\/\/willet50.com\/eu\/lege-oharra\/","og_locale":"eu_ES","og_type":"article","og_title":"Lege oharra - Willet","og_description":"Ekoizpen-lerro esklusiboa daukagu, galdatzeko piezentzako berezia eta bakarra inguruetan.Aurreko fabrikazio-prozesuetatik datozen koipeak eta olio-hondakinak kentzeko teknika bereziak eskaintzen ditugu.Zikinkeriak garbitzen ditugu eta piezen azalak aktibatzen ditugu, ondorengo zink-bainurako.Kalitate- eta ingurumen-estandar guztiak, zorrozki, betetzen ditugu. Enpresaren kudeaketa-politika zure eskura dago.","og_url":"https:\/\/willet50.com\/eu\/lege-oharra\/","og_site_name":"Willet","article_modified_time":"2022-10-24T17:12:34+00:00","og_image":[{"url":"https:\/\/willet50.com\/wp-content\/uploads\/2022\/10\/iso9001.png"}],"twitter_card":"summary_large_image","twitter_misc":{"Est. reading time":"3 minutes"},"schema":{"@context":"https:\/\/schema.org","@graph":[{"@type":"WebPage","@id":"https:\/\/willet50.com\/eu\/lege-oharra\/","url":"https:\/\/willet50.com\/eu\/lege-oharra\/","name":"Lege oharra - Willet","isPartOf":{"@id":"https:\/\/willet50.com\/#website"},"datePublished":"2022-09-29T11:52:58+00:00","dateModified":"2022-10-24T17:12:34+00:00","breadcrumb":{"@id":"https:\/\/willet50.com\/eu\/lege-oharra\/#breadcrumb"},"inLanguage":"eu-ES","potentialAction":[{"@type":"ReadAction","target":["https:\/\/willet50.com\/eu\/lege-oharra\/"]}]},{"@type":"BreadcrumbList","@id":"https:\/\/willet50.com\/eu\/lege-oharra\/#breadcrumb","itemListElement":[{"@type":"ListItem","position":1,"name":"Portada","item":"https:\/\/willet50.com\/eu\/"},{"@type":"ListItem","position":2,"name":"Lege oharra"}]},{"@type":"WebSite","@id":"https:\/\/willet50.com\/#website","url":"https:\/\/willet50.com\/","name":"Willet","description":"Zinkaren aplikazioan espezialistak","publisher":{"@id":"https:\/\/willet50.com\/#organization"},"potentialAction":[{"@type":"SearchAction","target":{"@type":"EntryPoint","urlTemplate":"https:\/\/willet50.com\/?s={search_term_string}"},"query-input":"required name=search_term_string"}],"inLanguage":"eu-ES"},{"@type":"Organization","@id":"https:\/\/willet50.com\/#organization","name":"Willet50","url":"https:\/\/willet50.com\/","logo":{"@type":"ImageObject","inLanguage":"eu-ES","@id":"https:\/\/willet50.com\/#\/schema\/logo\/image\/","url":"https:\/\/willet50.com\/wp-content\/uploads\/2022\/09\/willet.svg","contentUrl":"https:\/\/willet50.com\/wp-content\/uploads\/2022\/09\/willet.svg","width":"1024","height":"1024","caption":"Willet50"},"image":{"@id":"https:\/\/willet50.com\/#\/schema\/logo\/image\/"}}]}},"_links":{"self":[{"href":"https:\/\/willet50.com\/eu\/wp-json\/wp\/v2\/pages\/755","targetHints":{"allow":["GET"]}}],"collection":[{"href":"https:\/\/willet50.com\/eu\/wp-json\/wp\/v2\/pages"}],"about":[{"href":"https:\/\/willet50.com\/eu\/wp-json\/wp\/v2\/types\/page"}],"author":[{"embeddable":true,"href":"https:\/\/willet50.com\/eu\/wp-json\/wp\/v2\/users\/1"}],"replies":[{"embeddable":true,"href":"https:\/\/willet50.com\/eu\/wp-json\/wp\/v2\/comments?post=755"}],"version-history":[{"count":5,"href":"https:\/\/willet50.com\/eu\/wp-json\/wp\/v2\/pages\/755\/revisions"}],"predecessor-version":[{"id":787,"href":"https:\/\/willet50.com\/eu\/wp-json\/wp\/v2\/pages\/755\/revisions\/787"}],"wp:attachment":[{"href":"https:\/\/willet50.com\/eu\/wp-json\/wp\/v2\/media?parent=755"}],"curies":[{"name":"wp","href":"https:\/\/api.w.org\/{rel}","templated":true}]}}