{"id":762,"date":"2022-09-29T13:53:14","date_gmt":"2022-09-29T11:53:14","guid":{"rendered":"https:\/\/willet50.com\/?page_id=762"},"modified":"2022-10-24T19:12:31","modified_gmt":"2022-10-24T17:12:31","slug":"pribatutasun-politika","status":"publish","type":"page","link":"https:\/\/willet50.com\/eu\/pribatutasun-politika\/","title":{"rendered":"Pribatutasun-politika"},"content":{"rendered":"<p>[et_pb_section fb_built=&#8221;1&#8243; module_class=&#8221;slider-inner&#8221; _builder_version=&#8221;4.18.0&#8243; _module_preset=&#8221;default&#8221; custom_padding=&#8221;0px||0px||false|false&#8221; locked=&#8221;off&#8221; global_colors_info=&#8221;{}&#8221;][et_pb_row _builder_version=&#8221;4.18.0&#8243; _module_preset=&#8221;default&#8221; width=&#8221;100%&#8221; max_width=&#8221;100%&#8221; custom_padding=&#8221;0px||0px||false|false&#8221; global_colors_info=&#8221;{}&#8221;][et_pb_column type=&#8221;4_4&#8243; _builder_version=&#8221;4.18.0&#8243; _module_preset=&#8221;default&#8221; global_colors_info=&#8221;{}&#8221;][et_pb_slider admin_label=&#8221;Carrusel EUS&#8221; module_class=&#8221;home-slider&#8221; _builder_version=&#8221;4.18.0&#8243; _module_preset=&#8221;default&#8221; auto=&#8221;on&#8221; hover_enabled=&#8221;0&#8243; saved_tabs=&#8221;all&#8221; global_colors_info=&#8221;{}&#8221; sticky_enabled=&#8221;0&#8243; global_module=&#8221;774&#8243; locked=&#8221;off&#8221;][et_pb_slide heading=&#8221;ZINK GARRATZA ETA ZINK-NIKEL GARRATZA HEDATZEN ADITUAK&#8221; button_text=&#8221;ZERBITZUAK&#8221; button_link=&#8221;https:\/\/willet50.com\/eu\/zerbitzuak\/&#8221; _builder_version=&#8221;4.18.0&#8243; _module_preset=&#8221;default&#8221; background_enable_color=&#8221;off&#8221; background_image=&#8221;https:\/\/willet50.com\/wp-content\/uploads\/2022\/09\/slider_1.jpg&#8221; background_enable_image=&#8221;on&#8221; global_colors_info=&#8221;{}&#8221; sticky_transition=&#8221;on&#8221; locked=&#8221;off&#8221;]<\/p>\n<p>Ekoizpen-lerro esklusiboa daukagu, galdatzeko piezentzako berezia eta bakarra inguruetan.<\/p>\n<p>[\/et_pb_slide][et_pb_slide heading=&#8221;KOIPEGABETZE KIMIKOA, KATODIKOA ETA ANODO-ELEKTROLITIKOA&#8221; button_text=&#8221;ZERBITZUAK&#8221; button_link=&#8221;https:\/\/willet50.com\/eu\/zerbitzuak\/&#8221; _builder_version=&#8221;4.18.0&#8243; _module_preset=&#8221;default&#8221; background_enable_color=&#8221;off&#8221; background_image=&#8221;https:\/\/willet50.com\/wp-content\/uploads\/2022\/09\/slider_2.jpg&#8221; background_enable_image=&#8221;on&#8221; global_colors_info=&#8221;{}&#8221; sticky_transition=&#8221;on&#8221; locked=&#8221;off&#8221;]<\/p>\n<p>Aurreko fabrikazio-prozesuetatik datozen koipeak eta olio-hondakinak kentzeko teknika bereziak eskaintzen ditugu.<\/p>\n<p>[\/et_pb_slide][et_pb_slide heading=&#8221;HERDOIL-AZALEN, EZPURUTASUNEN ETA OXIDOAREN DESUGERKETA&#8221; button_text=&#8221;ZERBITZUAK&#8221; button_link=&#8221;https:\/\/willet50.com\/eu\/zerbitzuak\/&#8221; _builder_version=&#8221;4.18.0&#8243; _module_preset=&#8221;default&#8221; background_enable_color=&#8221;off&#8221; background_image=&#8221;https:\/\/willet50.com\/wp-content\/uploads\/2022\/09\/slider_3.jpg&#8221; background_enable_image=&#8221;on&#8221; global_colors_info=&#8221;{}&#8221; sticky_transition=&#8221;on&#8221; locked=&#8221;off&#8221;]<\/p>\n<p>Zikinkeriak garbitzen ditugu eta piezen azalak aktibatzen ditugu, ondorengo zink-bainurako.<\/p>\n<p>[\/et_pb_slide][et_pb_slide heading=&#8221;ISO 9001 ETA 14001 ZIURTAGIRIAK&#8221; button_text=&#8221;ENPRESA&#8221; button_link=&#8221;https:\/\/willet50.com\/eu\/enpresa\/&#8221; _builder_version=&#8221;4.18.0&#8243; _module_preset=&#8221;default&#8221; background_enable_color=&#8221;off&#8221; background_image=&#8221;https:\/\/willet50.com\/wp-content\/uploads\/2022\/09\/slider_4.jpg&#8221; background_enable_image=&#8221;on&#8221; global_colors_info=&#8221;{}&#8221; sticky_transition=&#8221;on&#8221; locked=&#8221;off&#8221;]Kalitate- eta ingurumen-estandar guztiak, zorrozki, betetzen ditugu.<\/p>\n<div class=\"img-wrap\"><img loading=\"lazy\" decoding=\"async\" class=\"wp-image-366 alignright size-full\" src=\"https:\/\/willet50.com\/wp-content\/uploads\/2022\/10\/iso9001.png\" alt=\"\" width=\"100\" height=\"100\" \/> <img loading=\"lazy\" decoding=\"async\" class=\"wp-image-370 alignnone size-medium\" src=\"https:\/\/willet50.com\/wp-content\/uploads\/2022\/10\/iso14001.png\" alt=\"\" width=\"100\" height=\"100\" \/><\/div>\n<p>[\/et_pb_slide][\/et_pb_slider][\/et_pb_column][\/et_pb_row][\/et_pb_section][et_pb_section fb_built=&#8221;1&#8243; _builder_version=&#8221;4.18.0&#8243; _module_preset=&#8221;default&#8221; locked=&#8221;off&#8221; global_colors_info=&#8221;{}&#8221;][et_pb_row _builder_version=&#8221;4.18.0&#8243; _module_preset=&#8221;default&#8221; global_colors_info=&#8221;{}&#8221;][et_pb_column type=&#8221;4_4&#8243; _builder_version=&#8221;4.18.0&#8243; _module_preset=&#8221;default&#8221; global_colors_info=&#8221;{}&#8221;][et_pb_text module_class=&#8221;legal&#8221; _builder_version=&#8221;4.18.0&#8243; _module_preset=&#8221;default&#8221; global_colors_info=&#8221;{}&#8221;]<\/p>\n<h1>PRIBATUTASUN-POLITIKA<\/h1>\n<h2>DATU PERTSONALEN TRATAMENDUARI BURUZKO INFORMAZIOA<\/h2>\n<h3>Zein da zure datuen arduraduna?<\/h3>\n<p>\u2022\tDatu Pertsonalak Babesteari eta Eskubide Digitalen Bermeari buruzko abenduaren 5eko 3\/2018 Lege Organikoan eta 2016ko apirilaren 27ko Datuak Babesteko Araudi Orokorrean (RGPD) xedatutakoaren arabera emandako datu pertsonalak WILLET CINCUENTA, S.L.k tratatuko ditu IFK B-83432930 eta Gudarien Etorbidea, 31 \u2013 20140 ANDOAIN (Gipuzkoa) helbidearekin.<\/p>\n<h3>Zeintzu dira zure eskubideak zure datuak ematen dizkiguzunean?<\/h3>\n<p>Edozein pertsonak bere datu pertsonalak sartzeko, zuzentzeko, ezabatzeko, tratamenduak mugatzeko, oposizio edo portabilitatea eskatzeko eskubidea dauka, gure bulegoen helbidera idatziz, edo korreo bat bidaliz x.korta@willet50.net  emailera erabili nahi duen eskubidea adieraziz.<\/p>\n<p>Era berean, emandako baimena edozein momentutan kentzeko eskubidea izango du. Baimenaren kentzeak ez dio eraginduko esandako baimenaren baino lehen egindako tratamenduaren zilegitasunari.<\/p>\n<p>Zure datu pertsonalei dagokionez, zure eskubideak urratuak izan ahal direla ustuea baduzu, Kontrol aginteei erreklamazio bat aurkezteko eskubidea daukazu.<\/p>\n<h2>BEZEROAK<\/h2>\n<h3>Zein helbururekin tratatzen ditugu zure datu pertsonalak?<\/h3>\n<p>Zuk emandako datuak beharrezkoak dira eskatutako zerbitzua berme guztiekin eman ahal izateko, eta xede hauekin tratatuko dira: administrazio-, kontabilitate- eta zerga-kudeaketa, merkataritzako harremanen eta transakzio ekonomikoen kudeaketa, eta publizitatea bidaltzea.<\/p>\n<h3>Zenbat denboran gordeko ditugu zure datuak?<\/h3>\n<p>Emandako datuak kontratua amaitu arte gordeko dira, eta hortik aurrera, legeak ezartzen dituen epeen barruan.<\/p>\n<h3>Zein da zure datuak tratatzeko legitimazioa?<\/h3>\n<p>Tratamendurako oinarri juridikoa kontratu bat egikaritzea da.<\/p>\n<h3>Zein hartzaileri jakinaraziko zaizkio zure datuak?<\/h3>\n<p>Zerga-arloko administrazioa; bankuak, aurrezki-kutxak eta nekazarien kutxak; gai honetan eskumena duen herri-administrazioa.<\/p>\n<h2>KONTAKTUAK<\/h2>\n<h3>Zer helbururekin tratatzen ditugu zure datu pertsonalak?<\/h3>\n<p>Zuk emandako datuak beharrezkoak izango ditugu eskatutako zerbitzua berem guztiarekin eman diezaizugun, eta ondorengo helburuekin tratauko ditugu barne- eta kanpo-komunikaziorako kontaktu-datuen kudeaketa, informazioa eta publiziztatea bidaltzea.<\/p>\n<h3>Zenbat denbora gordeko ditugu zure datuak?<\/h3>\n<p>Interesatuarekin kontaktatzeko beharrezkoak izan daitezkela aurreikusten diren bitartean gordeko dira.<\/p>\n<h3>Zein da zure datuen tratamendurako legitimazioa?<\/h3>\n<p>Tratamendurako oinarri juridikoa interesdunaren onespena da.<\/p>\n<h3>Nori komunitatuko zaizkio zure datuak?<\/h3>\n<p>Zure datuak ezingo dira hirugarren bati erraztu, soilik legeak derrigortzen badu.<\/p>\n<p>[\/et_pb_text][\/et_pb_column][\/et_pb_row][\/et_pb_section]<\/p>\n","protected":false},"excerpt":{"rendered":"<p>Ekoizpen-lerro esklusiboa daukagu, galdatzeko piezentzako berezia eta bakarra inguruetan.Aurreko fabrikazio-prozesuetatik datozen koipeak eta olio-hondakinak kentzeko teknika bereziak eskaintzen ditugu.Zikinkeriak garbitzen ditugu eta piezen azalak aktibatzen ditugu, ondorengo zink-bainurako.Kalitate- eta ingurumen-estandar guztiak, zorrozki, betetzen ditugu. PRIBATUTASUN-POLITIKA DATU PERTSONALEN TRATAMENDUARI BURUZKO INFORMAZIOA Zein da zure datuen arduraduna? \u2022 Datu Pertsonalak Babesteari eta Eskubide Digitalen Bermeari buruzko abenduaren [&hellip;]<\/p>\n","protected":false},"author":1,"featured_media":0,"parent":0,"menu_order":110,"comment_status":"closed","ping_status":"closed","template":"","meta":{"_et_pb_use_builder":"on","_et_pb_old_content":"[et_pb_section fb_built=\"1\" module_class=\"slider-inner\" _builder_version=\"4.18.0\" _module_preset=\"default\" custom_padding=\"0px||0px||false|false\" locked=\"off\" global_colors_info=\"{}\" theme_builder_area=\"post_content\"][et_pb_row _builder_version=\"4.18.0\" _module_preset=\"default\" width=\"100%\" max_width=\"100%\" custom_padding=\"0px||0px||false|false\" global_colors_info=\"{}\" theme_builder_area=\"post_content\"][et_pb_column type=\"4_4\" _builder_version=\"4.18.0\" _module_preset=\"default\" global_colors_info=\"{}\" theme_builder_area=\"post_content\"][et_pb_slider _builder_version=\"4.18.0\" _module_preset=\"default\" global_colors_info=\"{}\" theme_builder_area=\"post_content\"][et_pb_slide heading=\"ESPECIALISTAS EN LA APLICACI\u00d3N DE ZINC \u00c1CIDO Y ZINC-NIQUEL \u00c1CIDO\" button_text=\"SERVICIOS\" _builder_version=\"4.18.0\" _module_preset=\"default\" background_enable_color=\"off\" background_image=\"https:\/\/willet50.com\/wp-content\/uploads\/2022\/09\/slider_1.jpg\" background_enable_image=\"on\" global_colors_info=\"{}\" sticky_transition=\"on\" theme_builder_area=\"post_content\"]<p>Disponemos de una exclusiva l\u00ednea de producci\u00f3n, especial para piezas en fundici\u00f3n, \u00fanica en la zona.<\/p>[\/et_pb_slide][et_pb_slide heading=\"DESENGRASE QU\u00cdMICO, CAT\u00d3DICO Y ELECTROL\u00cdTICO-AN\u00d3DICO\" button_text=\"SERVICIOS\" _builder_version=\"4.18.0\" _module_preset=\"default\" background_enable_color=\"off\" background_image=\"https:\/\/willet50.com\/wp-content\/uploads\/2022\/09\/slider_2.jpg\" background_enable_image=\"on\" global_colors_info=\"{}\" sticky_transition=\"on\" theme_builder_area=\"post_content\"]<p>Ofrecemos t\u00e9cnicas especiales para eliminar los residuos de aceites y grasas<br \/>procedentes de procesos de fabricaci\u00f3n anteriores.<\/p>[\/et_pb_slide][et_pb_slide heading=\"DECAPADO DE CASCARILLAS, IMPUREZAS Y \u00d3XIDO DE LAS PIEZAS\" button_text=\"SERVICIOS\" _builder_version=\"4.18.0\" _module_preset=\"default\" background_enable_color=\"off\" background_image=\"https:\/\/willet50.com\/wp-content\/uploads\/2022\/09\/slider_3.jpg\" background_enable_image=\"on\" global_colors_info=\"{}\" sticky_transition=\"on\" theme_builder_area=\"post_content\"]<p>Eliminamos suciedades y activamos las superficies de las piezas para el zincado posterior.<\/p>[\/et_pb_slide][et_pb_slide heading=\"CERTIFICADOS ISO 9001 Y 14001\" button_text=\"EMPRESA\" _builder_version=\"4.18.0\" _module_preset=\"default\" background_enable_color=\"off\" background_image=\"https:\/\/willet50.com\/wp-content\/uploads\/2022\/09\/slider_4.jpg\" background_enable_image=\"on\" global_colors_info=\"{}\" sticky_transition=\"on\" theme_builder_area=\"post_content\"]<p>Cumplimos rigurosamente todos los est\u00e1ndares de calidad y medioambientales.<\/p>[\/et_pb_slide][\/et_pb_slider][\/et_pb_column][\/et_pb_row][\/et_pb_section][et_pb_section fb_built=\"1\" _builder_version=\"4.18.0\" _module_preset=\"default\" global_colors_info=\"{}\" locked=\"off\" theme_builder_area=\"post_content\"][et_pb_row _builder_version=\"4.18.0\" _module_preset=\"default\" global_colors_info=\"{}\" theme_builder_area=\"post_content\"][et_pb_column type=\"4_4\" _builder_version=\"4.18.0\" _module_preset=\"default\" global_colors_info=\"{}\" theme_builder_area=\"post_content\"][et_pb_text module_class=\"legal\" _builder_version=\"4.18.0\" _module_preset=\"default\" hover_enabled=\"0\" global_colors_info=\"{}\" theme_builder_area=\"post_content\" sticky_enabled=\"0\"]<h1>POL\u00cdTICA DE PRIVACIDAD<\/h1>\r\n<h2>INFORMACION SOBRE EL TRATAMIENTO DE DATOS PERSONALES<\/h2>\r\n<h3>\u00a0\u00bfQui\u00e9n es el responsable de sus datos?<\/h3>\r\n<p>De acuerdo con lo establecido por la Ley Org\u00e1nica 3\/2018, de 5 de diciembre, de Protecci\u00f3n de Datos Personales y garant\u00eda de los derechos digitales (LOPD) y el Reglamento General de Protecci\u00f3n de Datos (RGPD) de 27 de Abril de 2016, le informamos que los datos personales aportados ser\u00e1n tratados por WILLET CINCUENTA, S.L. con CIF B-83432930 y domicilio en Gudarien Etorbidea, 31 \u2013 20140 ANDOAIN (Gipuzkoa).<\/p>\r\n<h3>\u00bfCu\u00e1les son sus derechos cuando nos facilita sus datos?<\/h3>\r\n<p>Cualquier persona tiene derecho a solicitar el acceso, rectificaci\u00f3n, supresi\u00f3n, limitaci\u00f3n del tratamiento, oposici\u00f3n o derecho a la portabilidad de sus datos personales, escribi\u00e9ndonos a la direcci\u00f3n de nuestras oficinas, o enviando un correo electr\u00f3nico a x.korta@willet50.net, indicando el derecho que desea ejercer.<\/p>\r\n<p>Tendr\u00e1 derecho igualmente a retirar el consentimiento prestado en cualquier momento. La retirada del consentimiento no afectar\u00e1 a la licitud del tratamiento efectuado antes de la retirada de dicho consentimiento.<\/p>\r\n<p>Tiene derecho a presentar una reclamaci\u00f3n ante la autoridad de control si considera que pueden haber sido vulnerados sus derechos en lo concerniente a la protecci\u00f3n de sus datos personales.<\/p>\r\n<h2>CLIENTES<\/h2>\r\n<h3>\u00a0\u00bfCon qu\u00e9 finalidad tratamos sus datos personales?<\/h3>\r\n<p>Los datos aportados por usted son necesarios para poder prestarle con todas las garant\u00edas el servicio solicitado, y ser\u00e1n tratados con las siguientes finalidades: Gesti\u00f3n administrativa, contable y fiscal, gesti\u00f3n de las relaciones comerciales y transacciones econ\u00f3micas, acciones de marketing y publicidad en general.<\/p>\r\n<h3>\u00bfPor cu\u00e1nto tiempo conservaremos sus datos?<\/h3>\r\n<p>Los datos personales proporcionados se conservar\u00e1n hasta la finalizaci\u00f3n de la relaci\u00f3n contractual y, posteriormente, durante los plazos legalmente exigidos.<\/p>\r\n<h3>\u00bfCu\u00e1l es la legitimaci\u00f3n para el tratamiento de sus datos?<\/h3>\r\n<p>La base legal para el tratamiento de sus datos es la ejecuci\u00f3n del contrato suscrito con nosotros.<\/p>\r\n<h3>\u00bfA qu\u00e9 destinatarios se comunicar\u00e1n sus datos?<\/h3>\r\n<p>Para cumplir con la finalidad prevista, sus datos podr\u00e1n ser comunicados a: Administraci\u00f3n tributaria; Bancos, cajas de ahorros y cajas rurales; Administraci\u00f3n p\u00fablica con competencia en la materia; Empresas de transporte.<\/p>\r\n<h2>CONTACTOS<\/h2>\r\n<h3>\u00bfCon qu\u00e9 finalidad tratamos sus datos personales?<\/h3>\r\n<p>Los datos aportados por usted son necesarios para poder prestarle con todas las garant\u00edas el servicio solicitado, y ser\u00e1n tratados con las siguientes finalidades: Gesti\u00f3n de las comunicaciones y env\u00edo de publicidad y prospecci\u00f3n comercial.<\/p>\r\n<h3>\u00bfPor cu\u00e1nto tiempo conservaremos sus datos?<\/h3>\r\n<p>Los datos personales proporcionados se conservar\u00e1n mientras se prevea que pueden ser necesarios para contactar con el interesado.<\/p>\r\n<h3>\u00bfCu\u00e1l es la legitimaci\u00f3n para el tratamiento de sus datos?<\/h3>\r\n<p>La base legal para el tratamiento de sus datos es el consentimiento del interesado al proporcionar sus datos de contacto.<\/p>\r\n<h3>\u00bfA qu\u00e9 destinatarios se comunicar\u00e1n sus datos?<\/h3>\r\n<p>Sus datos no se ceder\u00e1n a terceros salvo obligaci\u00f3n legal.<\/p>[\/et_pb_text][\/et_pb_column][\/et_pb_row][\/et_pb_section]","_et_gb_content_width":"","inline_featured_image":false,"footnotes":""},"class_list":["post-762","page","type-page","status-publish","hentry"],"acf":[],"yoast_head":"<!-- This site is optimized with the Yoast SEO plugin v19.10 - https:\/\/yoast.com\/wordpress\/plugins\/seo\/ -->\n<title>Pribatutasun-politika - Willet<\/title>\n<meta name=\"robots\" content=\"index, follow, max-snippet:-1, max-image-preview:large, max-video-preview:-1\" \/>\n<link rel=\"canonical\" href=\"https:\/\/willet50.com\/eu\/pribatutasun-politika\/\" \/>\n<meta property=\"og:locale\" content=\"eu_ES\" \/>\n<meta property=\"og:type\" content=\"article\" \/>\n<meta property=\"og:title\" content=\"Pribatutasun-politika - Willet\" \/>\n<meta property=\"og:description\" content=\"Ekoizpen-lerro esklusiboa daukagu, galdatzeko piezentzako berezia eta bakarra inguruetan.Aurreko fabrikazio-prozesuetatik datozen koipeak eta olio-hondakinak kentzeko teknika bereziak eskaintzen ditugu.Zikinkeriak garbitzen ditugu eta piezen azalak aktibatzen ditugu, ondorengo zink-bainurako.Kalitate- eta ingurumen-estandar guztiak, zorrozki, betetzen ditugu. Enpresaren kudeaketa-politika zure eskura dago.\" \/>\n<meta property=\"og:url\" content=\"https:\/\/willet50.com\/eu\/pribatutasun-politika\/\" \/>\n<meta property=\"og:site_name\" content=\"Willet\" \/>\n<meta property=\"article:modified_time\" content=\"2022-10-24T17:12:31+00:00\" \/>\n<meta property=\"og:image\" content=\"https:\/\/willet50.com\/wp-content\/uploads\/2022\/10\/iso9001.png\" \/>\n<meta name=\"twitter:card\" content=\"summary_large_image\" \/>\n<meta name=\"twitter:label1\" content=\"Est. reading time\" \/>\n\t<meta name=\"twitter:data1\" content=\"4 minutes\" \/>\n<script type=\"application\/ld+json\" class=\"yoast-schema-graph\">{\"@context\":\"https:\/\/schema.org\",\"@graph\":[{\"@type\":\"WebPage\",\"@id\":\"https:\/\/willet50.com\/eu\/pribatutasun-politika\/\",\"url\":\"https:\/\/willet50.com\/eu\/pribatutasun-politika\/\",\"name\":\"Pribatutasun-politika - Willet\",\"isPartOf\":{\"@id\":\"https:\/\/willet50.com\/#website\"},\"datePublished\":\"2022-09-29T11:53:14+00:00\",\"dateModified\":\"2022-10-24T17:12:31+00:00\",\"breadcrumb\":{\"@id\":\"https:\/\/willet50.com\/eu\/pribatutasun-politika\/#breadcrumb\"},\"inLanguage\":\"eu-ES\",\"potentialAction\":[{\"@type\":\"ReadAction\",\"target\":[\"https:\/\/willet50.com\/eu\/pribatutasun-politika\/\"]}]},{\"@type\":\"BreadcrumbList\",\"@id\":\"https:\/\/willet50.com\/eu\/pribatutasun-politika\/#breadcrumb\",\"itemListElement\":[{\"@type\":\"ListItem\",\"position\":1,\"name\":\"Portada\",\"item\":\"https:\/\/willet50.com\/eu\/\"},{\"@type\":\"ListItem\",\"position\":2,\"name\":\"Pribatutasun-politika\"}]},{\"@type\":\"WebSite\",\"@id\":\"https:\/\/willet50.com\/#website\",\"url\":\"https:\/\/willet50.com\/\",\"name\":\"Willet\",\"description\":\"Zinkaren aplikazioan espezialistak\",\"publisher\":{\"@id\":\"https:\/\/willet50.com\/#organization\"},\"potentialAction\":[{\"@type\":\"SearchAction\",\"target\":{\"@type\":\"EntryPoint\",\"urlTemplate\":\"https:\/\/willet50.com\/?s={search_term_string}\"},\"query-input\":\"required name=search_term_string\"}],\"inLanguage\":\"eu-ES\"},{\"@type\":\"Organization\",\"@id\":\"https:\/\/willet50.com\/#organization\",\"name\":\"Willet50\",\"url\":\"https:\/\/willet50.com\/\",\"logo\":{\"@type\":\"ImageObject\",\"inLanguage\":\"eu-ES\",\"@id\":\"https:\/\/willet50.com\/#\/schema\/logo\/image\/\",\"url\":\"https:\/\/willet50.com\/wp-content\/uploads\/2022\/09\/willet.svg\",\"contentUrl\":\"https:\/\/willet50.com\/wp-content\/uploads\/2022\/09\/willet.svg\",\"width\":\"1024\",\"height\":\"1024\",\"caption\":\"Willet50\"},\"image\":{\"@id\":\"https:\/\/willet50.com\/#\/schema\/logo\/image\/\"}}]}<\/script>\n<!-- \/ Yoast SEO plugin. -->","yoast_head_json":{"title":"Pribatutasun-politika - Willet","robots":{"index":"index","follow":"follow","max-snippet":"max-snippet:-1","max-image-preview":"max-image-preview:large","max-video-preview":"max-video-preview:-1"},"canonical":"https:\/\/willet50.com\/eu\/pribatutasun-politika\/","og_locale":"eu_ES","og_type":"article","og_title":"Pribatutasun-politika - Willet","og_description":"Ekoizpen-lerro esklusiboa daukagu, galdatzeko piezentzako berezia eta bakarra inguruetan.Aurreko fabrikazio-prozesuetatik datozen koipeak eta olio-hondakinak kentzeko teknika bereziak eskaintzen ditugu.Zikinkeriak garbitzen ditugu eta piezen azalak aktibatzen ditugu, ondorengo zink-bainurako.Kalitate- eta ingurumen-estandar guztiak, zorrozki, betetzen ditugu. Enpresaren kudeaketa-politika zure eskura dago.","og_url":"https:\/\/willet50.com\/eu\/pribatutasun-politika\/","og_site_name":"Willet","article_modified_time":"2022-10-24T17:12:31+00:00","og_image":[{"url":"https:\/\/willet50.com\/wp-content\/uploads\/2022\/10\/iso9001.png"}],"twitter_card":"summary_large_image","twitter_misc":{"Est. reading time":"4 minutes"},"schema":{"@context":"https:\/\/schema.org","@graph":[{"@type":"WebPage","@id":"https:\/\/willet50.com\/eu\/pribatutasun-politika\/","url":"https:\/\/willet50.com\/eu\/pribatutasun-politika\/","name":"Pribatutasun-politika - Willet","isPartOf":{"@id":"https:\/\/willet50.com\/#website"},"datePublished":"2022-09-29T11:53:14+00:00","dateModified":"2022-10-24T17:12:31+00:00","breadcrumb":{"@id":"https:\/\/willet50.com\/eu\/pribatutasun-politika\/#breadcrumb"},"inLanguage":"eu-ES","potentialAction":[{"@type":"ReadAction","target":["https:\/\/willet50.com\/eu\/pribatutasun-politika\/"]}]},{"@type":"BreadcrumbList","@id":"https:\/\/willet50.com\/eu\/pribatutasun-politika\/#breadcrumb","itemListElement":[{"@type":"ListItem","position":1,"name":"Portada","item":"https:\/\/willet50.com\/eu\/"},{"@type":"ListItem","position":2,"name":"Pribatutasun-politika"}]},{"@type":"WebSite","@id":"https:\/\/willet50.com\/#website","url":"https:\/\/willet50.com\/","name":"Willet","description":"Zinkaren aplikazioan espezialistak","publisher":{"@id":"https:\/\/willet50.com\/#organization"},"potentialAction":[{"@type":"SearchAction","target":{"@type":"EntryPoint","urlTemplate":"https:\/\/willet50.com\/?s={search_term_string}"},"query-input":"required name=search_term_string"}],"inLanguage":"eu-ES"},{"@type":"Organization","@id":"https:\/\/willet50.com\/#organization","name":"Willet50","url":"https:\/\/willet50.com\/","logo":{"@type":"ImageObject","inLanguage":"eu-ES","@id":"https:\/\/willet50.com\/#\/schema\/logo\/image\/","url":"https:\/\/willet50.com\/wp-content\/uploads\/2022\/09\/willet.svg","contentUrl":"https:\/\/willet50.com\/wp-content\/uploads\/2022\/09\/willet.svg","width":"1024","height":"1024","caption":"Willet50"},"image":{"@id":"https:\/\/willet50.com\/#\/schema\/logo\/image\/"}}]}},"_links":{"self":[{"href":"https:\/\/willet50.com\/eu\/wp-json\/wp\/v2\/pages\/762","targetHints":{"allow":["GET"]}}],"collection":[{"href":"https:\/\/willet50.com\/eu\/wp-json\/wp\/v2\/pages"}],"about":[{"href":"https:\/\/willet50.com\/eu\/wp-json\/wp\/v2\/types\/page"}],"author":[{"embeddable":true,"href":"https:\/\/willet50.com\/eu\/wp-json\/wp\/v2\/users\/1"}],"replies":[{"embeddable":true,"href":"https:\/\/willet50.com\/eu\/wp-json\/wp\/v2\/comments?post=762"}],"version-history":[{"count":5,"href":"https:\/\/willet50.com\/eu\/wp-json\/wp\/v2\/pages\/762\/revisions"}],"predecessor-version":[{"id":786,"href":"https:\/\/willet50.com\/eu\/wp-json\/wp\/v2\/pages\/762\/revisions\/786"}],"wp:attachment":[{"href":"https:\/\/willet50.com\/eu\/wp-json\/wp\/v2\/media?parent=762"}],"curies":[{"name":"wp","href":"https:\/\/api.w.org\/{rel}","templated":true}]}}