{"id":365,"date":"2022-09-29T09:17:16","date_gmt":"2022-09-29T07:17:16","guid":{"rendered":"https:\/\/willet50.com\/inicio\/"},"modified":"2024-12-11T21:06:00","modified_gmt":"2024-12-11T20:06:00","slug":"inicio","status":"publish","type":"page","link":"https:\/\/willet50.com\/fr\/","title":{"rendered":"Accueil"},"content":{"rendered":"<p>[et_pb_section fb_built=\u00a0\u00bb1&Prime; _builder_version=\u00a0\u00bb4.18.0&Prime; _module_preset=\u00a0\u00bbdefault\u00a0\u00bb custom_padding=\u00a0\u00bb0px||0px||false|false\u00a0\u00bb global_colors_info=\u00a0\u00bb{}\u00a0\u00bb][et_pb_row _builder_version=\u00a0\u00bb4.18.0&Prime; _module_preset=\u00a0\u00bbdefault\u00a0\u00bb width=\u00a0\u00bb100%\u00a0\u00bb max_width=\u00a0\u00bb100%\u00a0\u00bb custom_padding=\u00a0\u00bb0px||0px||false|false\u00a0\u00bb global_colors_info=\u00a0\u00bb{}\u00a0\u00bb][et_pb_column type=\u00a0\u00bb4_4&Prime; _builder_version=\u00a0\u00bb4.18.0&Prime; _module_preset=\u00a0\u00bbdefault\u00a0\u00bb global_colors_info=\u00a0\u00bb{}\u00a0\u00bb][et_pb_slider admin_label=\u00a0\u00bbCarrusel FR\u00a0\u00bb module_class=\u00a0\u00bbhome-slider\u00a0\u00bb _builder_version=\u00a0\u00bb4.18.1&Prime; _module_preset=\u00a0\u00bbdefault\u00a0\u00bb auto=\u00a0\u00bbon\u00a0\u00bb hover_enabled=\u00a0\u00bb0&Prime; global_module=\u00a0\u00bb924&Prime; saved_tabs=\u00a0\u00bball\u00a0\u00bb global_colors_info=\u00a0\u00bb{}\u00a0\u00bb sticky_enabled=\u00a0\u00bb0&Prime;][et_pb_slide heading=\u00a0\u00bbDES SP\u00c9CIALISTES DE L&rsquo;APPLICATION DE ZINC ACIDE ET ZINC-NICKEL ACIDE\u00a0\u00bb button_text=\u00a0\u00bbSERVICES\u00a0\u00bb button_link=\u00a0\u00bbhttps:\/\/willet50.com\/fr\/services\/\u00a0\u00bb _builder_version=\u00a0\u00bb4.18.0&Prime; _module_preset=\u00a0\u00bbdefault\u00a0\u00bb background_enable_color=\u00a0\u00bboff\u00a0\u00bb background_image=\u00a0\u00bbhttps:\/\/willet50.com\/wp-content\/uploads\/2022\/09\/slider_1.jpg\u00a0\u00bb background_enable_image=\u00a0\u00bbon\u00a0\u00bb global_colors_info=\u00a0\u00bb{}\u00a0\u00bb sticky_transition=\u00a0\u00bbon\u00a0\u00bb]Nous disposons d&rsquo;une ligne de production exclusive, sp\u00e9cialement con\u00e7ue pour les pi\u00e8ces moul\u00e9es, unique dans la r\u00e9gion.[\/et_pb_slide][et_pb_slide heading=\u00a0\u00bbD\u00c9GRAISSAGE CHIMIQUE, CATHODIQUE ET ANODIQUE-\u00c9LECTROLYTIQUE\u00a0\u00bb button_text=\u00a0\u00bbSERVICES\u00a0\u00bb button_link=\u00a0\u00bbhttps:\/\/willet50.com\/fr\/services\/\u00a0\u00bb _builder_version=\u00a0\u00bb4.18.0&Prime; _module_preset=\u00a0\u00bbdefault\u00a0\u00bb background_enable_color=\u00a0\u00bboff\u00a0\u00bb background_image=\u00a0\u00bbhttps:\/\/willet50.com\/wp-content\/uploads\/2022\/09\/slider_2.jpg\u00a0\u00bb background_enable_image=\u00a0\u00bbon\u00a0\u00bb global_colors_info=\u00a0\u00bb{}\u00a0\u00bb sticky_transition=\u00a0\u00bbon\u00a0\u00bb]<\/p>\n<p>Nous proposons des techniques sp\u00e9ciales pour l&rsquo;\u00e9limination des r\u00e9sidus d&rsquo;huile et de graisse des processus de fabrication pr\u00e9c\u00e9dents.<\/p>\n<p>[\/et_pb_slide][et_pb_slide heading=\u00a0\u00bbD\u00c9CAPAGE DU CALCAIRE, DES IMPURET\u00c9S ET DE LA ROUILLE DES PI\u00c8CES\u00a0\u00bb button_text=\u00a0\u00bbSERVICES\u00a0\u00bb button_link=\u00a0\u00bbhttps:\/\/willet50.com\/fr\/services\/\u00a0\u00bb _builder_version=\u00a0\u00bb4.18.0&Prime; _module_preset=\u00a0\u00bbdefault\u00a0\u00bb background_enable_color=\u00a0\u00bboff\u00a0\u00bb background_image=\u00a0\u00bbhttps:\/\/willet50.com\/wp-content\/uploads\/2022\/09\/slider_3.jpg\u00a0\u00bb background_enable_image=\u00a0\u00bbon\u00a0\u00bb global_colors_info=\u00a0\u00bb{}\u00a0\u00bb sticky_transition=\u00a0\u00bbon\u00a0\u00bb]<\/p>\n<p>Nous \u00e9liminons la salet\u00e9 et activons les surfaces des pi\u00e8ces \u00e0 usiner pour un zingage ult\u00e9rieur.<\/p>\n<p>[\/et_pb_slide][et_pb_slide heading=\u00a0\u00bbCERTIFICATS ISO 9001 ET 14001&Prime; button_text=\u00a0\u00bbSOCI\u00c9T\u00c9\u00a0\u00bb button_link=\u00a0\u00bbhttps:\/\/willet50.com\/fr\/societe\/\u00a0\u00bb _builder_version=\u00a0\u00bb4.18.1&Prime; _module_preset=\u00a0\u00bbdefault\u00a0\u00bb background_enable_color=\u00a0\u00bboff\u00a0\u00bb background_image=\u00a0\u00bbhttps:\/\/willet50.com\/wp-content\/uploads\/2022\/09\/slider_4.jpg\u00a0\u00bb background_enable_image=\u00a0\u00bbon\u00a0\u00bb hover_enabled=\u00a0\u00bb0&Prime; global_colors_info=\u00a0\u00bb{}\u00a0\u00bb sticky_transition=\u00a0\u00bbon\u00a0\u00bb sticky_enabled=\u00a0\u00bb0&Prime;]<\/p>\n<p>Nous respectons rigoureusement toutes les normes de qualit\u00e9 et d&rsquo;environnement. La politique de gestion de l\u00b4entreprise est \u00e0 votre disposition.<\/p>\n<div class=\"img-wrap\"><img loading=\"lazy\" decoding=\"async\" class=\"alignnone wp-image-1066 size-full\" src=\"https:\/\/willet50.com\/wp-content\/uploads\/2024\/12\/iso14001-3.png\" alt=\"\" width=\"100\" height=\"100\" \/> <img loading=\"lazy\" decoding=\"async\" class=\"alignnone wp-image-1062 size-full\" src=\"https:\/\/willet50.com\/wp-content\/uploads\/2024\/12\/iso9001-2.png\" alt=\"\" width=\"100\" height=\"100\" \/><\/div>\n<p>[\/et_pb_slide][\/et_pb_slider][\/et_pb_column][\/et_pb_row][\/et_pb_section][et_pb_section fb_built=\u00a0\u00bb1&Prime; module_class=\u00a0\u00bbhome-intro\u00a0\u00bb _builder_version=\u00a0\u00bb4.18.0&Prime; _module_preset=\u00a0\u00bbdefault\u00a0\u00bb background_color=\u00a0\u00bbrgba(255,255,255,0.2)\u00a0\u00bb background_image=\u00a0\u00bbhttps:\/\/willet50.com\/wp-content\/uploads\/2022\/09\/fondo_metal.jpg\u00a0\u00bb background_blend=\u00a0\u00bboverlay\u00a0\u00bb custom_padding=\u00a0\u00bb0px||0px||false|false\u00a0\u00bb global_colors_info=\u00a0\u00bb{}\u00a0\u00bb][et_pb_row column_structure=\u00a0\u00bb1_4,1_2,1_4&Prime; _builder_version=\u00a0\u00bb4.18.0&Prime; _module_preset=\u00a0\u00bbdefault\u00a0\u00bb global_colors_info=\u00a0\u00bb{}\u00a0\u00bb][et_pb_column type=\u00a0\u00bb1_4&Prime; _builder_version=\u00a0\u00bb4.18.0&Prime; _module_preset=\u00a0\u00bbdefault\u00a0\u00bb global_colors_info=\u00a0\u00bb{}\u00a0\u00bb][\/et_pb_column][et_pb_column type=\u00a0\u00bb1_2&Prime; _builder_version=\u00a0\u00bb4.18.0&Prime; _module_preset=\u00a0\u00bbdefault\u00a0\u00bb global_colors_info=\u00a0\u00bb{}\u00a0\u00bb][et_pb_text admin_label=\u00a0\u00bbCALIDAD Y GARANT\u00cdA A TU SERVICIO\u00a0\u00bb _builder_version=\u00a0\u00bb4.18.0&Prime; _module_preset=\u00a0\u00bbdefault\u00a0\u00bb global_colors_info=\u00a0\u00bb{}\u00a0\u00bb]<\/p>\n<h2><strong>LA QUALIT\u00c9 ET LA GARANTIE \u00c0 VOTRE SERVICE<\/strong><\/h2>\n<p>WILLET 50 est une \u00e9quipe de professionnels exp\u00e9riment\u00e9s et passionn\u00e9s, sp\u00e9cialis\u00e9s dans le domaine de l&rsquo;\u00e9lectro-zingace. Nous offrons le meilleur service professionnel et diff\u00e9renci\u00e9, bas\u00e9 sur la qualit\u00e9, la garantie, le conseil, un traitement proche et personnalis\u00e9 et une attention \u00e0 chaque d\u00e9tail.<\/p>\n<p><a href=\"https:\/\/willet50.com\/fr\/societe\/\">SOCI\u00c9T\u00c9<\/a>[\/et_pb_text][\/et_pb_column][et_pb_column type=\u00a0\u00bb1_4&Prime; _builder_version=\u00a0\u00bb4.18.0&Prime; _module_preset=\u00a0\u00bbdefault\u00a0\u00bb global_colors_info=\u00a0\u00bb{}\u00a0\u00bb][\/et_pb_column][\/et_pb_row][\/et_pb_section][et_pb_section fb_built=\u00a0\u00bb1&Prime; module_class=\u00a0\u00bbblocks home\u00a0\u00bb _builder_version=\u00a0\u00bb4.18.0&Prime; _module_preset=\u00a0\u00bbdefault\u00a0\u00bb background_color=\u00a0\u00bbrgba(255,255,255,0.43)\u00a0\u00bb background_image=\u00a0\u00bbhttps:\/\/willet50.com\/wp-content\/uploads\/2022\/09\/fondo_metal.jpg\u00a0\u00bb background_blend=\u00a0\u00bboverlay\u00a0\u00bb custom_padding=\u00a0\u00bb0px||0px||false|false\u00a0\u00bb saved_tabs=\u00a0\u00bball\u00a0\u00bb global_colors_info=\u00a0\u00bb{}\u00a0\u00bb][et_pb_row column_structure=\u00a0\u00bb1_4,1_4,1_4,1_4&Prime; use_custom_gutter=\u00a0\u00bbon\u00a0\u00bb gutter_width=\u00a0\u00bb1&Prime; make_equal=\u00a0\u00bbon\u00a0\u00bb _builder_version=\u00a0\u00bb4.18.0&Prime; _module_preset=\u00a0\u00bbdefault\u00a0\u00bb custom_margin=\u00a0\u00bb0px||0px||false|false\u00a0\u00bb custom_padding=\u00a0\u00bb0px||0px||false|false\u00a0\u00bb global_colors_info=\u00a0\u00bb{}\u00a0\u00bb][et_pb_column type=\u00a0\u00bb1_4&Prime; _builder_version=\u00a0\u00bb4.18.0&Prime; _module_preset=\u00a0\u00bbdefault\u00a0\u00bb global_colors_info=\u00a0\u00bb{}\u00a0\u00bb][et_pb_image src=\u00a0\u00bbhttps:\/\/willet50.com\/wp-content\/uploads\/2022\/10\/willet_home_1.jpg\u00a0\u00bb title_text=\u00a0\u00bbwillet_home_1&Prime; show_in_lightbox=\u00a0\u00bbon\u00a0\u00bb module_class=\u00a0\u00bbampliable\u00a0\u00bb _builder_version=\u00a0\u00bb4.18.0&Prime; _module_preset=\u00a0\u00bbdefault\u00a0\u00bb global_colors_info=\u00a0\u00bb{}\u00a0\u00bb][\/et_pb_image][\/et_pb_column][et_pb_column type=\u00a0\u00bb1_4&Prime; _builder_version=\u00a0\u00bb4.18.0&Prime; _module_preset=\u00a0\u00bbdefault\u00a0\u00bb global_colors_info=\u00a0\u00bb{}\u00a0\u00bb][et_pb_text admin_label=\u00a0\u00bbDESENGRASE\u00a0\u00bb _builder_version=\u00a0\u00bb4.18.0&Prime; _module_preset=\u00a0\u00bbdefault\u00a0\u00bb global_colors_info=\u00a0\u00bb{}\u00a0\u00bb]<\/p>\n<h3><strong>D\u00c9GRAISSEMENT<\/strong><\/h3>\n<p>La premi\u00e8re \u00e9tape consiste \u00e0 enlever la graisse externe et interne des pi\u00e8ces. Pour cela, nous utilisons des techniques de d\u00e9graissage chimique et cathodique.<\/p>\n<p>[\/et_pb_text][\/et_pb_column][et_pb_column type=\u00a0\u00bb1_4&Prime; _builder_version=\u00a0\u00bb4.18.0&Prime; _module_preset=\u00a0\u00bbdefault\u00a0\u00bb global_colors_info=\u00a0\u00bb{}\u00a0\u00bb][et_pb_text admin_label=\u00a0\u00bbDESZINCADO\u00a0\u00bb _builder_version=\u00a0\u00bb4.18.0&Prime; _module_preset=\u00a0\u00bbdefault\u00a0\u00bb global_colors_info=\u00a0\u00bb{}\u00a0\u00bb]<\/p>\n<h3><strong>DEZINGAGE<\/strong><\/h3>\n<p>Nous nettoyons ensuite le zinc, le tartre, la rouille, etc., et les pi\u00e8ces sont pr\u00eates \u00e0 \u00eatre d\u00e9cap\u00e9es.<\/p>\n<p>[\/et_pb_text][\/et_pb_column][et_pb_column type=\u00a0\u00bb1_4&Prime; _builder_version=\u00a0\u00bb4.18.0&Prime; _module_preset=\u00a0\u00bbdefault\u00a0\u00bb global_colors_info=\u00a0\u00bb{}\u00a0\u00bb][et_pb_image src=\u00a0\u00bbhttps:\/\/willet50.com\/wp-content\/uploads\/2022\/10\/willet_home_2.jpg\u00a0\u00bb title_text=\u00a0\u00bbwillet_home_2&Prime; show_in_lightbox=\u00a0\u00bbon\u00a0\u00bb module_class=\u00a0\u00bbampliable\u00a0\u00bb _builder_version=\u00a0\u00bb4.18.0&Prime; _module_preset=\u00a0\u00bbdefault\u00a0\u00bb global_colors_info=\u00a0\u00bb{}\u00a0\u00bb][\/et_pb_image][\/et_pb_column][\/et_pb_row][et_pb_row column_structure=\u00a0\u00bb1_4,1_4,1_4,1_4&Prime; use_custom_gutter=\u00a0\u00bbon\u00a0\u00bb gutter_width=\u00a0\u00bb1&Prime; make_equal=\u00a0\u00bbon\u00a0\u00bb _builder_version=\u00a0\u00bb4.18.0&Prime; _module_preset=\u00a0\u00bbdefault\u00a0\u00bb custom_margin=\u00a0\u00bb0px||0px||false|false\u00a0\u00bb custom_padding=\u00a0\u00bb0px||0px||false|false\u00a0\u00bb global_colors_info=\u00a0\u00bb{}\u00a0\u00bb][et_pb_column type=\u00a0\u00bb1_4&Prime; _builder_version=\u00a0\u00bb4.18.0&Prime; _module_preset=\u00a0\u00bbdefault\u00a0\u00bb global_colors_info=\u00a0\u00bb{}\u00a0\u00bb][et_pb_text admin_label=\u00a0\u00bbDECAPADO\u00a0\u00bb _builder_version=\u00a0\u00bb4.18.0&Prime; _module_preset=\u00a0\u00bbdefault\u00a0\u00bb global_colors_info=\u00a0\u00bb{}\u00a0\u00bb]<\/p>\n<h3><strong>D\u00c9CAP\u00c9<\/strong><\/h3>\n<p>Au cours de ce processus, nous continuons \u00e0 \u00e9liminer les impuret\u00e9s et \u00e0 activer la surface des pi\u00e8ces en vue d&rsquo;un zingage ult\u00e9rieur.<\/p>\n<p>[\/et_pb_text][\/et_pb_column][et_pb_column type=\u00a0\u00bb1_4&Prime; _builder_version=\u00a0\u00bb4.18.0&Prime; _module_preset=\u00a0\u00bbdefault\u00a0\u00bb global_colors_info=\u00a0\u00bb{}\u00a0\u00bb][et_pb_image src=\u00a0\u00bbhttps:\/\/willet50.com\/wp-content\/uploads\/2022\/10\/willet_home_3.jpg\u00a0\u00bb title_text=\u00a0\u00bbwillet_home_3&Prime; show_in_lightbox=\u00a0\u00bbon\u00a0\u00bb module_class=\u00a0\u00bbampliable\u00a0\u00bb _builder_version=\u00a0\u00bb4.18.0&Prime; _module_preset=\u00a0\u00bbdefault\u00a0\u00bb global_colors_info=\u00a0\u00bb{}\u00a0\u00bb][\/et_pb_image][\/et_pb_column][et_pb_column type=\u00a0\u00bb1_4&Prime; _builder_version=\u00a0\u00bb4.18.0&Prime; _module_preset=\u00a0\u00bbdefault\u00a0\u00bb global_colors_info=\u00a0\u00bb{}\u00a0\u00bb][et_pb_image src=\u00a0\u00bbhttps:\/\/willet50.com\/wp-content\/uploads\/2022\/10\/willet_home_4.jpg\u00a0\u00bb title_text=\u00a0\u00bbwillet_home_4&Prime; show_in_lightbox=\u00a0\u00bbon\u00a0\u00bb module_class=\u00a0\u00bbampliable\u00a0\u00bb _builder_version=\u00a0\u00bb4.18.0&Prime; _module_preset=\u00a0\u00bbdefault\u00a0\u00bb global_colors_info=\u00a0\u00bb{}\u00a0\u00bb][\/et_pb_image][\/et_pb_column][et_pb_column type=\u00a0\u00bb1_4&Prime; _builder_version=\u00a0\u00bb4.18.0&Prime; _module_preset=\u00a0\u00bbdefault\u00a0\u00bb global_colors_info=\u00a0\u00bb{}\u00a0\u00bb][et_pb_text admin_label=\u00a0\u00bbZINCADO\u00a0\u00bb _builder_version=\u00a0\u00bb4.18.0&Prime; _module_preset=\u00a0\u00bbdefault\u00a0\u00bb global_colors_info=\u00a0\u00bb{}\u00a0\u00bb]<\/p>\n<h3><strong>ZINGAGE<\/strong><\/h3>\n<p>\u00c0 ce stade, nous ajoutons du zinc aux pi\u00e8ces en utilisant la technique de l&rsquo;\u00e9lectrolyse. Nous couvrons tous les types de pi\u00e8ces m\u00e9talliques.<\/p>\n<p>[\/et_pb_text][\/et_pb_column][\/et_pb_row][et_pb_row column_structure=\u00a0\u00bb1_4,1_4,1_4,1_4&Prime; use_custom_gutter=\u00a0\u00bbon\u00a0\u00bb gutter_width=\u00a0\u00bb1&Prime; make_equal=\u00a0\u00bbon\u00a0\u00bb _builder_version=\u00a0\u00bb4.18.0&Prime; _module_preset=\u00a0\u00bbdefault\u00a0\u00bb custom_margin=\u00a0\u00bb0px||0px||false|false\u00a0\u00bb custom_padding=\u00a0\u00bb0px||0px||false|false\u00a0\u00bb global_colors_info=\u00a0\u00bb{}\u00a0\u00bb][et_pb_column type=\u00a0\u00bb1_4&Prime; _builder_version=\u00a0\u00bb4.18.0&Prime; _module_preset=\u00a0\u00bbdefault\u00a0\u00bb global_colors_info=\u00a0\u00bb{}\u00a0\u00bb][et_pb_image src=\u00a0\u00bbhttps:\/\/willet50.com\/wp-content\/uploads\/2022\/10\/willet_home_5.jpg\u00a0\u00bb title_text=\u00a0\u00bbwillet_home_5&Prime; show_in_lightbox=\u00a0\u00bbon\u00a0\u00bb admin_label=\u00a0\u00bbImagen\u00a0\u00bb module_class=\u00a0\u00bbampliable\u00a0\u00bb _builder_version=\u00a0\u00bb4.18.0&Prime; _module_preset=\u00a0\u00bbdefault\u00a0\u00bb global_colors_info=\u00a0\u00bb{}\u00a0\u00bb][\/et_pb_image][\/et_pb_column][et_pb_column type=\u00a0\u00bb1_4&Prime; _builder_version=\u00a0\u00bb4.18.0&Prime; _module_preset=\u00a0\u00bbdefault\u00a0\u00bb global_colors_info=\u00a0\u00bb{}\u00a0\u00bb][et_pb_text admin_label=\u00a0\u00bbPASIVADO\u00a0\u00bb _builder_version=\u00a0\u00bb4.18.0&Prime; _module_preset=\u00a0\u00bbdefault\u00a0\u00bb global_colors_info=\u00a0\u00bb{}\u00a0\u00bb]<\/p>\n<h3><strong>PASSIVATION<\/strong><\/h3>\n<p>Nous fournissons la couleur et la protection contre l&rsquo;oxydation. Nous sommes sp\u00e9cialis\u00e9s dans la passivation bleue, noire, trivalente-iris\u00e9e et transparente.<\/p>\n<p>[\/et_pb_text][\/et_pb_column][et_pb_column type=\u00a0\u00bb1_4&Prime; _builder_version=\u00a0\u00bb4.18.0&Prime; _module_preset=\u00a0\u00bbdefault\u00a0\u00bb global_colors_info=\u00a0\u00bb{}\u00a0\u00bb][et_pb_text admin_label=\u00a0\u00bbSELLADO\u00a0\u00bb _builder_version=\u00a0\u00bb4.18.0&Prime; _module_preset=\u00a0\u00bbdefault\u00a0\u00bb global_colors_info=\u00a0\u00bb{}\u00a0\u00bb]<\/p>\n<h3><strong>SCELL\u00c9<\/strong><\/h3>\n<p>Enfin, nous traitons les pi\u00e8ces avec des traitements d&rsquo;\u00e9tanch\u00e9it\u00e9 sp\u00e9ciaux pour prolonger la dur\u00e9e de l&rsquo;anticorrosion.<\/p>\n<p>[\/et_pb_text][\/et_pb_column][et_pb_column type=\u00a0\u00bb1_4&Prime; _builder_version=\u00a0\u00bb4.18.0&Prime; _module_preset=\u00a0\u00bbdefault\u00a0\u00bb global_colors_info=\u00a0\u00bb{}\u00a0\u00bb][et_pb_image src=\u00a0\u00bbhttps:\/\/willet50.com\/wp-content\/uploads\/2022\/10\/willet_home_6.jpg\u00a0\u00bb title_text=\u00a0\u00bbwillet_home_6&Prime; show_in_lightbox=\u00a0\u00bbon\u00a0\u00bb module_class=\u00a0\u00bbampliable\u00a0\u00bb _builder_version=\u00a0\u00bb4.18.0&Prime; _module_preset=\u00a0\u00bbdefault\u00a0\u00bb global_colors_info=\u00a0\u00bb{}\u00a0\u00bb][\/et_pb_image][\/et_pb_column][\/et_pb_row][\/et_pb_section][et_pb_section fb_built=\u00a0\u00bb1&Prime; _builder_version=\u00a0\u00bb4.18.0&Prime; _module_preset=\u00a0\u00bbdefault\u00a0\u00bb background_image=\u00a0\u00bbhttps:\/\/willet50.com\/wp-content\/uploads\/2022\/09\/fondo_metal.jpg\u00a0\u00bb custom_padding=\u00a0\u00bb25px||25px||false|false\u00a0\u00bb global_colors_info=\u00a0\u00bb{}\u00a0\u00bb][et_pb_row _builder_version=\u00a0\u00bb4.18.0&Prime; _module_preset=\u00a0\u00bbdefault\u00a0\u00bb custom_padding=\u00a0\u00bb0px||0px||false|false\u00a0\u00bb global_colors_info=\u00a0\u00bb{}\u00a0\u00bb][et_pb_column type=\u00a0\u00bb4_4&Prime; _builder_version=\u00a0\u00bb4.18.0&Prime; _module_preset=\u00a0\u00bbdefault\u00a0\u00bb global_colors_info=\u00a0\u00bb{}\u00a0\u00bb][\/et_pb_column][\/et_pb_row][\/et_pb_section]<\/p>\n","protected":false},"excerpt":{"rendered":"<p>Nous disposons d&rsquo;une ligne de production exclusive, sp\u00e9cialement con\u00e7ue pour les pi\u00e8ces moul\u00e9es, unique dans la r\u00e9gion.Nous proposons des techniques sp\u00e9ciales pour l&rsquo;\u00e9limination des r\u00e9sidus d&rsquo;huile et de graisse des processus de fabrication pr\u00e9c\u00e9dents.Nous \u00e9liminons la salet\u00e9 et activons les surfaces des pi\u00e8ces \u00e0 usiner pour un zingage ult\u00e9rieur.Nous respectons rigoureusement toutes les normes de [&hellip;]<\/p>\n","protected":false},"author":1,"featured_media":0,"parent":0,"menu_order":0,"comment_status":"closed","ping_status":"closed","template":"","meta":{"_et_pb_use_builder":"on","_et_pb_old_content":"","_et_gb_content_width":"","inline_featured_image":false,"footnotes":""},"class_list":["post-365","page","type-page","status-publish","hentry"],"acf":[],"yoast_head":"<!-- This site is optimized with the Yoast SEO plugin v19.10 - https:\/\/yoast.com\/wordpress\/plugins\/seo\/ -->\n<title>Accueil - Willet<\/title>\n<meta name=\"robots\" content=\"index, follow, max-snippet:-1, max-image-preview:large, max-video-preview:-1\" \/>\n<link rel=\"canonical\" href=\"https:\/\/willet50.com\/fr\/\" \/>\n<meta property=\"og:locale\" content=\"fr_FR\" \/>\n<meta property=\"og:type\" content=\"article\" \/>\n<meta property=\"og:title\" content=\"Accueil - Willet\" \/>\n<meta property=\"og:description\" content=\"Nous disposons d&#039;une ligne de production exclusive, sp\u00e9cialement con\u00e7ue pour les pi\u00e8ces moul\u00e9es, unique dans la r\u00e9gion.Nous proposons des techniques sp\u00e9ciales pour l&#039;\u00e9limination des r\u00e9sidus d&#039;huile et de graisse des processus de fabrication pr\u00e9c\u00e9dents.Nous \u00e9liminons la salet\u00e9 et activons les surfaces des pi\u00e8ces \u00e0 usiner pour un zingage ult\u00e9rieur.Nous respectons rigoureusement toutes les normes de [&hellip;]\" \/>\n<meta property=\"og:url\" content=\"https:\/\/willet50.com\/fr\/\" \/>\n<meta property=\"og:site_name\" content=\"Willet\" \/>\n<meta property=\"article:modified_time\" content=\"2024-12-11T20:06:00+00:00\" \/>\n<meta property=\"og:image\" content=\"https:\/\/willet50.com\/wp-content\/uploads\/2024\/12\/iso14001-3.png\" \/>\n<meta name=\"twitter:card\" content=\"summary_large_image\" \/>\n<meta name=\"twitter:label1\" content=\"Dur\u00e9e de lecture estim\u00e9e\" \/>\n\t<meta name=\"twitter:data1\" content=\"3 minutes\" \/>\n<script type=\"application\/ld+json\" class=\"yoast-schema-graph\">{\"@context\":\"https:\/\/schema.org\",\"@graph\":[{\"@type\":\"WebPage\",\"@id\":\"https:\/\/willet50.com\/fr\/\",\"url\":\"https:\/\/willet50.com\/fr\/\",\"name\":\"Accueil - Willet\",\"isPartOf\":{\"@id\":\"https:\/\/willet50.com\/#website\"},\"datePublished\":\"2022-09-29T07:17:16+00:00\",\"dateModified\":\"2024-12-11T20:06:00+00:00\",\"breadcrumb\":{\"@id\":\"https:\/\/willet50.com\/fr\/#breadcrumb\"},\"inLanguage\":\"fr-FR\",\"potentialAction\":[{\"@type\":\"ReadAction\",\"target\":[\"https:\/\/willet50.com\/fr\/\"]}]},{\"@type\":\"BreadcrumbList\",\"@id\":\"https:\/\/willet50.com\/fr\/#breadcrumb\",\"itemListElement\":[{\"@type\":\"ListItem\",\"position\":1,\"name\":\"Portada\",\"item\":\"https:\/\/willet50.com\/fr\/\"},{\"@type\":\"ListItem\",\"position\":2,\"name\":\"Accueil\"}]},{\"@type\":\"WebSite\",\"@id\":\"https:\/\/willet50.com\/#website\",\"url\":\"https:\/\/willet50.com\/\",\"name\":\"Willet\",\"description\":\"Sp\u00e9cialistes dans l'application du zinc\",\"publisher\":{\"@id\":\"https:\/\/willet50.com\/#organization\"},\"potentialAction\":[{\"@type\":\"SearchAction\",\"target\":{\"@type\":\"EntryPoint\",\"urlTemplate\":\"https:\/\/willet50.com\/?s={search_term_string}\"},\"query-input\":\"required name=search_term_string\"}],\"inLanguage\":\"fr-FR\"},{\"@type\":\"Organization\",\"@id\":\"https:\/\/willet50.com\/#organization\",\"name\":\"Willet50\",\"url\":\"https:\/\/willet50.com\/\",\"logo\":{\"@type\":\"ImageObject\",\"inLanguage\":\"fr-FR\",\"@id\":\"https:\/\/willet50.com\/#\/schema\/logo\/image\/\",\"url\":\"https:\/\/willet50.com\/wp-content\/uploads\/2022\/09\/willet.svg\",\"contentUrl\":\"https:\/\/willet50.com\/wp-content\/uploads\/2022\/09\/willet.svg\",\"width\":\"1024\",\"height\":\"1024\",\"caption\":\"Willet50\"},\"image\":{\"@id\":\"https:\/\/willet50.com\/#\/schema\/logo\/image\/\"}}]}<\/script>\n<!-- \/ Yoast SEO plugin. -->","yoast_head_json":{"title":"Accueil - Willet","robots":{"index":"index","follow":"follow","max-snippet":"max-snippet:-1","max-image-preview":"max-image-preview:large","max-video-preview":"max-video-preview:-1"},"canonical":"https:\/\/willet50.com\/fr\/","og_locale":"fr_FR","og_type":"article","og_title":"Accueil - Willet","og_description":"Nous disposons d'une ligne de production exclusive, sp\u00e9cialement con\u00e7ue pour les pi\u00e8ces moul\u00e9es, unique dans la r\u00e9gion.Nous proposons des techniques sp\u00e9ciales pour l'\u00e9limination des r\u00e9sidus d'huile et de graisse des processus de fabrication pr\u00e9c\u00e9dents.Nous \u00e9liminons la salet\u00e9 et activons les surfaces des pi\u00e8ces \u00e0 usiner pour un zingage ult\u00e9rieur.Nous respectons rigoureusement toutes les normes de [&hellip;]","og_url":"https:\/\/willet50.com\/fr\/","og_site_name":"Willet","article_modified_time":"2024-12-11T20:06:00+00:00","og_image":[{"url":"https:\/\/willet50.com\/wp-content\/uploads\/2024\/12\/iso14001-3.png"}],"twitter_card":"summary_large_image","twitter_misc":{"Dur\u00e9e de lecture estim\u00e9e":"3 minutes"},"schema":{"@context":"https:\/\/schema.org","@graph":[{"@type":"WebPage","@id":"https:\/\/willet50.com\/fr\/","url":"https:\/\/willet50.com\/fr\/","name":"Accueil - Willet","isPartOf":{"@id":"https:\/\/willet50.com\/#website"},"datePublished":"2022-09-29T07:17:16+00:00","dateModified":"2024-12-11T20:06:00+00:00","breadcrumb":{"@id":"https:\/\/willet50.com\/fr\/#breadcrumb"},"inLanguage":"fr-FR","potentialAction":[{"@type":"ReadAction","target":["https:\/\/willet50.com\/fr\/"]}]},{"@type":"BreadcrumbList","@id":"https:\/\/willet50.com\/fr\/#breadcrumb","itemListElement":[{"@type":"ListItem","position":1,"name":"Portada","item":"https:\/\/willet50.com\/fr\/"},{"@type":"ListItem","position":2,"name":"Accueil"}]},{"@type":"WebSite","@id":"https:\/\/willet50.com\/#website","url":"https:\/\/willet50.com\/","name":"Willet","description":"Sp\u00e9cialistes dans l'application du zinc","publisher":{"@id":"https:\/\/willet50.com\/#organization"},"potentialAction":[{"@type":"SearchAction","target":{"@type":"EntryPoint","urlTemplate":"https:\/\/willet50.com\/?s={search_term_string}"},"query-input":"required name=search_term_string"}],"inLanguage":"fr-FR"},{"@type":"Organization","@id":"https:\/\/willet50.com\/#organization","name":"Willet50","url":"https:\/\/willet50.com\/","logo":{"@type":"ImageObject","inLanguage":"fr-FR","@id":"https:\/\/willet50.com\/#\/schema\/logo\/image\/","url":"https:\/\/willet50.com\/wp-content\/uploads\/2022\/09\/willet.svg","contentUrl":"https:\/\/willet50.com\/wp-content\/uploads\/2022\/09\/willet.svg","width":"1024","height":"1024","caption":"Willet50"},"image":{"@id":"https:\/\/willet50.com\/#\/schema\/logo\/image\/"}}]}},"_links":{"self":[{"href":"https:\/\/willet50.com\/fr\/wp-json\/wp\/v2\/pages\/365","targetHints":{"allow":["GET"]}}],"collection":[{"href":"https:\/\/willet50.com\/fr\/wp-json\/wp\/v2\/pages"}],"about":[{"href":"https:\/\/willet50.com\/fr\/wp-json\/wp\/v2\/types\/page"}],"author":[{"embeddable":true,"href":"https:\/\/willet50.com\/fr\/wp-json\/wp\/v2\/users\/1"}],"replies":[{"embeddable":true,"href":"https:\/\/willet50.com\/fr\/wp-json\/wp\/v2\/comments?post=365"}],"version-history":[{"count":17,"href":"https:\/\/willet50.com\/fr\/wp-json\/wp\/v2\/pages\/365\/revisions"}],"predecessor-version":[{"id":1074,"href":"https:\/\/willet50.com\/fr\/wp-json\/wp\/v2\/pages\/365\/revisions\/1074"}],"wp:attachment":[{"href":"https:\/\/willet50.com\/fr\/wp-json\/wp\/v2\/media?parent=365"}],"curies":[{"name":"wp","href":"https:\/\/api.w.org\/{rel}","templated":true}]}}