{"id":913,"date":"2022-09-29T13:52:58","date_gmt":"2022-09-29T11:52:58","guid":{"rendered":"https:\/\/willet50.com\/?page_id=913"},"modified":"2022-10-25T00:01:33","modified_gmt":"2022-10-24T22:01:33","slug":"avis-juridique","status":"publish","type":"page","link":"https:\/\/willet50.com\/fr\/avis-juridique\/","title":{"rendered":"Avis juridique"},"content":{"rendered":"<p>[et_pb_section fb_built=\u00a0\u00bb1&Prime; module_class=\u00a0\u00bbslider-inner\u00a0\u00bb _builder_version=\u00a0\u00bb4.18.0&Prime; _module_preset=\u00a0\u00bbdefault\u00a0\u00bb custom_padding=\u00a0\u00bb0px||0px||false|false\u00a0\u00bb locked=\u00a0\u00bboff\u00a0\u00bb global_colors_info=\u00a0\u00bb{}\u00a0\u00bb][et_pb_row _builder_version=\u00a0\u00bb4.18.0&Prime; _module_preset=\u00a0\u00bbdefault\u00a0\u00bb width=\u00a0\u00bb100%\u00a0\u00bb max_width=\u00a0\u00bb100%\u00a0\u00bb custom_padding=\u00a0\u00bb0px||0px||false|false\u00a0\u00bb global_colors_info=\u00a0\u00bb{}\u00a0\u00bb][et_pb_column type=\u00a0\u00bb4_4&Prime; _builder_version=\u00a0\u00bb4.18.0&Prime; _module_preset=\u00a0\u00bbdefault\u00a0\u00bb global_colors_info=\u00a0\u00bb{}\u00a0\u00bb][et_pb_slider admin_label=\u00a0\u00bbCarrusel FR\u00a0\u00bb module_class=\u00a0\u00bbhome-slider\u00a0\u00bb _builder_version=\u00a0\u00bb4.18.0&Prime; _module_preset=\u00a0\u00bbdefault\u00a0\u00bb auto=\u00a0\u00bbon\u00a0\u00bb hover_enabled=\u00a0\u00bb0&Prime; saved_tabs=\u00a0\u00bball\u00a0\u00bb global_colors_info=\u00a0\u00bb{}\u00a0\u00bb sticky_enabled=\u00a0\u00bb0&Prime; global_module=\u00a0\u00bb924&Prime; locked=\u00a0\u00bboff\u00a0\u00bb][et_pb_slide heading=\u00a0\u00bbDES SP\u00c9CIALISTES DE L&rsquo;APPLICATION DE ZINC ACIDE ET ZINC-NICKEL ACIDE\u00a0\u00bb button_text=\u00a0\u00bbSERVICES\u00a0\u00bb button_link=\u00a0\u00bbhttps:\/\/willet50.com\/fr\/services\/\u00a0\u00bb _builder_version=\u00a0\u00bb4.18.0&Prime; _module_preset=\u00a0\u00bbdefault\u00a0\u00bb background_enable_color=\u00a0\u00bboff\u00a0\u00bb background_image=\u00a0\u00bbhttps:\/\/willet50.com\/wp-content\/uploads\/2022\/09\/slider_1.jpg\u00a0\u00bb background_enable_image=\u00a0\u00bbon\u00a0\u00bb global_colors_info=\u00a0\u00bb{}\u00a0\u00bb sticky_transition=\u00a0\u00bbon\u00a0\u00bb locked=\u00a0\u00bboff\u00a0\u00bb]Nous disposons d&rsquo;une ligne de production exclusive, sp\u00e9cialement con\u00e7ue pour les pi\u00e8ces moul\u00e9es, unique dans la r\u00e9gion.[\/et_pb_slide][et_pb_slide heading=\u00a0\u00bbD\u00c9GRAISSAGE CHIMIQUE, CATHODIQUE ET ANODIQUE-\u00c9LECTROLYTIQUE\u00a0\u00bb button_text=\u00a0\u00bbSERVICES\u00a0\u00bb button_link=\u00a0\u00bbhttps:\/\/willet50.com\/fr\/services\/\u00a0\u00bb _builder_version=\u00a0\u00bb4.18.0&Prime; _module_preset=\u00a0\u00bbdefault\u00a0\u00bb background_enable_color=\u00a0\u00bboff\u00a0\u00bb background_image=\u00a0\u00bbhttps:\/\/willet50.com\/wp-content\/uploads\/2022\/09\/slider_2.jpg\u00a0\u00bb background_enable_image=\u00a0\u00bbon\u00a0\u00bb global_colors_info=\u00a0\u00bb{}\u00a0\u00bb sticky_transition=\u00a0\u00bbon\u00a0\u00bb locked=\u00a0\u00bboff\u00a0\u00bb]<\/p>\n<p>Nous proposons des techniques sp\u00e9ciales pour l&rsquo;\u00e9limination des r\u00e9sidus d&rsquo;huile et de graisse des processus de fabrication pr\u00e9c\u00e9dents.<\/p>\n<p>[\/et_pb_slide][et_pb_slide heading=\u00a0\u00bbD\u00c9CAPAGE DU CALCAIRE, DES IMPURET\u00c9S ET DE LA ROUILLE DES PI\u00c8CES\u00a0\u00bb button_text=\u00a0\u00bbSERVICES\u00a0\u00bb button_link=\u00a0\u00bbhttps:\/\/willet50.com\/fr\/services\/\u00a0\u00bb _builder_version=\u00a0\u00bb4.18.0&Prime; _module_preset=\u00a0\u00bbdefault\u00a0\u00bb background_enable_color=\u00a0\u00bboff\u00a0\u00bb background_image=\u00a0\u00bbhttps:\/\/willet50.com\/wp-content\/uploads\/2022\/09\/slider_3.jpg\u00a0\u00bb background_enable_image=\u00a0\u00bbon\u00a0\u00bb global_colors_info=\u00a0\u00bb{}\u00a0\u00bb sticky_transition=\u00a0\u00bbon\u00a0\u00bb locked=\u00a0\u00bboff\u00a0\u00bb]<\/p>\n<p>Nous \u00e9liminons la salet\u00e9 et activons les surfaces des pi\u00e8ces \u00e0 usiner pour un zingage ult\u00e9rieur.<\/p>\n<p>[\/et_pb_slide][et_pb_slide heading=\u00a0\u00bbCERTIFICATS ISO 9001 ET 14001&Prime; button_text=\u00a0\u00bbSOCI\u00c9T\u00c9\u00a0\u00bb button_link=\u00a0\u00bbhttps:\/\/willet50.com\/fr\/societe\/\u00a0\u00bb _builder_version=\u00a0\u00bb4.18.0&Prime; _module_preset=\u00a0\u00bbdefault\u00a0\u00bb background_enable_color=\u00a0\u00bboff\u00a0\u00bb background_image=\u00a0\u00bbhttps:\/\/willet50.com\/wp-content\/uploads\/2022\/09\/slider_4.jpg\u00a0\u00bb background_enable_image=\u00a0\u00bbon\u00a0\u00bb global_colors_info=\u00a0\u00bb{}\u00a0\u00bb sticky_transition=\u00a0\u00bbon\u00a0\u00bb locked=\u00a0\u00bboff\u00a0\u00bb]<\/p>\n<p>Nous respectons rigoureusement toutes les normes de qualit\u00e9 et d&rsquo;environnement.<\/p>\n<div class=\"img-wrap\"><img loading=\"lazy\" decoding=\"async\" class=\"wp-image-366 alignright size-full\" src=\"https:\/\/willet50.com\/wp-content\/uploads\/2022\/10\/iso9001.png\" alt=\"\" width=\"100\" height=\"100\" \/> <img loading=\"lazy\" decoding=\"async\" class=\"wp-image-370 alignnone size-medium\" src=\"https:\/\/willet50.com\/wp-content\/uploads\/2022\/10\/iso14001.png\" alt=\"\" width=\"100\" height=\"100\" \/><\/div>\n<p>[\/et_pb_slide][\/et_pb_slider][\/et_pb_column][\/et_pb_row][\/et_pb_section][et_pb_section fb_built=\u00a0\u00bb1&Prime; _builder_version=\u00a0\u00bb4.18.0&Prime; _module_preset=\u00a0\u00bbdefault\u00a0\u00bb global_colors_info=\u00a0\u00bb{}\u00a0\u00bb][et_pb_row _builder_version=\u00a0\u00bb4.18.0&Prime; _module_preset=\u00a0\u00bbdefault\u00a0\u00bb global_colors_info=\u00a0\u00bb{}\u00a0\u00bb][et_pb_column type=\u00a0\u00bb4_4&Prime; _builder_version=\u00a0\u00bb4.18.0&Prime; _module_preset=\u00a0\u00bbdefault\u00a0\u00bb global_colors_info=\u00a0\u00bb{}\u00a0\u00bb][et_pb_text module_class=\u00a0\u00bblegal\u00a0\u00bb _builder_version=\u00a0\u00bb4.18.0&Prime; _module_preset=\u00a0\u00bbdefault\u00a0\u00bb global_colors_info=\u00a0\u00bb{}\u00a0\u00bb]<\/p>\n<h1><strong>Avis juridique<\/strong><\/h1>\n<ul>\n<li>WILLET CINCUENTA, S.L.<\/li>\n<li>CIF : B-83432930<\/li>\n<li>Adresse : Gudarien Etorbidea, 31 &#8211; 20140 ANDOAIN (Gipuzkoa)<\/li>\n<li>E-mail : x.korta@willet50.net<\/li>\n<\/ul>\n<h2><strong>Objet<\/strong><\/h2>\n<p>L&rsquo;utilisation du site web implique l&rsquo;acceptation expresse et compl\u00e8te des conditions \u00e9nonc\u00e9es ici, sans pr\u00e9judice des conditions particuli\u00e8res qui peuvent s&rsquo;appliquer \u00e0 certains des services sp\u00e9cifiques offerts par le biais du site web. WILLET CINCUENTA, S.L. se r\u00e9serve le droit de modifier \u00e0 tout moment les pr\u00e9sentes conditions d&rsquo;utilisation et toute autre condition sp\u00e9cifique.<\/p>\n<h2><strong>Propri\u00e9t\u00e9 intellectuelle sur le contenu du site<\/strong><\/h2>\n<p>Tous les \u00e9l\u00e9ments qui composent le site web www. willet50.com, ainsi que sa structure, son design et son code source sont la propri\u00e9t\u00e9 de WILLET CINCUENTA, S.L., et sont prot\u00e9g\u00e9s par la r\u00e9glementation sur la propri\u00e9t\u00e9 intellectuelle et industrielle. La reproduction totale ou partielle du contenu de ce site, ainsi que sa modification et\/ou sa distribution, sont interdites sans en citer l&rsquo;origine ou en demander l&rsquo;autorisation pr\u00e9alable. WILLET CINCUENTA, S.L. n&rsquo;assumera aucune responsabilit\u00e9 d\u00e9coulant de l&rsquo;utilisation par des tiers du contenu du site web et pourra exercer toutes les actions civiles ou p\u00e9nales qui lui correspondent en cas de violation de ces droits par l&rsquo;utilisateur.<\/p>\n<h2><strong>LOPD (loi organique sur la protection des donn\u00e9es \u00e0 caract\u00e8re personnel)<\/strong><\/h2>\n<p>Conform\u00e9ment aux dispositions de la loi 15\/1999 sur la protection des donn\u00e9es personnelles, WILLET CINCUENTA, S.L. vous informe que les donn\u00e9es personnelles qui nous sont fournies seront incorpor\u00e9es pour traitement dans des fichiers automatis\u00e9s. La collecte et le traitement de ces donn\u00e9es ont pour but la participation des utilisateurs aux processus d&rsquo;achat et\/ou les communications \u00e9lectroniques. WILLET CINCUENTA, S.L. s&rsquo;engage \u00e0 respecter son obligation de secret \u00e0 l&rsquo;\u00e9gard des donn\u00e9es personnelles fournies et le devoir de les traiter avec confidentialit\u00e9 et r\u00e9serve, conform\u00e9ment \u00e0 la l\u00e9gislation en vigueur. \u00c0 cette fin, elle adoptera les mesures n\u00e9cessaires pour \u00e9viter leur alt\u00e9ration, leur perte, leur traitement ou leur acc\u00e8s non autoris\u00e9s.<\/p>\n<p>[\/et_pb_text][\/et_pb_column][\/et_pb_row][\/et_pb_section]<\/p>\n","protected":false},"excerpt":{"rendered":"<p>Nous disposons d&rsquo;une ligne de production exclusive, sp\u00e9cialement con\u00e7ue pour les pi\u00e8ces moul\u00e9es, unique dans la r\u00e9gion.Nous proposons des techniques sp\u00e9ciales pour l&rsquo;\u00e9limination des r\u00e9sidus d&rsquo;huile et de graisse des processus de fabrication pr\u00e9c\u00e9dents.Nous \u00e9liminons la salet\u00e9 et activons les surfaces des pi\u00e8ces \u00e0 usiner pour un zingage ult\u00e9rieur.Nous respectons rigoureusement toutes les normes de [&hellip;]<\/p>\n","protected":false},"author":1,"featured_media":0,"parent":0,"menu_order":100,"comment_status":"closed","ping_status":"closed","template":"","meta":{"_et_pb_use_builder":"on","_et_pb_old_content":"[et_pb_section fb_built=\"1\" module_class=\"slider-inner\" _builder_version=\"4.18.0\" _module_preset=\"default\" custom_padding=\"0px||0px||false|false\" locked=\"off\" global_colors_info=\"{}\"][et_pb_row _builder_version=\"4.18.0\" _module_preset=\"default\" width=\"100%\" max_width=\"100%\" custom_padding=\"0px||0px||false|false\" global_colors_info=\"{}\"][et_pb_column type=\"4_4\" _builder_version=\"4.18.0\" _module_preset=\"default\" global_colors_info=\"{}\"][et_pb_slider _builder_version=\"4.18.0\" _module_preset=\"default\" global_colors_info=\"{}\"][et_pb_slide heading=\"ESPECIALISTAS EN LA APLICACI\u00d3N DE ZINC \u00c1CIDO Y ZINC-NIQUEL \u00c1CIDO\" button_text=\"SERVICIOS\" _builder_version=\"4.18.0\" _module_preset=\"default\" background_enable_color=\"off\" background_image=\"https:\/\/willet50.com\/wp-content\/uploads\/2022\/09\/slider_1.jpg\" background_enable_image=\"on\" global_colors_info=\"{}\" sticky_transition=\"on\"]<p>Disponemos de una exclusiva l\u00ednea de producci\u00f3n, especial para piezas en fundici\u00f3n, \u00fanica en la zona.<\/p>[\/et_pb_slide][et_pb_slide heading=\"DESENGRASE QU\u00cdMICO, CAT\u00d3DICO Y ELECTROL\u00cdTICO-AN\u00d3DICO\" button_text=\"SERVICIOS\" _builder_version=\"4.18.0\" _module_preset=\"default\" background_enable_color=\"off\" background_image=\"https:\/\/willet50.com\/wp-content\/uploads\/2022\/09\/slider_2.jpg\" background_enable_image=\"on\" global_colors_info=\"{}\" sticky_transition=\"on\"]<p>Ofrecemos t\u00e9cnicas especiales para eliminar los residuos de aceites y grasas<br \/>procedentes de procesos de fabricaci\u00f3n anteriores.<\/p>[\/et_pb_slide][et_pb_slide heading=\"DECAPADO DE CASCARILLAS, IMPUREZAS Y \u00d3XIDO DE LAS PIEZAS\" button_text=\"SERVICIOS\" _builder_version=\"4.18.0\" _module_preset=\"default\" background_enable_color=\"off\" background_image=\"https:\/\/willet50.com\/wp-content\/uploads\/2022\/09\/slider_3.jpg\" background_enable_image=\"on\" global_colors_info=\"{}\" sticky_transition=\"on\"]<p>Eliminamos suciedades y activamos las superficies de las piezas para el zincado posterior.<\/p>[\/et_pb_slide][et_pb_slide heading=\"CERTIFICADOS ISO 9001 Y 14001\" button_text=\"EMPRESA\" _builder_version=\"4.18.0\" _module_preset=\"default\" background_enable_color=\"off\" background_image=\"https:\/\/willet50.com\/wp-content\/uploads\/2022\/09\/slider_4.jpg\" background_enable_image=\"on\" global_colors_info=\"{}\" sticky_transition=\"on\"]<p>Cumplimos rigurosamente todos los est\u00e1ndares de calidad y medioambientales.<\/p>[\/et_pb_slide][\/et_pb_slider][\/et_pb_column][\/et_pb_row][\/et_pb_section][et_pb_section fb_built=\"1\" _builder_version=\"4.18.0\" _module_preset=\"default\" global_colors_info=\"{}\"][et_pb_row _builder_version=\"4.18.0\" _module_preset=\"default\" global_colors_info=\"{}\"][et_pb_column type=\"4_4\" _builder_version=\"4.18.0\" _module_preset=\"default\" global_colors_info=\"{}\"][et_pb_text module_class=\"legal\" _builder_version=\"4.18.0\" _module_preset=\"default\" hover_enabled=\"0\" global_colors_info=\"{}\" sticky_enabled=\"0\"]<h1>Aviso legal<\/h1>\r\n<ul>\r\n<li>WILLET CINCUENTA, S.L.<\/li>\r\n<li>CIF: B-83432930<\/li>\r\n<li>Direcci\u00f3n: Gudarien Etorbidea, 31 \u2013 20140 ANDOAIN (Gipuzkoa)<\/li>\r\n<li>Email: x.korta@willet50.net<\/li>\r\n<\/ul>\r\n<h2><strong>Objeto<\/strong><\/h2>\r\n<p>El uso del sitio web implica la expresa y plena aceptaci\u00f3n de las condiciones aqu\u00ed expuestas, sin perjuicio de aquellas particulares que pudieran aplicarse a algunos de los servicios concretos ofrecidos a trav\u00e9s del sitio Web. Miren Camis\u00f3n Goyenechea se reserva el derecho de modificar en cualquier momento las presentes condiciones de uso as\u00ed como cualesquiera otras condiciones particulares.<\/p>\r\n<h2><strong>Propiedad intelectual sobre los contenidos del sitio web<\/strong><\/h2>\r\n<p>Todos los elementos que forman el sitio web filosofiafaktoria.eus, as\u00ed como su estructura, dise\u00f1o y c\u00f3digo fuente son titularidad de Miren Camis\u00f3n Goyenechea, y est\u00e1n protegidos por la normativa de propiedad intelectual e industrial. Se proh\u00edbe la reproducci\u00f3n total o parcial de los contenidos de este sitio web, as\u00ed como su modificaci\u00f3n y\/o distribuci\u00f3n, sin citar su origen o solicitar previamente autorizaci\u00f3n. Miren Camis\u00f3n Goyenechea no asumir\u00e1 ninguna responsabilidad derivada del uso por terceros del contenido del sitio Web y podr\u00e1 ejercitar todas las acciones civiles o penales que le correspondan, en caso de infracci\u00f3n de estos derechos por parte del usuario.<\/p>\r\n<h2><strong>LOPD (Ley Org\u00e1nica de Protecci\u00f3n de Datos de Car\u00e1cter Personal)<\/strong><\/h2>\r\n<p>En cumplimiento de lo dispuesto en la Ley Org\u00e1nica 15\/1999 de Protecci\u00f3n de Datos de Car\u00e1cter Personal, Miren Camis\u00f3n Goyenechea te informa que los datos personales que nos sean proporcionados van a ser incorporados para su tratamiento en ficheros automatizados. La recogida y tratamiento de dichos datos tienen como finalidad la participaci\u00f3n en procesos de compra por parte de los usuarios y\/o comunicaciones electr\u00f3nicas. Miren Camis\u00f3n Goyenechea se compromete al cumplimiento de su obligaci\u00f3n de secreto con respecto a los datos de car\u00e1cter personal suministrados y al deber de tratarlos con confidencialidad y reserva, conforme a la legislaci\u00f3n vigente. A estos efectos adoptar\u00e1 las medidas necesarias para evitar su alteraci\u00f3n, p\u00e9rdida, tratamiento o acceso no autorizado.<\/p>[\/et_pb_text][\/et_pb_column][\/et_pb_row][\/et_pb_section]","_et_gb_content_width":"","inline_featured_image":false,"footnotes":""},"class_list":["post-913","page","type-page","status-publish","hentry"],"acf":[],"yoast_head":"<!-- This site is optimized with the Yoast SEO plugin v19.10 - https:\/\/yoast.com\/wordpress\/plugins\/seo\/ -->\n<title>Avis juridique - Willet<\/title>\n<meta name=\"robots\" content=\"index, follow, max-snippet:-1, max-image-preview:large, max-video-preview:-1\" \/>\n<link rel=\"canonical\" href=\"https:\/\/willet50.com\/fr\/avis-juridique\/\" \/>\n<meta property=\"og:locale\" content=\"fr_FR\" \/>\n<meta property=\"og:type\" content=\"article\" \/>\n<meta property=\"og:title\" content=\"Avis juridique - Willet\" \/>\n<meta property=\"og:description\" content=\"Nous disposons d&#039;une ligne de production exclusive, sp\u00e9cialement con\u00e7ue pour les pi\u00e8ces moul\u00e9es, unique dans la r\u00e9gion.Nous proposons des techniques sp\u00e9ciales pour l&#039;\u00e9limination des r\u00e9sidus d&#039;huile et de graisse des processus de fabrication pr\u00e9c\u00e9dents.Nous \u00e9liminons la salet\u00e9 et activons les surfaces des pi\u00e8ces \u00e0 usiner pour un zingage ult\u00e9rieur.Nous respectons rigoureusement toutes les normes de [&hellip;]\" \/>\n<meta property=\"og:url\" content=\"https:\/\/willet50.com\/fr\/avis-juridique\/\" \/>\n<meta property=\"og:site_name\" content=\"Willet\" \/>\n<meta property=\"article:modified_time\" content=\"2022-10-24T22:01:33+00:00\" \/>\n<meta property=\"og:image\" content=\"https:\/\/willet50.com\/wp-content\/uploads\/2022\/10\/iso9001.png\" \/>\n<meta name=\"twitter:card\" content=\"summary_large_image\" \/>\n<meta name=\"twitter:label1\" content=\"Dur\u00e9e de lecture estim\u00e9e\" \/>\n\t<meta name=\"twitter:data1\" content=\"4 minutes\" \/>\n<script type=\"application\/ld+json\" class=\"yoast-schema-graph\">{\"@context\":\"https:\/\/schema.org\",\"@graph\":[{\"@type\":\"WebPage\",\"@id\":\"https:\/\/willet50.com\/fr\/avis-juridique\/\",\"url\":\"https:\/\/willet50.com\/fr\/avis-juridique\/\",\"name\":\"Avis juridique - Willet\",\"isPartOf\":{\"@id\":\"https:\/\/willet50.com\/#website\"},\"datePublished\":\"2022-09-29T11:52:58+00:00\",\"dateModified\":\"2022-10-24T22:01:33+00:00\",\"breadcrumb\":{\"@id\":\"https:\/\/willet50.com\/fr\/avis-juridique\/#breadcrumb\"},\"inLanguage\":\"fr-FR\",\"potentialAction\":[{\"@type\":\"ReadAction\",\"target\":[\"https:\/\/willet50.com\/fr\/avis-juridique\/\"]}]},{\"@type\":\"BreadcrumbList\",\"@id\":\"https:\/\/willet50.com\/fr\/avis-juridique\/#breadcrumb\",\"itemListElement\":[{\"@type\":\"ListItem\",\"position\":1,\"name\":\"Portada\",\"item\":\"https:\/\/willet50.com\/fr\/\"},{\"@type\":\"ListItem\",\"position\":2,\"name\":\"Avis juridique\"}]},{\"@type\":\"WebSite\",\"@id\":\"https:\/\/willet50.com\/#website\",\"url\":\"https:\/\/willet50.com\/\",\"name\":\"Willet\",\"description\":\"Sp\u00e9cialistes dans l'application du zinc\",\"publisher\":{\"@id\":\"https:\/\/willet50.com\/#organization\"},\"potentialAction\":[{\"@type\":\"SearchAction\",\"target\":{\"@type\":\"EntryPoint\",\"urlTemplate\":\"https:\/\/willet50.com\/?s={search_term_string}\"},\"query-input\":\"required name=search_term_string\"}],\"inLanguage\":\"fr-FR\"},{\"@type\":\"Organization\",\"@id\":\"https:\/\/willet50.com\/#organization\",\"name\":\"Willet50\",\"url\":\"https:\/\/willet50.com\/\",\"logo\":{\"@type\":\"ImageObject\",\"inLanguage\":\"fr-FR\",\"@id\":\"https:\/\/willet50.com\/#\/schema\/logo\/image\/\",\"url\":\"https:\/\/willet50.com\/wp-content\/uploads\/2022\/09\/willet.svg\",\"contentUrl\":\"https:\/\/willet50.com\/wp-content\/uploads\/2022\/09\/willet.svg\",\"width\":\"1024\",\"height\":\"1024\",\"caption\":\"Willet50\"},\"image\":{\"@id\":\"https:\/\/willet50.com\/#\/schema\/logo\/image\/\"}}]}<\/script>\n<!-- \/ Yoast SEO plugin. -->","yoast_head_json":{"title":"Avis juridique - Willet","robots":{"index":"index","follow":"follow","max-snippet":"max-snippet:-1","max-image-preview":"max-image-preview:large","max-video-preview":"max-video-preview:-1"},"canonical":"https:\/\/willet50.com\/fr\/avis-juridique\/","og_locale":"fr_FR","og_type":"article","og_title":"Avis juridique - Willet","og_description":"Nous disposons d'une ligne de production exclusive, sp\u00e9cialement con\u00e7ue pour les pi\u00e8ces moul\u00e9es, unique dans la r\u00e9gion.Nous proposons des techniques sp\u00e9ciales pour l'\u00e9limination des r\u00e9sidus d'huile et de graisse des processus de fabrication pr\u00e9c\u00e9dents.Nous \u00e9liminons la salet\u00e9 et activons les surfaces des pi\u00e8ces \u00e0 usiner pour un zingage ult\u00e9rieur.Nous respectons rigoureusement toutes les normes de [&hellip;]","og_url":"https:\/\/willet50.com\/fr\/avis-juridique\/","og_site_name":"Willet","article_modified_time":"2022-10-24T22:01:33+00:00","og_image":[{"url":"https:\/\/willet50.com\/wp-content\/uploads\/2022\/10\/iso9001.png"}],"twitter_card":"summary_large_image","twitter_misc":{"Dur\u00e9e de lecture estim\u00e9e":"4 minutes"},"schema":{"@context":"https:\/\/schema.org","@graph":[{"@type":"WebPage","@id":"https:\/\/willet50.com\/fr\/avis-juridique\/","url":"https:\/\/willet50.com\/fr\/avis-juridique\/","name":"Avis juridique - Willet","isPartOf":{"@id":"https:\/\/willet50.com\/#website"},"datePublished":"2022-09-29T11:52:58+00:00","dateModified":"2022-10-24T22:01:33+00:00","breadcrumb":{"@id":"https:\/\/willet50.com\/fr\/avis-juridique\/#breadcrumb"},"inLanguage":"fr-FR","potentialAction":[{"@type":"ReadAction","target":["https:\/\/willet50.com\/fr\/avis-juridique\/"]}]},{"@type":"BreadcrumbList","@id":"https:\/\/willet50.com\/fr\/avis-juridique\/#breadcrumb","itemListElement":[{"@type":"ListItem","position":1,"name":"Portada","item":"https:\/\/willet50.com\/fr\/"},{"@type":"ListItem","position":2,"name":"Avis juridique"}]},{"@type":"WebSite","@id":"https:\/\/willet50.com\/#website","url":"https:\/\/willet50.com\/","name":"Willet","description":"Sp\u00e9cialistes dans l'application du zinc","publisher":{"@id":"https:\/\/willet50.com\/#organization"},"potentialAction":[{"@type":"SearchAction","target":{"@type":"EntryPoint","urlTemplate":"https:\/\/willet50.com\/?s={search_term_string}"},"query-input":"required name=search_term_string"}],"inLanguage":"fr-FR"},{"@type":"Organization","@id":"https:\/\/willet50.com\/#organization","name":"Willet50","url":"https:\/\/willet50.com\/","logo":{"@type":"ImageObject","inLanguage":"fr-FR","@id":"https:\/\/willet50.com\/#\/schema\/logo\/image\/","url":"https:\/\/willet50.com\/wp-content\/uploads\/2022\/09\/willet.svg","contentUrl":"https:\/\/willet50.com\/wp-content\/uploads\/2022\/09\/willet.svg","width":"1024","height":"1024","caption":"Willet50"},"image":{"@id":"https:\/\/willet50.com\/#\/schema\/logo\/image\/"}}]}},"_links":{"self":[{"href":"https:\/\/willet50.com\/fr\/wp-json\/wp\/v2\/pages\/913","targetHints":{"allow":["GET"]}}],"collection":[{"href":"https:\/\/willet50.com\/fr\/wp-json\/wp\/v2\/pages"}],"about":[{"href":"https:\/\/willet50.com\/fr\/wp-json\/wp\/v2\/types\/page"}],"author":[{"embeddable":true,"href":"https:\/\/willet50.com\/fr\/wp-json\/wp\/v2\/users\/1"}],"replies":[{"embeddable":true,"href":"https:\/\/willet50.com\/fr\/wp-json\/wp\/v2\/comments?post=913"}],"version-history":[{"count":3,"href":"https:\/\/willet50.com\/fr\/wp-json\/wp\/v2\/pages\/913\/revisions"}],"predecessor-version":[{"id":936,"href":"https:\/\/willet50.com\/fr\/wp-json\/wp\/v2\/pages\/913\/revisions\/936"}],"wp:attachment":[{"href":"https:\/\/willet50.com\/fr\/wp-json\/wp\/v2\/media?parent=913"}],"curies":[{"name":"wp","href":"https:\/\/api.w.org\/{rel}","templated":true}]}}