{"id":916,"date":"2022-09-29T13:53:14","date_gmt":"2022-09-29T11:53:14","guid":{"rendered":"https:\/\/willet50.com\/?page_id=916"},"modified":"2022-10-25T00:01:32","modified_gmt":"2022-10-24T22:01:32","slug":"politique-de-confidentialite","status":"publish","type":"page","link":"https:\/\/willet50.com\/fr\/politique-de-confidentialite\/","title":{"rendered":"Politique de confidentialit\u00e9"},"content":{"rendered":"<p>[et_pb_section fb_built=\u00a0\u00bb1&Prime; module_class=\u00a0\u00bbslider-inner\u00a0\u00bb _builder_version=\u00a0\u00bb4.18.0&Prime; _module_preset=\u00a0\u00bbdefault\u00a0\u00bb custom_padding=\u00a0\u00bb0px||0px||false|false\u00a0\u00bb locked=\u00a0\u00bboff\u00a0\u00bb global_colors_info=\u00a0\u00bb{}\u00a0\u00bb][et_pb_row _builder_version=\u00a0\u00bb4.18.0&Prime; _module_preset=\u00a0\u00bbdefault\u00a0\u00bb width=\u00a0\u00bb100%\u00a0\u00bb max_width=\u00a0\u00bb100%\u00a0\u00bb custom_padding=\u00a0\u00bb0px||0px||false|false\u00a0\u00bb global_colors_info=\u00a0\u00bb{}\u00a0\u00bb][et_pb_column type=\u00a0\u00bb4_4&Prime; _builder_version=\u00a0\u00bb4.18.0&Prime; _module_preset=\u00a0\u00bbdefault\u00a0\u00bb global_colors_info=\u00a0\u00bb{}\u00a0\u00bb][et_pb_slider admin_label=\u00a0\u00bbCarrusel FR\u00a0\u00bb module_class=\u00a0\u00bbhome-slider\u00a0\u00bb _builder_version=\u00a0\u00bb4.18.0&Prime; _module_preset=\u00a0\u00bbdefault\u00a0\u00bb auto=\u00a0\u00bbon\u00a0\u00bb hover_enabled=\u00a0\u00bb0&Prime; saved_tabs=\u00a0\u00bball\u00a0\u00bb global_colors_info=\u00a0\u00bb{}\u00a0\u00bb sticky_enabled=\u00a0\u00bb0&Prime; global_module=\u00a0\u00bb924&Prime; locked=\u00a0\u00bboff\u00a0\u00bb][et_pb_slide heading=\u00a0\u00bbDES SP\u00c9CIALISTES DE L&rsquo;APPLICATION DE ZINC ACIDE ET ZINC-NICKEL ACIDE\u00a0\u00bb button_text=\u00a0\u00bbSERVICES\u00a0\u00bb button_link=\u00a0\u00bbhttps:\/\/willet50.com\/fr\/services\/\u00a0\u00bb _builder_version=\u00a0\u00bb4.18.0&Prime; _module_preset=\u00a0\u00bbdefault\u00a0\u00bb background_enable_color=\u00a0\u00bboff\u00a0\u00bb background_image=\u00a0\u00bbhttps:\/\/willet50.com\/wp-content\/uploads\/2022\/09\/slider_1.jpg\u00a0\u00bb background_enable_image=\u00a0\u00bbon\u00a0\u00bb global_colors_info=\u00a0\u00bb{}\u00a0\u00bb sticky_transition=\u00a0\u00bbon\u00a0\u00bb locked=\u00a0\u00bboff\u00a0\u00bb]Nous disposons d&rsquo;une ligne de production exclusive, sp\u00e9cialement con\u00e7ue pour les pi\u00e8ces moul\u00e9es, unique dans la r\u00e9gion.[\/et_pb_slide][et_pb_slide heading=\u00a0\u00bbD\u00c9GRAISSAGE CHIMIQUE, CATHODIQUE ET ANODIQUE-\u00c9LECTROLYTIQUE\u00a0\u00bb button_text=\u00a0\u00bbSERVICES\u00a0\u00bb button_link=\u00a0\u00bbhttps:\/\/willet50.com\/fr\/services\/\u00a0\u00bb _builder_version=\u00a0\u00bb4.18.0&Prime; _module_preset=\u00a0\u00bbdefault\u00a0\u00bb background_enable_color=\u00a0\u00bboff\u00a0\u00bb background_image=\u00a0\u00bbhttps:\/\/willet50.com\/wp-content\/uploads\/2022\/09\/slider_2.jpg\u00a0\u00bb background_enable_image=\u00a0\u00bbon\u00a0\u00bb global_colors_info=\u00a0\u00bb{}\u00a0\u00bb sticky_transition=\u00a0\u00bbon\u00a0\u00bb locked=\u00a0\u00bboff\u00a0\u00bb]<\/p>\n<p>Nous proposons des techniques sp\u00e9ciales pour l&rsquo;\u00e9limination des r\u00e9sidus d&rsquo;huile et de graisse des processus de fabrication pr\u00e9c\u00e9dents.<\/p>\n<p>[\/et_pb_slide][et_pb_slide heading=\u00a0\u00bbD\u00c9CAPAGE DU CALCAIRE, DES IMPURET\u00c9S ET DE LA ROUILLE DES PI\u00c8CES\u00a0\u00bb button_text=\u00a0\u00bbSERVICES\u00a0\u00bb button_link=\u00a0\u00bbhttps:\/\/willet50.com\/fr\/services\/\u00a0\u00bb _builder_version=\u00a0\u00bb4.18.0&Prime; _module_preset=\u00a0\u00bbdefault\u00a0\u00bb background_enable_color=\u00a0\u00bboff\u00a0\u00bb background_image=\u00a0\u00bbhttps:\/\/willet50.com\/wp-content\/uploads\/2022\/09\/slider_3.jpg\u00a0\u00bb background_enable_image=\u00a0\u00bbon\u00a0\u00bb global_colors_info=\u00a0\u00bb{}\u00a0\u00bb sticky_transition=\u00a0\u00bbon\u00a0\u00bb locked=\u00a0\u00bboff\u00a0\u00bb]<\/p>\n<p>Nous \u00e9liminons la salet\u00e9 et activons les surfaces des pi\u00e8ces \u00e0 usiner pour un zingage ult\u00e9rieur.<\/p>\n<p>[\/et_pb_slide][et_pb_slide heading=\u00a0\u00bbCERTIFICATS ISO 9001 ET 14001&Prime; button_text=\u00a0\u00bbSOCI\u00c9T\u00c9\u00a0\u00bb button_link=\u00a0\u00bbhttps:\/\/willet50.com\/fr\/societe\/\u00a0\u00bb _builder_version=\u00a0\u00bb4.18.0&Prime; _module_preset=\u00a0\u00bbdefault\u00a0\u00bb background_enable_color=\u00a0\u00bboff\u00a0\u00bb background_image=\u00a0\u00bbhttps:\/\/willet50.com\/wp-content\/uploads\/2022\/09\/slider_4.jpg\u00a0\u00bb background_enable_image=\u00a0\u00bbon\u00a0\u00bb global_colors_info=\u00a0\u00bb{}\u00a0\u00bb sticky_transition=\u00a0\u00bbon\u00a0\u00bb locked=\u00a0\u00bboff\u00a0\u00bb]<\/p>\n<p>Nous respectons rigoureusement toutes les normes de qualit\u00e9 et d&rsquo;environnement.<\/p>\n<div class=\"img-wrap\"><img loading=\"lazy\" decoding=\"async\" class=\"wp-image-366 alignright size-full\" src=\"https:\/\/willet50.com\/wp-content\/uploads\/2022\/10\/iso9001.png\" alt=\"\" width=\"100\" height=\"100\" \/> <img loading=\"lazy\" decoding=\"async\" class=\"wp-image-370 alignnone size-medium\" src=\"https:\/\/willet50.com\/wp-content\/uploads\/2022\/10\/iso14001.png\" alt=\"\" width=\"100\" height=\"100\" \/><\/div>\n<p>[\/et_pb_slide][\/et_pb_slider][\/et_pb_column][\/et_pb_row][\/et_pb_section][et_pb_section fb_built=\u00a0\u00bb1&Prime; _builder_version=\u00a0\u00bb4.18.0&Prime; _module_preset=\u00a0\u00bbdefault\u00a0\u00bb locked=\u00a0\u00bboff\u00a0\u00bb global_colors_info=\u00a0\u00bb{}\u00a0\u00bb][et_pb_row _builder_version=\u00a0\u00bb4.18.0&Prime; _module_preset=\u00a0\u00bbdefault\u00a0\u00bb global_colors_info=\u00a0\u00bb{}\u00a0\u00bb][et_pb_column type=\u00a0\u00bb4_4&Prime; _builder_version=\u00a0\u00bb4.18.0&Prime; _module_preset=\u00a0\u00bbdefault\u00a0\u00bb global_colors_info=\u00a0\u00bb{}\u00a0\u00bb][et_pb_text module_class=\u00a0\u00bblegal\u00a0\u00bb _builder_version=\u00a0\u00bb4.18.0&Prime; _module_preset=\u00a0\u00bbdefault\u00a0\u00bb global_colors_info=\u00a0\u00bb{}\u00a0\u00bb]<\/p>\n<h1>POLITIQUE DE CONFIDENTIALIT\u00c9<\/h1>\n<h2>INFORMATIONS SUR LE TRAITEMENT DES DONN\u00c9ES PERSONNELLES<\/h2>\n<h3>\u00a0Qui est responsable de vos donn\u00e9es ?<\/h3>\n<p>Conform\u00e9ment aux dispositions de la loi organique 3\/2018, du 5 d\u00e9cembre, sur la protection des donn\u00e9es personnelles et la garantie des droits num\u00e9riques (LOPD) et du r\u00e8glement g\u00e9n\u00e9ral sur la protection des donn\u00e9es (RGPD) du 27 avril 2016, nous vous informons que les donn\u00e9es personnelles fournies seront trait\u00e9es par WILLET CINCUENTA, S.L. avec le code d&rsquo;identification fiscale B-83432930 et l&rsquo;adresse de Gudarien Etorbidea, 31 &#8211; 20140 ANDOAIN (Gipuzkoa).<\/p>\n<h3>Quels sont vos droits lorsque vous nous communiquez vos donn\u00e9es ?<\/h3>\n<p>Toute personne a le droit de demander l&rsquo;acc\u00e8s, la rectification, l&rsquo;effacement, la limitation du traitement, l&rsquo;opposition ou le droit \u00e0 la portabilit\u00e9 de ses donn\u00e9es personnelles, en nous \u00e9crivant \u00e0 l&rsquo;adresse de nos bureaux, ou en envoyant un e-mail \u00e0 x.korta@willet50.net, en indiquant le droit qu&rsquo;elle souhaite exercer.<\/p>\n<p>Vous avez \u00e9galement le droit de retirer votre consentement \u00e0 tout moment. Le retrait du consentement n&rsquo;affecte pas la lic\u00e9it\u00e9 du traitement effectu\u00e9 avant le retrait de ce consentement.<\/p>\n<p>Vous avez le droit d&rsquo;introduire une plainte aupr\u00e8s de l&rsquo;autorit\u00e9 de surveillance si vous estimez que vos droits concernant la protection de vos donn\u00e9es personnelles ont \u00e9t\u00e9 viol\u00e9s.<\/p>\n<h2>CLIENTS<\/h2>\n<h3>\u00a0\u00c0 quelles fins traitons-nous vos donn\u00e9es personnelles?<\/h3>\n<p>Les donn\u00e9es fournies par vous sont n\u00e9cessaires pour pouvoir vous offrir toutes les garanties du service demand\u00e9, et seront trait\u00e9es aux fins suivantes : gestion administrative, comptable et fiscale, gestion des relations commerciales et des transactions \u00e9conomiques, activit\u00e9s de marketing et de publicit\u00e9 en g\u00e9n\u00e9ral.<\/p>\n<h3>Combien de temps conservons-nous vos donn\u00e9es?<\/h3>\n<p>Les donn\u00e9es personnelles fournies seront conserv\u00e9es jusqu&rsquo;\u00e0 la fin de la relation contractuelle et ensuite pendant les p\u00e9riodes l\u00e9galement requises.<\/p>\n<h3>Quelle est la l\u00e9gitimit\u00e9 du traitement de vos donn\u00e9es?<\/h3>\n<p>La base juridique du traitement de vos donn\u00e9es est l&rsquo;ex\u00e9cution du contrat conclu avec nous.<\/p>\n<h3>A quels destinataires vos donn\u00e9es seront-elles communiqu\u00e9es?<\/h3>\n<p>Afin de remplir la finalit\u00e9 pr\u00e9vue, vos donn\u00e9es peuvent \u00eatre communiqu\u00e9es \u00e0 : Administration fiscale ; Banques, caisses d&rsquo;\u00e9pargne et banques rurales ; Administration publique comp\u00e9tente en la mati\u00e8re ; Entreprises de transport.<\/p>\n<h2>CONTACTS<\/h2>\n<h3>Dans quel but traitons-nous vos donn\u00e9es personnelles?<\/h3>\n<p>Les donn\u00e9es que vous nous fournissez sont n\u00e9cessaires afin de pouvoir vous fournir toutes les garanties du service demand\u00e9, et seront trait\u00e9es aux fins suivantes : gestion des communications et envoi de publicit\u00e9 et de prospection commerciale.<\/p>\n<h3>Combien de temps conservons-nous vos donn\u00e9es?<\/h3>\n<p>Les donn\u00e9es personnelles fournies seront conserv\u00e9es aussi longtemps qu&rsquo;il est pr\u00e9vu qu&rsquo;il soit n\u00e9cessaire de contacter la personne concern\u00e9e.<\/p>\n<h3>Quelle est la l\u00e9gitimit\u00e9 du traitement de vos donn\u00e9es?<\/h3>\n<p>La base juridique du traitement de vos donn\u00e9es est le consentement de la personne concern\u00e9e par la fourniture de vos coordonn\u00e9es.<\/p>\n<h3>A quels destinataires vos donn\u00e9es seront-elles communiqu\u00e9es?<\/h3>\n<p>Vos donn\u00e9es ne seront pas transmises \u00e0 des tiers, sauf en cas d&rsquo;obligation l\u00e9gale.<\/p>\n<p>[\/et_pb_text][\/et_pb_column][\/et_pb_row][\/et_pb_section]<\/p>\n","protected":false},"excerpt":{"rendered":"<p>Nous disposons d&rsquo;une ligne de production exclusive, sp\u00e9cialement con\u00e7ue pour les pi\u00e8ces moul\u00e9es, unique dans la r\u00e9gion.Nous proposons des techniques sp\u00e9ciales pour l&rsquo;\u00e9limination des r\u00e9sidus d&rsquo;huile et de graisse des processus de fabrication pr\u00e9c\u00e9dents.Nous \u00e9liminons la salet\u00e9 et activons les surfaces des pi\u00e8ces \u00e0 usiner pour un zingage ult\u00e9rieur.Nous respectons rigoureusement toutes les normes de [&hellip;]<\/p>\n","protected":false},"author":1,"featured_media":0,"parent":0,"menu_order":110,"comment_status":"closed","ping_status":"closed","template":"","meta":{"_et_pb_use_builder":"on","_et_pb_old_content":"<p>[et_pb_section fb_built=\"1\" module_class=\"slider-inner\" _builder_version=\"4.18.0\" _module_preset=\"default\" custom_padding=\"0px||0px||false|false\" locked=\"off\" global_colors_info=\"{}\" theme_builder_area=\"post_content\"][et_pb_row _builder_version=\"4.18.0\" _module_preset=\"default\" width=\"100%\" max_width=\"100%\" custom_padding=\"0px||0px||false|false\" global_colors_info=\"{}\" theme_builder_area=\"post_content\"][et_pb_column type=\"4_4\" _builder_version=\"4.18.0\" _module_preset=\"default\" global_colors_info=\"{}\" theme_builder_area=\"post_content\"][et_pb_slider _builder_version=\"4.18.0\" _module_preset=\"default\" global_colors_info=\"{}\" theme_builder_area=\"post_content\"][et_pb_slide heading=\"ESPECIALISTAS EN LA APLICACI\u00d3N DE ZINC \u00c1CIDO Y ZINC-NIQUEL \u00c1CIDO\" button_text=\"SERVICIOS\" _builder_version=\"4.18.0\" _module_preset=\"default\" background_enable_color=\"off\" background_image=\"https:\/\/willet50.com\/wp-content\/uploads\/2022\/09\/slider_1.jpg\" background_enable_image=\"on\" global_colors_info=\"{}\" sticky_transition=\"on\" theme_builder_area=\"post_content\"]<\/p><p>Disponemos de una exclusiva l\u00ednea de producci\u00f3n, especial para piezas en fundici\u00f3n, \u00fanica en la zona.<\/p><p>[\/et_pb_slide][et_pb_slide heading=\"DESENGRASE QU\u00cdMICO, CAT\u00d3DICO Y ELECTROL\u00cdTICO-AN\u00d3DICO\" button_text=\"SERVICIOS\" _builder_version=\"4.18.0\" _module_preset=\"default\" background_enable_color=\"off\" background_image=\"https:\/\/willet50.com\/wp-content\/uploads\/2022\/09\/slider_2.jpg\" background_enable_image=\"on\" global_colors_info=\"{}\" sticky_transition=\"on\" theme_builder_area=\"post_content\"]<\/p><p>Ofrecemos t\u00e9cnicas especiales para eliminar los residuos de aceites y grasas<br \/>procedentes de procesos de fabricaci\u00f3n anteriores.<\/p><p>[\/et_pb_slide][et_pb_slide heading=\"DECAPADO DE CASCARILLAS, IMPUREZAS Y \u00d3XIDO DE LAS PIEZAS\" button_text=\"SERVICIOS\" _builder_version=\"4.18.0\" _module_preset=\"default\" background_enable_color=\"off\" background_image=\"https:\/\/willet50.com\/wp-content\/uploads\/2022\/09\/slider_3.jpg\" background_enable_image=\"on\" global_colors_info=\"{}\" sticky_transition=\"on\" theme_builder_area=\"post_content\"]<\/p><p>Eliminamos suciedades y activamos las superficies de las piezas para el zincado posterior.<\/p><p>[\/et_pb_slide][et_pb_slide heading=\"CERTIFICADOS ISO 9001 Y 14001\" button_text=\"EMPRESA\" _builder_version=\"4.18.0\" _module_preset=\"default\" background_enable_color=\"off\" background_image=\"https:\/\/willet50.com\/wp-content\/uploads\/2022\/09\/slider_4.jpg\" background_enable_image=\"on\" global_colors_info=\"{}\" sticky_transition=\"on\" theme_builder_area=\"post_content\"]<\/p><p>Cumplimos rigurosamente todos los est\u00e1ndares de calidad y medioambientales.<\/p><p>[\/et_pb_slide][\/et_pb_slider][\/et_pb_column][\/et_pb_row][\/et_pb_section][et_pb_section fb_built=\"1\" _builder_version=\"4.18.0\" _module_preset=\"default\" global_colors_info=\"{}\" locked=\"off\" theme_builder_area=\"post_content\"][et_pb_row _builder_version=\"4.18.0\" _module_preset=\"default\" global_colors_info=\"{}\" theme_builder_area=\"post_content\"][et_pb_column type=\"4_4\" _builder_version=\"4.18.0\" _module_preset=\"default\" global_colors_info=\"{}\" theme_builder_area=\"post_content\"][et_pb_text module_class=\"legal\" _builder_version=\"4.18.0\" _module_preset=\"default\" hover_enabled=\"0\" global_colors_info=\"{}\" theme_builder_area=\"post_content\" sticky_enabled=\"0\"]<\/p><h1>POL\u00cdTICA DE PRIVACIDAD<\/h1><h2>INFORMACION SOBRE EL TRATAMIENTO DE DATOS PERSONALES<\/h2><h3>\u00a0\u00bfQui\u00e9n es el responsable de sus datos?<\/h3><p>De acuerdo con lo establecido por la Ley Org\u00e1nica 3\/2018, de 5 de diciembre, de Protecci\u00f3n de Datos Personales y garant\u00eda de los derechos digitales (LOPD) y el Reglamento General de Protecci\u00f3n de Datos (RGPD) de 27 de Abril de 2016, le informamos que los datos personales aportados ser\u00e1n tratados por WILLET CINCUENTA, S.L. con CIF B-83432930 y domicilio en Gudarien Etorbidea, 31 \u2013 20140 ANDOAIN (Gipuzkoa).<\/p><h3>\u00bfCu\u00e1les son sus derechos cuando nos facilita sus datos?<\/h3><p>Cualquier persona tiene derecho a solicitar el acceso, rectificaci\u00f3n, supresi\u00f3n, limitaci\u00f3n del tratamiento, oposici\u00f3n o derecho a la portabilidad de sus datos personales, escribi\u00e9ndonos a la direcci\u00f3n de nuestras oficinas, o enviando un correo electr\u00f3nico a x.korta@willet50.net, indicando el derecho que desea ejercer.<\/p><p>Tendr\u00e1 derecho igualmente a retirar el consentimiento prestado en cualquier momento. La retirada del consentimiento no afectar\u00e1 a la licitud del tratamiento efectuado antes de la retirada de dicho consentimiento.<\/p><p>Tiene derecho a presentar una reclamaci\u00f3n ante la autoridad de control si considera que pueden haber sido vulnerados sus derechos en lo concerniente a la protecci\u00f3n de sus datos personales.<\/p><h2>CLIENTES<\/h2><h3>\u00a0\u00bfCon qu\u00e9 finalidad tratamos sus datos personales?<\/h3><p>Los datos aportados por usted son necesarios para poder prestarle con todas las garant\u00edas el servicio solicitado, y ser\u00e1n tratados con las siguientes finalidades: Gesti\u00f3n administrativa, contable y fiscal, gesti\u00f3n de las relaciones comerciales y transacciones econ\u00f3micas, acciones de marketing y publicidad en general.<\/p><h3>\u00bfPor cu\u00e1nto tiempo conservaremos sus datos?<\/h3><p>Los datos personales proporcionados se conservar\u00e1n hasta la finalizaci\u00f3n de la relaci\u00f3n contractual y, posteriormente, durante los plazos legalmente exigidos.<\/p><h3>\u00bfCu\u00e1l es la legitimaci\u00f3n para el tratamiento de sus datos?<\/h3><p>La base legal para el tratamiento de sus datos es la ejecuci\u00f3n del contrato suscrito con nosotros.<\/p><h3>\u00bfA qu\u00e9 destinatarios se comunicar\u00e1n sus datos?<\/h3><p>Para cumplir con la finalidad prevista, sus datos podr\u00e1n ser comunicados a: Administraci\u00f3n tributaria; Bancos, cajas de ahorros y cajas rurales; Administraci\u00f3n p\u00fablica con competencia en la materia; Empresas de transporte.<\/p><h2>CONTACTOS<\/h2><h3>\u00bfCon qu\u00e9 finalidad tratamos sus datos personales?<\/h3><p>Los datos aportados por usted son necesarios para poder prestarle con todas las garant\u00edas el servicio solicitado, y ser\u00e1n tratados con las siguientes finalidades: Gesti\u00f3n de las comunicaciones y env\u00edo de publicidad y prospecci\u00f3n comercial.<\/p><h3>\u00bfPor cu\u00e1nto tiempo conservaremos sus datos?<\/h3><p>Los datos personales proporcionados se conservar\u00e1n mientras se prevea que pueden ser necesarios para contactar con el interesado.<\/p><h3>\u00bfCu\u00e1l es la legitimaci\u00f3n para el tratamiento de sus datos?<\/h3><p>La base legal para el tratamiento de sus datos es el consentimiento del interesado al proporcionar sus datos de contacto.<\/p><h3>\u00bfA qu\u00e9 destinatarios se comunicar\u00e1n sus datos?<\/h3><p>Sus datos no se ceder\u00e1n a terceros salvo obligaci\u00f3n legal.<\/p><p>[\/et_pb_text][\/et_pb_column][\/et_pb_row][\/et_pb_section]<\/p>","_et_gb_content_width":"","inline_featured_image":false,"footnotes":""},"class_list":["post-916","page","type-page","status-publish","hentry"],"acf":[],"yoast_head":"<!-- This site is optimized with the Yoast SEO plugin v19.10 - https:\/\/yoast.com\/wordpress\/plugins\/seo\/ -->\n<title>Politique de confidentialit\u00e9 - Willet<\/title>\n<meta name=\"robots\" content=\"index, follow, max-snippet:-1, max-image-preview:large, max-video-preview:-1\" \/>\n<link rel=\"canonical\" href=\"https:\/\/willet50.com\/fr\/politique-de-confidentialite\/\" \/>\n<meta property=\"og:locale\" content=\"fr_FR\" \/>\n<meta property=\"og:type\" content=\"article\" \/>\n<meta property=\"og:title\" content=\"Politique de confidentialit\u00e9 - Willet\" \/>\n<meta property=\"og:description\" content=\"Nous disposons d&#039;une ligne de production exclusive, sp\u00e9cialement con\u00e7ue pour les pi\u00e8ces moul\u00e9es, unique dans la r\u00e9gion.Nous proposons des techniques sp\u00e9ciales pour l&#039;\u00e9limination des r\u00e9sidus d&#039;huile et de graisse des processus de fabrication pr\u00e9c\u00e9dents.Nous \u00e9liminons la salet\u00e9 et activons les surfaces des pi\u00e8ces \u00e0 usiner pour un zingage ult\u00e9rieur.Nous respectons rigoureusement toutes les normes de [&hellip;]\" \/>\n<meta property=\"og:url\" content=\"https:\/\/willet50.com\/fr\/politique-de-confidentialite\/\" \/>\n<meta property=\"og:site_name\" content=\"Willet\" \/>\n<meta property=\"article:modified_time\" content=\"2022-10-24T22:01:32+00:00\" \/>\n<meta property=\"og:image\" content=\"https:\/\/willet50.com\/wp-content\/uploads\/2022\/10\/iso9001.png\" \/>\n<meta name=\"twitter:card\" content=\"summary_large_image\" \/>\n<meta name=\"twitter:label1\" content=\"Dur\u00e9e de lecture estim\u00e9e\" \/>\n\t<meta name=\"twitter:data1\" content=\"5 minutes\" \/>\n<script type=\"application\/ld+json\" class=\"yoast-schema-graph\">{\"@context\":\"https:\/\/schema.org\",\"@graph\":[{\"@type\":\"WebPage\",\"@id\":\"https:\/\/willet50.com\/fr\/politique-de-confidentialite\/\",\"url\":\"https:\/\/willet50.com\/fr\/politique-de-confidentialite\/\",\"name\":\"Politique de confidentialit\u00e9 - Willet\",\"isPartOf\":{\"@id\":\"https:\/\/willet50.com\/#website\"},\"datePublished\":\"2022-09-29T11:53:14+00:00\",\"dateModified\":\"2022-10-24T22:01:32+00:00\",\"breadcrumb\":{\"@id\":\"https:\/\/willet50.com\/fr\/politique-de-confidentialite\/#breadcrumb\"},\"inLanguage\":\"fr-FR\",\"potentialAction\":[{\"@type\":\"ReadAction\",\"target\":[\"https:\/\/willet50.com\/fr\/politique-de-confidentialite\/\"]}]},{\"@type\":\"BreadcrumbList\",\"@id\":\"https:\/\/willet50.com\/fr\/politique-de-confidentialite\/#breadcrumb\",\"itemListElement\":[{\"@type\":\"ListItem\",\"position\":1,\"name\":\"Portada\",\"item\":\"https:\/\/willet50.com\/fr\/\"},{\"@type\":\"ListItem\",\"position\":2,\"name\":\"Politique de confidentialit\u00e9\"}]},{\"@type\":\"WebSite\",\"@id\":\"https:\/\/willet50.com\/#website\",\"url\":\"https:\/\/willet50.com\/\",\"name\":\"Willet\",\"description\":\"Sp\u00e9cialistes dans l'application du zinc\",\"publisher\":{\"@id\":\"https:\/\/willet50.com\/#organization\"},\"potentialAction\":[{\"@type\":\"SearchAction\",\"target\":{\"@type\":\"EntryPoint\",\"urlTemplate\":\"https:\/\/willet50.com\/?s={search_term_string}\"},\"query-input\":\"required name=search_term_string\"}],\"inLanguage\":\"fr-FR\"},{\"@type\":\"Organization\",\"@id\":\"https:\/\/willet50.com\/#organization\",\"name\":\"Willet50\",\"url\":\"https:\/\/willet50.com\/\",\"logo\":{\"@type\":\"ImageObject\",\"inLanguage\":\"fr-FR\",\"@id\":\"https:\/\/willet50.com\/#\/schema\/logo\/image\/\",\"url\":\"https:\/\/willet50.com\/wp-content\/uploads\/2022\/09\/willet.svg\",\"contentUrl\":\"https:\/\/willet50.com\/wp-content\/uploads\/2022\/09\/willet.svg\",\"width\":\"1024\",\"height\":\"1024\",\"caption\":\"Willet50\"},\"image\":{\"@id\":\"https:\/\/willet50.com\/#\/schema\/logo\/image\/\"}}]}<\/script>\n<!-- \/ Yoast SEO plugin. -->","yoast_head_json":{"title":"Politique de confidentialit\u00e9 - Willet","robots":{"index":"index","follow":"follow","max-snippet":"max-snippet:-1","max-image-preview":"max-image-preview:large","max-video-preview":"max-video-preview:-1"},"canonical":"https:\/\/willet50.com\/fr\/politique-de-confidentialite\/","og_locale":"fr_FR","og_type":"article","og_title":"Politique de confidentialit\u00e9 - Willet","og_description":"Nous disposons d'une ligne de production exclusive, sp\u00e9cialement con\u00e7ue pour les pi\u00e8ces moul\u00e9es, unique dans la r\u00e9gion.Nous proposons des techniques sp\u00e9ciales pour l'\u00e9limination des r\u00e9sidus d'huile et de graisse des processus de fabrication pr\u00e9c\u00e9dents.Nous \u00e9liminons la salet\u00e9 et activons les surfaces des pi\u00e8ces \u00e0 usiner pour un zingage ult\u00e9rieur.Nous respectons rigoureusement toutes les normes de [&hellip;]","og_url":"https:\/\/willet50.com\/fr\/politique-de-confidentialite\/","og_site_name":"Willet","article_modified_time":"2022-10-24T22:01:32+00:00","og_image":[{"url":"https:\/\/willet50.com\/wp-content\/uploads\/2022\/10\/iso9001.png"}],"twitter_card":"summary_large_image","twitter_misc":{"Dur\u00e9e de lecture estim\u00e9e":"5 minutes"},"schema":{"@context":"https:\/\/schema.org","@graph":[{"@type":"WebPage","@id":"https:\/\/willet50.com\/fr\/politique-de-confidentialite\/","url":"https:\/\/willet50.com\/fr\/politique-de-confidentialite\/","name":"Politique de confidentialit\u00e9 - Willet","isPartOf":{"@id":"https:\/\/willet50.com\/#website"},"datePublished":"2022-09-29T11:53:14+00:00","dateModified":"2022-10-24T22:01:32+00:00","breadcrumb":{"@id":"https:\/\/willet50.com\/fr\/politique-de-confidentialite\/#breadcrumb"},"inLanguage":"fr-FR","potentialAction":[{"@type":"ReadAction","target":["https:\/\/willet50.com\/fr\/politique-de-confidentialite\/"]}]},{"@type":"BreadcrumbList","@id":"https:\/\/willet50.com\/fr\/politique-de-confidentialite\/#breadcrumb","itemListElement":[{"@type":"ListItem","position":1,"name":"Portada","item":"https:\/\/willet50.com\/fr\/"},{"@type":"ListItem","position":2,"name":"Politique de confidentialit\u00e9"}]},{"@type":"WebSite","@id":"https:\/\/willet50.com\/#website","url":"https:\/\/willet50.com\/","name":"Willet","description":"Sp\u00e9cialistes dans l'application du zinc","publisher":{"@id":"https:\/\/willet50.com\/#organization"},"potentialAction":[{"@type":"SearchAction","target":{"@type":"EntryPoint","urlTemplate":"https:\/\/willet50.com\/?s={search_term_string}"},"query-input":"required name=search_term_string"}],"inLanguage":"fr-FR"},{"@type":"Organization","@id":"https:\/\/willet50.com\/#organization","name":"Willet50","url":"https:\/\/willet50.com\/","logo":{"@type":"ImageObject","inLanguage":"fr-FR","@id":"https:\/\/willet50.com\/#\/schema\/logo\/image\/","url":"https:\/\/willet50.com\/wp-content\/uploads\/2022\/09\/willet.svg","contentUrl":"https:\/\/willet50.com\/wp-content\/uploads\/2022\/09\/willet.svg","width":"1024","height":"1024","caption":"Willet50"},"image":{"@id":"https:\/\/willet50.com\/#\/schema\/logo\/image\/"}}]}},"_links":{"self":[{"href":"https:\/\/willet50.com\/fr\/wp-json\/wp\/v2\/pages\/916","targetHints":{"allow":["GET"]}}],"collection":[{"href":"https:\/\/willet50.com\/fr\/wp-json\/wp\/v2\/pages"}],"about":[{"href":"https:\/\/willet50.com\/fr\/wp-json\/wp\/v2\/types\/page"}],"author":[{"embeddable":true,"href":"https:\/\/willet50.com\/fr\/wp-json\/wp\/v2\/users\/1"}],"replies":[{"embeddable":true,"href":"https:\/\/willet50.com\/fr\/wp-json\/wp\/v2\/comments?post=916"}],"version-history":[{"count":3,"href":"https:\/\/willet50.com\/fr\/wp-json\/wp\/v2\/pages\/916\/revisions"}],"predecessor-version":[{"id":935,"href":"https:\/\/willet50.com\/fr\/wp-json\/wp\/v2\/pages\/916\/revisions\/935"}],"wp:attachment":[{"href":"https:\/\/willet50.com\/fr\/wp-json\/wp\/v2\/media?parent=916"}],"curies":[{"name":"wp","href":"https:\/\/api.w.org\/{rel}","templated":true}]}}